{"id":64810,"date":"2025-03-21T13:55:22","date_gmt":"2025-03-21T12:55:22","guid":{"rendered":"https:\/\/lit.lukasiewicz.gov.pl\/angebot\/kennzeichen-der-konformitat\/"},"modified":"2026-04-03T11:32:17","modified_gmt":"2026-04-03T09:32:17","slug":"kennzeichen-der-konformitat","status":"publish","type":"page","link":"https:\/\/lit.lukasiewicz.gov.pl\/de\/angebot\/kennzeichen-der-konformitat\/","title":{"rendered":"Kennzeichen der Konformit\u00e4t"},"content":{"rendered":"\t\t<div data-elementor-type=\"wp-page\" data-elementor-id=\"64810\" class=\"elementor elementor-64810 elementor-51786\" data-elementor-post-type=\"page\">\n\t\t\t\t\t\t<section class=\"elementor-section elementor-top-section elementor-element elementor-element-150cbc11 elementor-section-content-bottom elementor-section-boxed elementor-section-height-default elementor-section-height-default\" data-id=\"150cbc11\" data-element_type=\"section\" data-e-type=\"section\" data-settings=\"{&quot;background_background&quot;:&quot;classic&quot;}\">\n\t\t\t\t\t\t<div class=\"elementor-container elementor-column-gap-default\">\n\t\t\t\t\t<div class=\"elementor-column elementor-col-100 elementor-top-column elementor-element elementor-element-6a614557\" data-id=\"6a614557\" data-element_type=\"column\" data-e-type=\"column\">\n\t\t\t<div class=\"elementor-widget-wrap elementor-element-populated\">\n\t\t\t\t\t\t<div class=\"elementor-element elementor-element-6c41047f elementor-widget elementor-widget-heading\" data-id=\"6c41047f\" data-element_type=\"widget\" data-e-type=\"widget\" data-widget_type=\"heading.default\">\n\t\t\t\t<div class=\"elementor-widget-container\">\n\t\t\t\t\t<h1 class=\"elementor-heading-title elementor-size-default\">Kennzeichen der Konformit\u00e4t<\/h1>\t\t\t\t<\/div>\n\t\t\t\t<\/div>\n\t\t\t\t\t<\/div>\n\t\t<\/div>\n\t\t\t\t\t<\/div>\n\t\t<\/section>\n\t\t\t\t<section class=\"elementor-section elementor-top-section elementor-element elementor-element-3ea81e40 elementor-section-boxed elementor-section-height-default elementor-section-height-default\" data-id=\"3ea81e40\" data-element_type=\"section\" data-e-type=\"section\" data-settings=\"{&quot;background_background&quot;:&quot;classic&quot;}\">\n\t\t\t\t\t\t<div class=\"elementor-container elementor-column-gap-default\">\n\t\t\t\t\t<div class=\"elementor-column elementor-col-100 elementor-top-column elementor-element elementor-element-a7ce551\" data-id=\"a7ce551\" data-element_type=\"column\" data-e-type=\"column\">\n\t\t\t<div class=\"elementor-widget-wrap elementor-element-populated\">\n\t\t\t\t\t\t<div class=\"elementor-element elementor-element-266e3cdb elementor-hidden-mobile elementor-widget elementor-widget-eael-breadcrumbs\" data-id=\"266e3cdb\" data-element_type=\"widget\" data-e-type=\"widget\" data-widget_type=\"eael-breadcrumbs.default\">\n\t\t\t\t<div class=\"elementor-widget-container\">\n\t\t\t\t\t\t\t<div class=\"eael-breadcrumbs\">\n\t\t\t<div class=\"eael-breadcrumbs__content\"><a href=\"https:\/\/lit.lukasiewicz.gov.pl\/de\/\">Strona g\u0142\u00f3wna<\/a> <span class=\"eael-breadcrumb-separator\">&gt;<\/span> <span class = \"eael-current\">Seite<\/span><\/div>\t\t<\/div>\n\t\t\t\t\t\t<\/div>\n\t\t\t\t<\/div>\n\t\t\t\t\t<\/div>\n\t\t<\/div>\n\t\t\t\t\t<\/div>\n\t\t<\/section>\n\t\t\t\t<section class=\"elementor-section elementor-top-section elementor-element elementor-element-898b7cd elementor-section-boxed elementor-section-height-default elementor-section-height-default\" data-id=\"898b7cd\" data-element_type=\"section\" data-e-type=\"section\" data-settings=\"{&quot;background_background&quot;:&quot;classic&quot;}\">\n\t\t\t\t\t\t<div class=\"elementor-container elementor-column-gap-default\">\n\t\t\t\t\t<div class=\"elementor-column elementor-col-100 elementor-top-column elementor-element elementor-element-0e5ce13\" data-id=\"0e5ce13\" data-element_type=\"column\" data-e-type=\"column\">\n\t\t\t<div class=\"elementor-widget-wrap elementor-element-populated\">\n\t\t\t\t\t\t<section class=\"elementor-section elementor-inner-section elementor-element elementor-element-05c7f56 elementor-section-boxed elementor-section-height-default elementor-section-height-default\" data-id=\"05c7f56\" data-element_type=\"section\" data-e-type=\"section\" data-settings=\"{&quot;background_background&quot;:&quot;classic&quot;}\">\n\t\t\t\t\t\t<div class=\"elementor-container elementor-column-gap-no\">\n\t\t\t\t\t<div class=\"elementor-column elementor-col-16 elementor-inner-column elementor-element elementor-element-aef28b1\" data-id=\"aef28b1\" data-element_type=\"column\" data-e-type=\"column\" data-settings=\"{&quot;background_background&quot;:&quot;classic&quot;}\">\n\t\t\t<div class=\"elementor-widget-wrap\">\n\t\t\t\t\t\t\t<\/div>\n\t\t<\/div>\n\t\t\t\t<div class=\"elementor-column elementor-col-16 elementor-inner-column elementor-element elementor-element-f6cc904\" data-id=\"f6cc904\" data-element_type=\"column\" data-e-type=\"column\" data-settings=\"{&quot;background_background&quot;:&quot;classic&quot;}\">\n\t\t\t<div class=\"elementor-widget-wrap elementor-element-populated\">\n\t\t\t\t\t\t<div class=\"elementor-element elementor-element-5115e8d elementor-position-top elementor-widget elementor-widget-image-box\" data-id=\"5115e8d\" data-element_type=\"widget\" data-e-type=\"widget\" data-widget_type=\"image-box.default\">\n\t\t\t\t<div class=\"elementor-widget-container\">\n\t\t\t\t\t<div class=\"elementor-image-box-wrapper\"><figure class=\"elementor-image-box-img\"><a href=\"https:\/\/lit.lukasiewicz.gov.pl\/zdrowa-stopa\" tabindex=\"-1\"><img alt=\"\" decoding=\"async\" width=\"132\" height=\"150\" src=\"https:\/\/lit.lukasiewicz.gov.pl\/wp-content\/uploads\/sites\/39\/2025\/07\/Zdrowa-Stopa-1.png\" class=\"attachment-full size-full wp-image-64807\" alt=\"\" srcset=\"https:\/\/lit.lukasiewicz.gov.pl\/wp-content\/uploads\/sites\/39\/2025\/07\/Zdrowa-Stopa-1.png 132w, https:\/\/lit.lukasiewicz.gov.pl\/wp-content\/uploads\/sites\/39\/2025\/07\/Zdrowa-Stopa-1-21x24.png 21w, https:\/\/lit.lukasiewicz.gov.pl\/wp-content\/uploads\/sites\/39\/2025\/07\/Zdrowa-Stopa-1-32x36.png 32w, https:\/\/lit.lukasiewicz.gov.pl\/wp-content\/uploads\/sites\/39\/2025\/07\/Zdrowa-Stopa-1-42x48.png 42w\" sizes=\"(max-width: 132px) 100vw, 132px\" \/><\/a><\/figure><div class=\"elementor-image-box-content\"><h3 class=\"elementor-image-box-title\"><a href=\"https:\/\/lit.lukasiewicz.gov.pl\/zdrowa-stopa\">ZDROWA STOPA<\/a><\/h3><\/div><\/div>\t\t\t\t<\/div>\n\t\t\t\t<\/div>\n\t\t\t\t\t<\/div>\n\t\t<\/div>\n\t\t\t\t<div class=\"elementor-column elementor-col-16 elementor-inner-column elementor-element elementor-element-285cf54\" data-id=\"285cf54\" data-element_type=\"column\" data-e-type=\"column\" data-settings=\"{&quot;background_background&quot;:&quot;classic&quot;}\">\n\t\t\t<div class=\"elementor-widget-wrap elementor-element-populated\">\n\t\t\t\t\t\t<div class=\"elementor-element elementor-element-d799bfc elementor-position-top elementor-widget elementor-widget-image-box\" data-id=\"d799bfc\" data-element_type=\"widget\" data-e-type=\"widget\" data-widget_type=\"image-box.default\">\n\t\t\t\t<div class=\"elementor-widget-container\">\n\t\t\t\t\t<div class=\"elementor-image-box-wrapper\"><figure class=\"elementor-image-box-img\"><a href=\"https:\/\/lit.lukasiewicz.gov.pl\/de\/angebot\/kennzeichen-der-konformitat\/sicher-fur-das-kind\/\" tabindex=\"-1\"><img decoding=\"async\" src=\"https:\/\/lit.lukasiewicz.gov.pl\/wp-content\/uploads\/sites\/39\/2025\/03\/BDD-300x300-1.png\" title=\"\" alt=\"\" loading=\"lazy\" \/><\/a><\/figure><div class=\"elementor-image-box-content\"><h3 class=\"elementor-image-box-title\"><a href=\"https:\/\/lit.lukasiewicz.gov.pl\/de\/angebot\/kennzeichen-der-konformitat\/sicher-fur-das-kind\/\">BEZPIECZNY DLA DZIECKA<\/a><\/h3><\/div><\/div>\t\t\t\t<\/div>\n\t\t\t\t<\/div>\n\t\t\t\t\t<\/div>\n\t\t<\/div>\n\t\t\t\t<div class=\"elementor-column elementor-col-16 elementor-inner-column elementor-element elementor-element-ec3d56a\" data-id=\"ec3d56a\" data-element_type=\"column\" data-e-type=\"column\" data-settings=\"{&quot;background_background&quot;:&quot;classic&quot;}\">\n\t\t\t<div class=\"elementor-widget-wrap elementor-element-populated\">\n\t\t\t\t\t\t<div class=\"elementor-element elementor-element-7acc3b9 elementor-position-top elementor-widget elementor-widget-image-box\" data-id=\"7acc3b9\" data-element_type=\"widget\" data-e-type=\"widget\" data-widget_type=\"image-box.default\">\n\t\t\t\t<div class=\"elementor-widget-container\">\n\t\t\t\t\t<div class=\"elementor-image-box-wrapper\"><figure class=\"elementor-image-box-img\"><a href=\"https:\/\/lit.lukasiewicz.gov.pl\/de\/sicher-fur-kleinkinder\/\" tabindex=\"-1\"><img decoding=\"async\" src=\"https:\/\/lit.lukasiewicz.gov.pl\/wp-content\/uploads\/sites\/39\/2025\/03\/BDN-300x300-1.png\" title=\"\" alt=\"\" loading=\"lazy\" \/><\/a><\/figure><div class=\"elementor-image-box-content\"><h3 class=\"elementor-image-box-title\"><a href=\"https:\/\/lit.lukasiewicz.gov.pl\/de\/sicher-fur-kleinkinder\/\">BEZPIECZNY DLA NIEMOWL\u0104T<\/a><\/h3><\/div><\/div>\t\t\t\t<\/div>\n\t\t\t\t<\/div>\n\t\t\t\t\t<\/div>\n\t\t<\/div>\n\t\t\t\t<div class=\"elementor-column elementor-col-16 elementor-inner-column elementor-element elementor-element-5ef055a\" data-id=\"5ef055a\" data-element_type=\"column\" data-e-type=\"column\" data-settings=\"{&quot;background_background&quot;:&quot;classic&quot;}\">\n\t\t\t<div class=\"elementor-widget-wrap elementor-element-populated\">\n\t\t\t\t\t\t<div class=\"elementor-element elementor-element-6d777da elementor-position-top elementor-widget elementor-widget-image-box\" data-id=\"6d777da\" data-element_type=\"widget\" data-e-type=\"widget\" data-widget_type=\"image-box.default\">\n\t\t\t\t<div class=\"elementor-widget-container\">\n\t\t\t\t\t<div class=\"elementor-image-box-wrapper\"><figure class=\"elementor-image-box-img\"><a href=\"https:\/\/lit.lukasiewicz.gov.pl\/oferta\/znaki-zgodnosci\/przyjazny-dla-czlowieka\/\" tabindex=\"-1\"><img decoding=\"async\" src=\"https:\/\/lit.lukasiewicz.gov.pl\/wp-content\/uploads\/sites\/39\/2025\/03\/PDC-297x300-1.png\" title=\"\" alt=\"\" loading=\"lazy\" \/><\/a><\/figure><div class=\"elementor-image-box-content\"><h3 class=\"elementor-image-box-title\"><a href=\"https:\/\/lit.lukasiewicz.gov.pl\/oferta\/znaki-zgodnosci\/przyjazny-dla-czlowieka\/\">PRZYJAZNY DLA CZ\u0141OWIEKA<\/a><\/h3><\/div><\/div>\t\t\t\t<\/div>\n\t\t\t\t<\/div>\n\t\t\t\t\t<\/div>\n\t\t<\/div>\n\t\t\t\t<div class=\"elementor-column elementor-col-16 elementor-inner-column elementor-element elementor-element-4f0e6a8\" data-id=\"4f0e6a8\" data-element_type=\"column\" data-e-type=\"column\" data-settings=\"{&quot;background_background&quot;:&quot;classic&quot;}\">\n\t\t\t<div class=\"elementor-widget-wrap\">\n\t\t\t\t\t\t\t<\/div>\n\t\t<\/div>\n\t\t\t\t\t<\/div>\n\t\t<\/section>\n\t\t\t\t<section class=\"elementor-section elementor-inner-section elementor-element elementor-element-eda4eef elementor-section-boxed elementor-section-height-default elementor-section-height-default\" data-id=\"eda4eef\" data-element_type=\"section\" data-e-type=\"section\" data-settings=\"{&quot;background_background&quot;:&quot;classic&quot;}\">\n\t\t\t\t\t\t<div class=\"elementor-container elementor-column-gap-narrow\">\n\t\t\t\t\t<div class=\"elementor-column elementor-col-20 elementor-inner-column elementor-element elementor-element-82de68b\" data-id=\"82de68b\" data-element_type=\"column\" data-e-type=\"column\" data-settings=\"{&quot;background_background&quot;:&quot;classic&quot;}\">\n\t\t\t<div class=\"elementor-widget-wrap\">\n\t\t\t\t\t\t\t<\/div>\n\t\t<\/div>\n\t\t\t\t<div class=\"elementor-column elementor-col-20 elementor-inner-column elementor-element elementor-element-83a65cd\" data-id=\"83a65cd\" data-element_type=\"column\" data-e-type=\"column\" data-settings=\"{&quot;background_background&quot;:&quot;classic&quot;}\">\n\t\t\t<div class=\"elementor-widget-wrap elementor-element-populated\">\n\t\t\t\t\t\t<div class=\"elementor-element elementor-element-7a7455c elementor-position-top elementor-widget elementor-widget-image-box\" data-id=\"7a7455c\" data-element_type=\"widget\" data-e-type=\"widget\" data-widget_type=\"image-box.default\">\n\t\t\t\t<div class=\"elementor-widget-container\">\n\t\t\t\t\t<div class=\"elementor-image-box-wrapper\"><figure class=\"elementor-image-box-img\"><a href=\"https:\/\/lit.lukasiewicz.gov.pl\/oferta\/znaki-zgodnosci\/certyfikowany-material-twoich-mebli\/\" tabindex=\"-1\"><img alt=\"\" fetchpriority=\"high\" decoding=\"async\" width=\"300\" height=\"204\" src=\"https:\/\/lit.lukasiewicz.gov.pl\/wp-content\/uploads\/sites\/39\/2025\/05\/IPS_logo_meble-R.png\" class=\"attachment-full size-full wp-image-64808\" alt=\"\" srcset=\"https:\/\/lit.lukasiewicz.gov.pl\/wp-content\/uploads\/sites\/39\/2025\/05\/IPS_logo_meble-R.png 300w, https:\/\/lit.lukasiewicz.gov.pl\/wp-content\/uploads\/sites\/39\/2025\/05\/IPS_logo_meble-R-24x16.png 24w, https:\/\/lit.lukasiewicz.gov.pl\/wp-content\/uploads\/sites\/39\/2025\/05\/IPS_logo_meble-R-36x24.png 36w, https:\/\/lit.lukasiewicz.gov.pl\/wp-content\/uploads\/sites\/39\/2025\/05\/IPS_logo_meble-R-48x33.png 48w\" sizes=\"(max-width: 300px) 100vw, 300px\" \/><\/a><\/figure><div class=\"elementor-image-box-content\"><h3 class=\"elementor-image-box-title\"><a href=\"https:\/\/lit.lukasiewicz.gov.pl\/oferta\/znaki-zgodnosci\/certyfikowany-material-twoich-mebli\/\">CERTYFIKOWANY MATERIA\u0141 TWOICH MEBLI<\/a><\/h3><\/div><\/div>\t\t\t\t<\/div>\n\t\t\t\t<\/div>\n\t\t\t\t\t<\/div>\n\t\t<\/div>\n\t\t\t\t<div class=\"elementor-column elementor-col-20 elementor-inner-column elementor-element elementor-element-ef1a302\" data-id=\"ef1a302\" data-element_type=\"column\" data-e-type=\"column\" data-settings=\"{&quot;background_background&quot;:&quot;classic&quot;}\">\n\t\t\t<div class=\"elementor-widget-wrap elementor-element-populated\">\n\t\t\t\t\t\t<div class=\"elementor-element elementor-element-7babf6e elementor-position-top elementor-widget elementor-widget-image-box\" data-id=\"7babf6e\" data-element_type=\"widget\" data-e-type=\"widget\" data-widget_type=\"image-box.default\">\n\t\t\t\t<div class=\"elementor-widget-container\">\n\t\t\t\t\t<div class=\"elementor-image-box-wrapper\"><figure class=\"elementor-image-box-img\"><a href=\"https:\/\/lit.lukasiewicz.gov.pl\/de\/angebot\/kennzeichen-der-konformitat\/uv-stopp\/\" tabindex=\"-1\"><img decoding=\"async\" src=\"https:\/\/lit.lukasiewicz.gov.pl\/wp-content\/uploads\/sites\/39\/2025\/03\/UV_STOP-300x145-1.png\" title=\"\" alt=\"\" loading=\"lazy\" \/><\/a><\/figure><div class=\"elementor-image-box-content\"><h3 class=\"elementor-image-box-title\"><a href=\"https:\/\/lit.lukasiewicz.gov.pl\/de\/angebot\/kennzeichen-der-konformitat\/uv-stopp\/\">UV STOP<\/a><\/h3><\/div><\/div>\t\t\t\t<\/div>\n\t\t\t\t<\/div>\n\t\t\t\t\t<\/div>\n\t\t<\/div>\n\t\t\t\t<div class=\"elementor-column elementor-col-20 elementor-inner-column elementor-element elementor-element-ad6e7b8\" data-id=\"ad6e7b8\" data-element_type=\"column\" data-e-type=\"column\" data-settings=\"{&quot;background_background&quot;:&quot;classic&quot;}\">\n\t\t\t<div class=\"elementor-widget-wrap elementor-element-populated\">\n\t\t\t\t\t\t<div class=\"elementor-element elementor-element-e0c598e elementor-position-top elementor-widget elementor-widget-image-box\" data-id=\"e0c598e\" data-element_type=\"widget\" data-e-type=\"widget\" data-widget_type=\"image-box.default\">\n\t\t\t\t<div class=\"elementor-widget-container\">\n\t\t\t\t\t<div class=\"elementor-image-box-wrapper\"><figure class=\"elementor-image-box-img\"><a href=\"https:\/\/lit.lukasiewicz.gov.pl\/de\/angebot\/kennzeichen-der-konformitat\/gesunde-entwicklung\/\" tabindex=\"-1\"><img alt=\"\" decoding=\"async\" width=\"150\" height=\"150\" src=\"https:\/\/lit.lukasiewicz.gov.pl\/wp-content\/uploads\/sites\/39\/2025\/07\/ZdrowyRozwoj-1.png\" class=\"attachment-full size-full wp-image-64809\" alt=\"\" srcset=\"https:\/\/lit.lukasiewicz.gov.pl\/wp-content\/uploads\/sites\/39\/2025\/07\/ZdrowyRozwoj-1.png 150w, https:\/\/lit.lukasiewicz.gov.pl\/wp-content\/uploads\/sites\/39\/2025\/07\/ZdrowyRozwoj-1-24x24.png 24w, https:\/\/lit.lukasiewicz.gov.pl\/wp-content\/uploads\/sites\/39\/2025\/07\/ZdrowyRozwoj-1-36x36.png 36w, https:\/\/lit.lukasiewicz.gov.pl\/wp-content\/uploads\/sites\/39\/2025\/07\/ZdrowyRozwoj-1-48x48.png 48w\" sizes=\"(max-width: 150px) 100vw, 150px\" \/><\/a><\/figure><div class=\"elementor-image-box-content\"><h3 class=\"elementor-image-box-title\"><a href=\"https:\/\/lit.lukasiewicz.gov.pl\/de\/angebot\/kennzeichen-der-konformitat\/gesunde-entwicklung\/\">ZDROWY ROZW\u00d3J<\/a><\/h3><\/div><\/div>\t\t\t\t<\/div>\n\t\t\t\t<\/div>\n\t\t\t\t\t<\/div>\n\t\t<\/div>\n\t\t\t\t<div class=\"elementor-column elementor-col-20 elementor-inner-column elementor-element elementor-element-f49fdb9\" data-id=\"f49fdb9\" data-element_type=\"column\" data-e-type=\"column\" data-settings=\"{&quot;background_background&quot;:&quot;classic&quot;}\">\n\t\t\t<div class=\"elementor-widget-wrap\">\n\t\t\t\t\t\t\t<\/div>\n\t\t<\/div>\n\t\t\t\t\t<\/div>\n\t\t<\/section>\n\t\t\t\t\t<\/div>\n\t\t<\/div>\n\t\t\t\t\t<\/div>\n\t\t<\/section>\n\t\t\t\t<\/div>\n\t\t","protected":false},"excerpt":{"rendered":"<p>Strona g\u0142\u00f3wna &gt; ZDROWA STOPA BEZPIECZNY DLA DZIECKA BEZPIECZNY DLA NIEMOWL\u0104T PRZYJAZNY DLA CZ\u0141OWIEKA CERTYFIKOWANY MATERIA\u0141 TWOICH MEBLI UV STOP ZDROWY ROZW\u00d3J<\/p>\n","protected":false},"author":205,"featured_media":0,"parent":64422,"menu_order":0,"comment_status":"closed","ping_status":"closed","template":"","meta":{"_acf_changed":false,"_seopress_robots_primary_cat":"","_seopress_titles_title":"","_seopress_titles_desc":"","_seopress_robots_index":"","inline_featured_image":false,"footnotes":""},"class_list":["post-64810","page","type-page","status-publish","hentry"],"acf":{"page_icon":null},"publishpress_future_action":{"enabled":false,"date":"2026-05-17 14:25:36","action":"change-status","newStatus":"draft","terms":[],"taxonomy":"translation_priority","extraData":[]},"publishpress_future_workflow_manual_trigger":{"enabledWorkflows":[]},"_links":{"self":[{"href":"https:\/\/lit.lukasiewicz.gov.pl\/de\/wp-json\/wp\/v2\/pages\/64810","targetHints":{"allow":["GET"]}}],"collection":[{"href":"https:\/\/lit.lukasiewicz.gov.pl\/de\/wp-json\/wp\/v2\/pages"}],"about":[{"href":"https:\/\/lit.lukasiewicz.gov.pl\/de\/wp-json\/wp\/v2\/types\/page"}],"author":[{"embeddable":true,"href":"https:\/\/lit.lukasiewicz.gov.pl\/de\/wp-json\/wp\/v2\/users\/205"}],"replies":[{"embeddable":true,"href":"https:\/\/lit.lukasiewicz.gov.pl\/de\/wp-json\/wp\/v2\/comments?post=64810"}],"version-history":[{"count":1,"href":"https:\/\/lit.lukasiewicz.gov.pl\/de\/wp-json\/wp\/v2\/pages\/64810\/revisions"}],"predecessor-version":[{"id":65389,"href":"https:\/\/lit.lukasiewicz.gov.pl\/de\/wp-json\/wp\/v2\/pages\/64810\/revisions\/65389"}],"up":[{"embeddable":true,"href":"https:\/\/lit.lukasiewicz.gov.pl\/de\/wp-json\/wp\/v2\/pages\/64422"}],"wp:attachment":[{"href":"https:\/\/lit.lukasiewicz.gov.pl\/de\/wp-json\/wp\/v2\/media?parent=64810"}],"curies":[{"name":"wp","href":"https:\/\/api.w.org\/{rel}","templated":true}]}}