{"id":64829,"date":"2025-07-10T01:16:08","date_gmt":"2025-07-09T23:16:08","guid":{"rendered":"https:\/\/lit.lukasiewicz.gov.pl\/angebot\/goz-audit\/"},"modified":"2025-07-10T01:16:08","modified_gmt":"2025-07-09T23:16:08","slug":"goz-audit","status":"publish","type":"page","link":"https:\/\/lit.lukasiewicz.gov.pl\/de\/angebot\/goz-audit\/","title":{"rendered":"GOZ-Audit"},"content":{"rendered":"\t\t<div data-elementor-type=\"wp-page\" data-elementor-id=\"64829\" class=\"elementor elementor-64829 elementor-59275\" data-elementor-post-type=\"page\">\n\t\t\t\t\t\t<section class=\"elementor-section elementor-top-section elementor-element elementor-element-726040e elementor-section-content-bottom white-box-cut elementor-section-boxed elementor-section-height-default elementor-section-height-default\" data-id=\"726040e\" data-element_type=\"section\" data-e-type=\"section\" data-settings=\"{&quot;background_background&quot;:&quot;classic&quot;}\">\n\t\t\t\t\t\t<div class=\"elementor-container elementor-column-gap-default\">\n\t\t\t\t\t<div class=\"elementor-column elementor-col-50 elementor-top-column elementor-element elementor-element-d51be12\" data-id=\"d51be12\" data-element_type=\"column\" data-e-type=\"column\">\n\t\t\t<div class=\"elementor-widget-wrap elementor-element-populated\">\n\t\t\t\t\t\t<div class=\"elementor-element elementor-element-cdde29e elementor-widget elementor-widget-heading\" data-id=\"cdde29e\" data-element_type=\"widget\" data-e-type=\"widget\" data-widget_type=\"heading.default\">\n\t\t\t\t<div class=\"elementor-widget-container\">\n\t\t\t\t\t<h1 class=\"elementor-heading-title elementor-size-default\">GOZ-Audit<\/h1>\t\t\t\t<\/div>\n\t\t\t\t<\/div>\n\t\t\t\t\t<\/div>\n\t\t<\/div>\n\t\t\t\t<div class=\"elementor-column elementor-col-50 elementor-top-column elementor-element elementor-element-4cbd9f2\" data-id=\"4cbd9f2\" data-element_type=\"column\" data-e-type=\"column\">\n\t\t\t<div class=\"elementor-widget-wrap elementor-element-populated\">\n\t\t\t\t\t\t<div class=\"elementor-element elementor-element-e81dfe5 elementor-widget__width-initial elementor-widget elementor-widget-image\" data-id=\"e81dfe5\" data-element_type=\"widget\" data-e-type=\"widget\" data-widget_type=\"image.default\">\n\t\t\t\t<div class=\"elementor-widget-container\">\n\t\t\t\t\t\t\t\t\t\t\t\t\t\t\t<img alt=\"\" fetchpriority=\"high\" decoding=\"async\" width=\"1280\" height=\"853\" src=\"https:\/\/lit.lukasiewicz.gov.pl\/wp-content\/uploads\/sites\/39\/2025\/07\/Audyt.jpg\" class=\"attachment-full size-full wp-image-64828\" alt=\"\" srcset=\"https:\/\/lit.lukasiewicz.gov.pl\/wp-content\/uploads\/sites\/39\/2025\/07\/Audyt.jpg 1280w, https:\/\/lit.lukasiewicz.gov.pl\/wp-content\/uploads\/sites\/39\/2025\/07\/Audyt-300x200.jpg 300w, https:\/\/lit.lukasiewicz.gov.pl\/wp-content\/uploads\/sites\/39\/2025\/07\/Audyt-1024x682.jpg 1024w, https:\/\/lit.lukasiewicz.gov.pl\/wp-content\/uploads\/sites\/39\/2025\/07\/Audyt-768x512.jpg 768w, https:\/\/lit.lukasiewicz.gov.pl\/wp-content\/uploads\/sites\/39\/2025\/07\/Audyt-1200x800.jpg 1200w, https:\/\/lit.lukasiewicz.gov.pl\/wp-content\/uploads\/sites\/39\/2025\/07\/Audyt-24x16.jpg 24w, https:\/\/lit.lukasiewicz.gov.pl\/wp-content\/uploads\/sites\/39\/2025\/07\/Audyt-36x24.jpg 36w, https:\/\/lit.lukasiewicz.gov.pl\/wp-content\/uploads\/sites\/39\/2025\/07\/Audyt-48x32.jpg 48w\" sizes=\"(max-width: 1280px) 100vw, 1280px\" \/>\t\t\t\t\t\t\t\t\t\t\t\t\t\t\t<\/div>\n\t\t\t\t<\/div>\n\t\t\t\t\t<\/div>\n\t\t<\/div>\n\t\t\t\t\t<\/div>\n\t\t<\/section>\n\t\t\t\t<section class=\"elementor-section elementor-top-section elementor-element elementor-element-202df0ca elementor-section-boxed elementor-section-height-default elementor-section-height-default\" data-id=\"202df0ca\" data-element_type=\"section\" data-e-type=\"section\" data-settings=\"{&quot;background_background&quot;:&quot;classic&quot;}\">\n\t\t\t\t\t\t<div class=\"elementor-container elementor-column-gap-default\">\n\t\t\t\t\t<div class=\"elementor-column elementor-col-100 elementor-top-column elementor-element elementor-element-141ee775\" data-id=\"141ee775\" data-element_type=\"column\" data-e-type=\"column\">\n\t\t\t<div class=\"elementor-widget-wrap elementor-element-populated\">\n\t\t\t\t\t\t<div class=\"elementor-element elementor-element-3acb92b5 elementor-hidden-mobile elementor-widget elementor-widget-eael-breadcrumbs\" data-id=\"3acb92b5\" data-element_type=\"widget\" data-e-type=\"widget\" data-widget_type=\"eael-breadcrumbs.default\">\n\t\t\t\t<div class=\"elementor-widget-container\">\n\t\t\t\t\t\t\t<div class=\"eael-breadcrumbs\">\n\t\t\t<div class=\"eael-breadcrumbs__content\"><a href=\"https:\/\/lit.lukasiewicz.gov.pl\/de\/\">Strona g\u0142\u00f3wna<\/a> <span class=\"eael-breadcrumb-separator\">&gt;<\/span> <span class = \"eael-current\">Seite<\/span><\/div>\t\t<\/div>\n\t\t\t\t\t\t<\/div>\n\t\t\t\t<\/div>\n\t\t\t\t\t<\/div>\n\t\t<\/div>\n\t\t\t\t\t<\/div>\n\t\t<\/section>\n\t\t\t\t<section class=\"elementor-section elementor-top-section elementor-element elementor-element-4f590a1 elementor-section-boxed elementor-section-height-default elementor-section-height-default\" data-id=\"4f590a1\" data-element_type=\"section\" data-e-type=\"section\" data-settings=\"{&quot;background_background&quot;:&quot;classic&quot;}\">\n\t\t\t\t\t\t<div class=\"elementor-container elementor-column-gap-default\">\n\t\t\t\t\t<div class=\"elementor-column elementor-col-100 elementor-top-column elementor-element elementor-element-d737d80\" data-id=\"d737d80\" data-element_type=\"column\" data-e-type=\"column\">\n\t\t\t<div class=\"elementor-widget-wrap elementor-element-populated\">\n\t\t\t\t\t\t<div class=\"elementor-element elementor-element-c602f3b elementor-widget elementor-widget-heading\" data-id=\"c602f3b\" data-element_type=\"widget\" data-e-type=\"widget\" data-widget_type=\"heading.default\">\n\t\t\t\t<div class=\"elementor-widget-container\">\n\t\t\t\t\t<h2 class=\"elementor-heading-title elementor-size-default\">Audyt GOZ \u2013 sprawd\u017a jak wiele mo\u017cesz zyska\u0107<\/h2>\t\t\t\t<\/div>\n\t\t\t\t<\/div>\n\t\t\t\t\t<\/div>\n\t\t<\/div>\n\t\t\t\t\t<\/div>\n\t\t<\/section>\n\t\t\t\t<section class=\"elementor-section elementor-top-section elementor-element elementor-element-defbd82 elementor-section-boxed elementor-section-height-default elementor-section-height-default\" data-id=\"defbd82\" data-element_type=\"section\" data-e-type=\"section\" data-settings=\"{&quot;background_background&quot;:&quot;classic&quot;}\">\n\t\t\t\t\t\t<div class=\"elementor-container elementor-column-gap-default\">\n\t\t\t\t\t<div class=\"elementor-column elementor-col-100 elementor-top-column elementor-element elementor-element-4020362\" data-id=\"4020362\" data-element_type=\"column\" data-e-type=\"column\">\n\t\t\t<div class=\"elementor-widget-wrap elementor-element-populated\">\n\t\t\t\t\t\t<div class=\"elementor-element elementor-element-0d69df2 elementor-widget elementor-widget-text-editor\" data-id=\"0d69df2\" data-element_type=\"widget\" data-e-type=\"widget\" data-widget_type=\"text-editor.default\">\n\t\t\t\t<div class=\"elementor-widget-container\">\n\t\t\t\t\t\t\t\t\t<p>Audyt GOZ jest us\u0142ug\u0105 skierowan\u0105 zar\u00f3wno do du\u017cych, \u015brednich jak i ma\u0142ych przedsi\u0119biorstw, produkcyjnych i us\u0142ugowych. To kompleksowa analiza dzia\u0142alno\u015bci firmy pod k\u0105tem zgodno\u015bci z zasadami Gospodarki Obiegu Zamkni\u0119tego (GOZ). Wynik audytu ma odpowiedzie\u0107 na pytanie, czy firma efektywnie wykorzystuje zasoby \u2013 surowce oraz energi\u0119 i czy zarz\u0105dza nimi w spos\u00f3b zr\u00f3wnowa\u017cony, tj. minimalizuje powstawanie odpad\u00f3w oraz maksymalizuje ich recykling i ponowne wykorzystanie. Wszystko po to, aby odzyskane surowce, przetworzone produkty i odpady sta\u0142y si\u0119 zasobem ponownie wprowadzanym do obiegu. Pozwala to ograniczy\u0107 zapotrzebowanie na nowe surowce i energi\u0119, obni\u017cy\u0107 emisj\u0119 gaz\u00f3w cieplarnianych oraz zminimalizowa\u0107 koszty prowadzenia dzia\u0142alno\u015bci.\u00a0<\/p>\t\t\t\t\t\t\t\t<\/div>\n\t\t\t\t<\/div>\n\t\t\t\t<div class=\"elementor-element elementor-element-85d943e elementor-widget elementor-widget-text-editor\" data-id=\"85d943e\" data-element_type=\"widget\" data-e-type=\"widget\" data-widget_type=\"text-editor.default\">\n\t\t\t\t<div class=\"elementor-widget-container\">\n\t\t\t\t\t\t\t\t\t<p><strong>Na czym polega audyt GOZ?<\/strong><\/p><p>Specjali\u015bci z zakresu ochrony \u015brodowiska, gospodarki wodnej, technologii materia\u0142owych, recyklingu oraz eksperci zajmuj\u0105cy si\u0119 wdra\u017caniem zasad gospodarki o obiegu zamkni\u0119tym przeanalizuj\u0105 procesy operacyjne w firmie. Nast\u0119pnie sprawdz\u0105 mo\u017cliwo\u015bci ich optymalizacji pod k\u0105tem zmniejszenia zu\u017cycia energii i surowc\u00f3w, minimalizacji powstawania odpad\u00f3w, ich zawracania do obiegu. Wiedza i wieloletnie do\u015bwiadczenie zespo\u0142u Centrum Gospodarki o Obiegu Zamkni\u0119tym umo\u017cliwiaj\u0105 wykonanie audytu GOZ w przedsi\u0119biorstwie, przygotowanie rekomendacji dotycz\u0105cych wdro\u017cenia rozwi\u0105za\u0144 GOZ z korzy\u015bci\u0105 dla przedsi\u0119biorstwa, spo\u0142ecze\u0144stwa i \u015brodowiska.<\/p><p>Proponujemy rozwi\u0105zania dostosowane do konkretnych potrzeb poszczeg\u00f3lnych przedsi\u0119biorstw, kt\u00f3re pomog\u0105 zamkn\u0105\u0107 obieg w obr\u0119bie jednej firmy oraz jej dostawc\u00f3w. Posiadamy rozbudowan\u0105 sie\u0107 kontakt\u00f3w, dzi\u0119ki kt\u00f3rym mo\u017cemy zarekomendowa\u0107 pozyskanie partner\u00f3w do wsp\u00f3\u0142pracy. Pozwoli to mi\u0119dzy innymi na nawi\u0105zanie \u201esymbiozy przemys\u0142owej\u201d czyli takiej wsp\u00f3\u0142pracy, w kt\u00f3rej odpad z jednego przedsi\u0119biorstwa mo\u017ce sta\u0107 si\u0119 surowcem dla innego.<\/p><p>Nasi eksperci, po dokonaniu wywiadu z przedsi\u0119biorstwem i analizie jego dzia\u0142alno\u015bci przygotuj\u0105 w ci\u0105gu 5 tygodni kompleksowy raport wraz z konkretnymi rekomendacjami i propozycjami dzia\u0142a\u0144.<\/p>\t\t\t\t\t\t\t\t<\/div>\n\t\t\t\t<\/div>\n\t\t\t\t\t<\/div>\n\t\t<\/div>\n\t\t\t\t\t<\/div>\n\t\t<\/section>\n\t\t\t\t<section class=\"elementor-section elementor-top-section elementor-element elementor-element-9c68b9a elementor-section-boxed elementor-section-height-default elementor-section-height-default\" data-id=\"9c68b9a\" data-element_type=\"section\" data-e-type=\"section\" data-settings=\"{&quot;background_background&quot;:&quot;classic&quot;}\">\n\t\t\t\t\t\t<div class=\"elementor-container elementor-column-gap-default\">\n\t\t\t\t\t<div class=\"elementor-column elementor-col-100 elementor-top-column elementor-element elementor-element-5f33761\" data-id=\"5f33761\" data-element_type=\"column\" data-e-type=\"column\">\n\t\t\t<div class=\"elementor-widget-wrap elementor-element-populated\">\n\t\t\t\t\t\t<div class=\"elementor-element elementor-element-c22fba0 elementor-widget elementor-widget-text-editor\" data-id=\"c22fba0\" data-element_type=\"widget\" data-e-type=\"widget\" data-widget_type=\"text-editor.default\">\n\t\t\t\t<div class=\"elementor-widget-container\">\n\t\t\t\t\t\t\t\t\t<p><strong>Poznaj korzy\u015bci z audytu GOZ<\/strong><\/p><p><img alt=\"\" decoding=\"async\" class=\"alignnone size-full wp-image-59365\" src=\"https:\/\/lit.lukasiewicz.gov.pl\/wp-content\/uploads\/sites\/39\/2025\/07\/recycling-ico.png\" alt=\"\" width=\"30\" height=\"28\" srcset=\"https:\/\/lit.lukasiewicz.gov.pl\/wp-content\/uploads\/sites\/39\/2025\/07\/recycling-ico.png 30w, https:\/\/lit.lukasiewicz.gov.pl\/wp-content\/uploads\/sites\/39\/2025\/07\/recycling-ico-24x22.png 24w\" sizes=\"(max-width: 30px) 100vw, 30px\" \/>\u00a0 Oszcz\u0119dno\u015bci surowc\u00f3w i energii poprzez efektywne wykorzystanie dost\u0119pnych zasob\u00f3w<\/p><p><img alt=\"\" decoding=\"async\" class=\"alignnone size-full wp-image-59365\" src=\"https:\/\/lit.lukasiewicz.gov.pl\/wp-content\/uploads\/sites\/39\/2025\/07\/recycling-ico.png\" alt=\"\" width=\"30\" height=\"28\" srcset=\"https:\/\/lit.lukasiewicz.gov.pl\/wp-content\/uploads\/sites\/39\/2025\/07\/recycling-ico.png 30w, https:\/\/lit.lukasiewicz.gov.pl\/wp-content\/uploads\/sites\/39\/2025\/07\/recycling-ico-24x22.png 24w\" sizes=\"(max-width: 30px) 100vw, 30px\" \/>\u00a0 Redukcja koszt\u00f3w zwi\u0105zanych ze zu\u017cyciem zasob\u00f3w, zarz\u0105dzaniem odpadami i op\u0142atami \u015brodowiskowymi<\/p><p><img alt=\"\" decoding=\"async\" class=\"alignnone size-full wp-image-59365\" src=\"https:\/\/lit.lukasiewicz.gov.pl\/wp-content\/uploads\/sites\/39\/2025\/07\/recycling-ico.png\" alt=\"\" width=\"30\" height=\"28\" srcset=\"https:\/\/lit.lukasiewicz.gov.pl\/wp-content\/uploads\/sites\/39\/2025\/07\/recycling-ico.png 30w, https:\/\/lit.lukasiewicz.gov.pl\/wp-content\/uploads\/sites\/39\/2025\/07\/recycling-ico-24x22.png 24w\" sizes=\"(max-width: 30px) 100vw, 30px\" \/>\u00a0 Zmniejszenie negatywnego wp\u0142ywu prowadzonej dzia\u0142alno\u015bci na \u015brodowisko poprzez zmniejszenie emisji gaz\u00f3w cieplarnianych<\/p><p><img alt=\"\" decoding=\"async\" class=\"alignnone size-full wp-image-59365\" src=\"https:\/\/lit.lukasiewicz.gov.pl\/wp-content\/uploads\/sites\/39\/2025\/07\/recycling-ico.png\" alt=\"\" width=\"30\" height=\"28\" srcset=\"https:\/\/lit.lukasiewicz.gov.pl\/wp-content\/uploads\/sites\/39\/2025\/07\/recycling-ico.png 30w, https:\/\/lit.lukasiewicz.gov.pl\/wp-content\/uploads\/sites\/39\/2025\/07\/recycling-ico-24x22.png 24w\" sizes=\"(max-width: 30px) 100vw, 30px\" \/>\u00a0 Otwarcie na nowe rynki zbytu i mo\u017cliwo\u015b\u0107 dofinansowania proekologicznych rozwi\u0105za\u0144<\/p><p><img alt=\"\" decoding=\"async\" class=\"alignnone size-full wp-image-59365\" src=\"https:\/\/lit.lukasiewicz.gov.pl\/wp-content\/uploads\/sites\/39\/2025\/07\/recycling-ico.png\" alt=\"\" width=\"30\" height=\"28\" srcset=\"https:\/\/lit.lukasiewicz.gov.pl\/wp-content\/uploads\/sites\/39\/2025\/07\/recycling-ico.png 30w, https:\/\/lit.lukasiewicz.gov.pl\/wp-content\/uploads\/sites\/39\/2025\/07\/recycling-ico-24x22.png 24w\" sizes=\"(max-width: 30px) 100vw, 30px\" \/>\u00a0 Zwi\u0119kszenie zysk\u00f3w w skutek zwi\u0119kszenia konkurencyjno\u015bci<\/p><p><img alt=\"\" decoding=\"async\" class=\"alignnone size-full wp-image-59365\" src=\"https:\/\/lit.lukasiewicz.gov.pl\/wp-content\/uploads\/sites\/39\/2025\/07\/recycling-ico.png\" alt=\"\" width=\"30\" height=\"28\" srcset=\"https:\/\/lit.lukasiewicz.gov.pl\/wp-content\/uploads\/sites\/39\/2025\/07\/recycling-ico.png 30w, https:\/\/lit.lukasiewicz.gov.pl\/wp-content\/uploads\/sites\/39\/2025\/07\/recycling-ico-24x22.png 24w\" sizes=\"(max-width: 30px) 100vw, 30px\" \/>\u00a0 Lepsze zarz\u0105dzanie ryzykiem<\/p><p><img alt=\"\" decoding=\"async\" class=\"alignnone size-full wp-image-59365\" src=\"https:\/\/lit.lukasiewicz.gov.pl\/wp-content\/uploads\/sites\/39\/2025\/07\/recycling-ico.png\" alt=\"\" width=\"30\" height=\"28\" srcset=\"https:\/\/lit.lukasiewicz.gov.pl\/wp-content\/uploads\/sites\/39\/2025\/07\/recycling-ico.png 30w, https:\/\/lit.lukasiewicz.gov.pl\/wp-content\/uploads\/sites\/39\/2025\/07\/recycling-ico-24x22.png 24w\" sizes=\"(max-width: 30px) 100vw, 30px\" \/>\u00a0 Zgodno\u015b\u0107 z obowi\u0105zuj\u0105cymi wymaganiami prawnymi<\/p><p><img alt=\"\" decoding=\"async\" class=\"alignnone size-full wp-image-59365\" src=\"https:\/\/lit.lukasiewicz.gov.pl\/wp-content\/uploads\/sites\/39\/2025\/07\/recycling-ico.png\" alt=\"\" width=\"30\" height=\"28\" srcset=\"https:\/\/lit.lukasiewicz.gov.pl\/wp-content\/uploads\/sites\/39\/2025\/07\/recycling-ico.png 30w, https:\/\/lit.lukasiewicz.gov.pl\/wp-content\/uploads\/sites\/39\/2025\/07\/recycling-ico-24x22.png 24w\" sizes=\"(max-width: 30px) 100vw, 30px\" \/>\u00a0 Pozytywny wizerunek firmy<\/p><div><p>Wyniki audytu mog\u0105 by\u0107 niezb\u0119dne, aby ubiega\u0107 si\u0119 o dofinansowanie na wdra\u017canie rozwi\u0105za\u0144 GOZ z program\u00f3w og\u0142aszanych m.in. przez Komisj\u0119 Europejsk\u0105, Polsk\u0105 Agencj\u0119 Rozwoju Przedsi\u0119biorczo\u015bci (PARP) czy Narodowe Centrum Bada\u0144 i Rozwoju (NCBR).<\/p><p>Skontaktuj si\u0119 z nami i sprawd\u017a jak mo\u017cemy pom\u00f3c Twojej firmie!<\/p><\/div>\t\t\t\t\t\t\t\t<\/div>\n\t\t\t\t<\/div>\n\t\t\t\t\t<\/div>\n\t\t<\/div>\n\t\t\t\t\t<\/div>\n\t\t<\/section>\n\t\t\t\t<section class=\"elementor-section elementor-top-section elementor-element elementor-element-62d2cdff elementor-section-boxed elementor-section-height-default elementor-section-height-default\" data-id=\"62d2cdff\" data-element_type=\"section\" data-e-type=\"section\" data-settings=\"{&quot;background_background&quot;:&quot;classic&quot;}\">\n\t\t\t\t\t\t<div class=\"elementor-container elementor-column-gap-default\">\n\t\t\t\t\t<div class=\"elementor-column elementor-col-100 elementor-top-column elementor-element elementor-element-6f7e3898\" data-id=\"6f7e3898\" data-element_type=\"column\" data-e-type=\"column\">\n\t\t\t<div class=\"elementor-widget-wrap elementor-element-populated\">\n\t\t\t\t\t\t<div class=\"elementor-element elementor-element-466ae9b3 elementor-widget-divider--view-line_text elementor-widget-divider--element-align-left elementor-widget elementor-widget-divider\" data-id=\"466ae9b3\" data-element_type=\"widget\" data-e-type=\"widget\" data-widget_type=\"divider.default\">\n\t\t\t\t<div class=\"elementor-widget-container\">\n\t\t\t\t\t\t\t<div class=\"elementor-divider\">\n\t\t\t<span class=\"elementor-divider-separator\">\n\t\t\t\t\t\t\t<span class=\"elementor-divider__text elementor-divider__element\">\n\t\t\t\tdane kontaktowe\t\t\t\t<\/span>\n\t\t\t\t\t\t<\/span>\n\t\t<\/div>\n\t\t\t\t\t\t<\/div>\n\t\t\t\t<\/div>\n\t\t\t\t\t<\/div>\n\t\t<\/div>\n\t\t\t\t\t<\/div>\n\t\t<\/section>\n\t\t\t\t<section class=\"elementor-section elementor-top-section elementor-element elementor-element-483cf4ad elementor-section-boxed elementor-section-height-default elementor-section-height-default\" data-id=\"483cf4ad\" data-element_type=\"section\" data-e-type=\"section\" data-settings=\"{&quot;background_background&quot;:&quot;classic&quot;}\">\n\t\t\t\t\t\t<div class=\"elementor-container elementor-column-gap-default\">\n\t\t\t\t\t<div class=\"elementor-column elementor-col-33 elementor-top-column elementor-element elementor-element-21cbd3b\" data-id=\"21cbd3b\" data-element_type=\"column\" data-e-type=\"column\" data-settings=\"{&quot;background_background&quot;:&quot;classic&quot;}\">\n\t\t\t<div class=\"elementor-widget-wrap elementor-element-populated\">\n\t\t\t\t\t\t<div class=\"elementor-element elementor-element-124ecb6a elementor-widget-divider--view-line_text elementor-widget-divider--element-align-left elementor-widget elementor-widget-divider\" data-id=\"124ecb6a\" data-element_type=\"widget\" data-e-type=\"widget\" data-widget_type=\"divider.default\">\n\t\t\t\t<div class=\"elementor-widget-container\">\n\t\t\t\t\t\t\t<div class=\"elementor-divider\">\n\t\t\t<span class=\"elementor-divider-separator\">\n\t\t\t\t\t\t\t<span class=\"elementor-divider__text elementor-divider__element\">\n\t\t\t\tZast\u0119pca Dyrektora Instytutu ds. Badawczych\t\t\t\t<\/span>\n\t\t\t\t\t\t<\/span>\n\t\t<\/div>\n\t\t\t\t\t\t<\/div>\n\t\t\t\t<\/div>\n\t\t\t\t<div class=\"elementor-element elementor-element-7a824d5b elementor-view-default elementor-widget elementor-widget-icon\" data-id=\"7a824d5b\" data-element_type=\"widget\" data-e-type=\"widget\" data-widget_type=\"icon.default\">\n\t\t\t\t<div class=\"elementor-widget-container\">\n\t\t\t\t\t\t\t<div class=\"elementor-icon-wrapper\">\n\t\t\t<div class=\"elementor-icon\">\n\t\t\t<svg xmlns=\"http:\/\/www.w3.org\/2000\/svg\" id=\"Warstwa_1\" data-name=\"Warstwa 1\" viewBox=\"0 0 841.86 123.37\"><defs><style> .cls-1 { fill-rule: evenodd; } .cls-1, .cls-2 { fill: #44d62c; } <\/style><\/defs><path class=\"cls-1\" d=\"M414.19,71.47c-24.87-24.87-19.53-24.15-8.43-35.26,2.53-2.53,2.45-6.36.18-9.27l-12.95-16.64c-1.87-3.19-7.26-2.2-8.97-.5l-3.59,3.59c-17.92,17.92-11.96,37.76,21.05,70.77,33.01,33.01,52.86,38.98,70.78,21.06l3.59-3.59c1.71-1.71,2.68-7.1-.5-8.98l-16.63-12.94c-2.91-2.27-6.73-2.35-9.27.18-11.1,11.1-10.39,16.44-35.26-8.43h0Z\"><\/path><path class=\"cls-1\" d=\"M593.83,57.73l-39.95-34.02v75.39s39.95-41.37,39.95-41.37ZM596.51,60.01l-40.26,41.68h111.62l-27.11-28.05-13.15-13.62-14.4,12.27c-.64.57-1.61.58-2.28.02,0,0-14.42-12.29-14.42-12.29ZM630.3,57.73l39.95,41.37V23.71l-27.08,23.06-12.87,10.96h0ZM556.89,21.67l40.53,34.52c.06.04.12.1.18.15l14.46,12.31,14.55-12.39s0,0,0,0l40.63-34.59h-110.36,0Z\"><\/path><path class=\"cls-1\" d=\"M841.86,41.78c0-23.07-18.71-41.78-41.78-41.78s-41.79,18.71-41.79,41.78,21.21,69.71,41.79,81.59c20.58-11.88,41.78-58.51,41.78-81.59ZM824.32,41.88c0,13.39-10.85,24.24-24.24,24.24s-24.25-10.85-24.25-24.24,10.85-24.24,24.25-24.24,24.24,10.85,24.24,24.24Z\"><\/path><path class=\"cls-2\" d=\"M213.58,67.31c0,5.37,1.28,9.53,3.82,12.49,2.54,2.99,5.44,4.47,8.74,4.47,2.19,0,4.49-.66,6.93-1.96,2.42-1.32,4.75-3.27,6.94-5.85,2.23-2.58,4.03-5.86,5.44-9.82,1.42-3.97,2.12-7.95,2.12-11.96,0-5.3-1.32-9.45-3.96-12.38-2.64-2.94-5.87-4.4-9.65-4.4-2.5,0-4.87.64-7.09,1.9-2.21,1.28-4.35,3.33-6.43,6.15-2.06,2.8-3.75,6.23-4.98,10.27-1.26,4.02-1.88,7.73-1.88,11.1h0ZM242.06,83.16c-2.54,2.94-5.39,5.31-8.55,7.09-3.14,1.79-6.3,2.67-9.47,2.67-3.48,0-6.87-1.02-10.17-3.04-3.28-2.05-5.95-5.17-8.01-9.4-2.06-4.22-3.08-8.87-3.08-13.91,0-6.23,1.6-12.45,4.79-18.71,3.18-6.23,7.14-10.91,11.87-14.05,4.72-3.13,9.33-4.69,13.78-4.69,3.4,0,6.65.88,9.75,2.66,3.08,1.79,5.75,4.51,7.97,8.13l2.06-9.11h10.45l-8.45,39.4c-1.19,5.49-1.77,8.51-1.77,9.09,0,1.06.4,1.98,1.2,2.74.8.76,1.78,1.14,2.91,1.14,2.08,0,4.81-1.18,8.17-3.56,4.46-3.13,8-7.32,10.61-12.58,2.6-5.25,3.91-10.65,3.91-16.24,0-6.52-1.69-12.61-5.04-18.26-3.33-5.67-8.34-10.2-14.99-13.6-6.63-3.39-13.98-5.09-22.01-5.09-9.17,0-17.56,2.14-25.13,6.4-7.6,4.29-13.47,10.42-17.65,18.4-4.18,7.99-6.26,16.56-6.26,25.71s2.08,17.8,6.24,24.71c4.19,6.92,10.22,12.04,18.1,15.34,7.89,3.3,16.62,4.95,26.22,4.95,10.27,0,18.86-1.72,25.79-5.19,6.93-3.44,12.12-7.65,15.56-12.59h10.57c-2,4.11-5.43,8.31-10.27,12.58-4.85,4.27-10.62,7.65-17.3,10.13-6.69,2.48-14.75,3.73-24.17,3.73-8.68,0-16.7-1.12-24.02-3.34-7.35-2.22-13.59-5.57-18.77-10.03-5.16-4.49-9.05-9.62-11.67-15.43-3.28-7.39-4.92-15.36-4.92-23.91,0-9.51,1.96-18.6,5.86-27.24,4.79-10.57,11.58-18.68,20.37-24.31,8.8-5.63,19.45-8.43,31.98-8.43,9.71,0,18.44,1.99,26.17,5.95,7.72,3.96,13.83,9.88,18.27,17.72,3.81,6.75,5.71,14.09,5.71,22.03,0,11.33-3.99,21.38-11.96,30.17-7.12,7.89-14.89,11.84-23.34,11.84-2.71,0-4.87-.42-6.53-1.25-1.67-.82-2.88-2-3.67-3.54-.51-.98-.88-2.68-1.12-5.09Z\"><\/path><path class=\"cls-1\" d=\"M47.96,62.35c26.49,0,47.96,25.75,47.96,57.53H0c0-31.77,21.47-57.53,47.96-57.53Z\"><\/path><path class=\"cls-1\" d=\"M47.96,53.91c13.88,0,25.21-11.32,25.21-25.21S61.84,3.5,47.96,3.5s-25.21,11.32-25.21,25.21,11.33,25.21,25.21,25.21Z\"><\/path><\/svg>\t\t\t<\/div>\n\t\t<\/div>\n\t\t\t\t\t\t<\/div>\n\t\t\t\t<\/div>\n\t\t\t\t<div class=\"elementor-element elementor-element-65b43cdf elementor-widget__width-initial elementor-invisible elementor-widget elementor-widget-text-editor\" data-id=\"65b43cdf\" data-element_type=\"widget\" data-e-type=\"widget\" data-settings=\"{&quot;_animation&quot;:&quot;slideInUp&quot;}\" data-widget_type=\"text-editor.default\">\n\t\t\t\t<div class=\"elementor-widget-container\">\n\t\t\t\t\t\t\t\t\t<p><strong>dr hab. in\u017c. Renata \u017by\u0142\u0142a | \u0141ukasiewicz \u2013 \u0141IT<\/strong><\/p><p>Email:\u00a0<a href=\"mailto:renata.zylla@lit.lukasiewicz.gov.pl\"><span style=\"font-family: Arial, sans-serif;font-size: medium\"> renata.zylla@lit.lukasiewicz.gov.pl<\/span><\/a><br \/>Tel. <span data-olk-copy-source=\"MessageBody\">(+48) 507 024 716<br \/>Tel. (+48) 42 61 63 100<br \/><\/span><\/p>\t\t\t\t\t\t\t\t<\/div>\n\t\t\t\t<\/div>\n\t\t\t\t\t<\/div>\n\t\t<\/div>\n\t\t\t\t<div class=\"elementor-column elementor-col-33 elementor-top-column elementor-element elementor-element-f18dba8\" data-id=\"f18dba8\" data-element_type=\"column\" data-e-type=\"column\" data-settings=\"{&quot;background_background&quot;:&quot;classic&quot;}\">\n\t\t\t<div class=\"elementor-widget-wrap\">\n\t\t\t\t\t\t\t<\/div>\n\t\t<\/div>\n\t\t\t\t<div class=\"elementor-column elementor-col-33 elementor-top-column elementor-element elementor-element-63a24ac white-box-cut\" data-id=\"63a24ac\" data-element_type=\"column\" data-e-type=\"column\" data-settings=\"{&quot;background_background&quot;:&quot;classic&quot;}\">\n\t\t\t<div class=\"elementor-widget-wrap\">\n\t\t\t\t\t\t\t<\/div>\n\t\t<\/div>\n\t\t\t\t\t<\/div>\n\t\t<\/section>\n\t\t\t\t<\/div>\n\t\t","protected":false},"excerpt":{"rendered":"<p>Startseite &gt; Seite GOZ-Audit &#8211; finden Sie heraus, wie viel Sie gewinnen k\u00f6nnen Das GOZ-Audit ist ein Service, der sich sowohl an gro\u00dfe, mittlere als auch an kleine Unternehmen des verarbeitenden Gewerbes und des Dienstleistungssektors richtet. Es handelt sich um eine umfassende Analyse der Aktivit\u00e4ten eines Unternehmens im Hinblick auf die Einhaltung der Grunds\u00e4tze der [&hellip;]<\/p>\n","protected":false},"author":260,"featured_media":0,"parent":64422,"menu_order":0,"comment_status":"closed","ping_status":"closed","template":"","meta":{"_acf_changed":false,"_seopress_robots_primary_cat":"","_seopress_titles_title":"","_seopress_titles_desc":"","_seopress_robots_index":"","inline_featured_image":false,"footnotes":""},"class_list":["post-64829","page","type-page","status-publish","hentry"],"acf":{"page_icon":null},"publishpress_future_action":{"enabled":false,"date":"2026-05-17 14:25:11","action":"change-status","newStatus":"draft","terms":[],"taxonomy":"translation_priority","extraData":[]},"publishpress_future_workflow_manual_trigger":{"enabledWorkflows":[]},"_links":{"self":[{"href":"https:\/\/lit.lukasiewicz.gov.pl\/de\/wp-json\/wp\/v2\/pages\/64829","targetHints":{"allow":["GET"]}}],"collection":[{"href":"https:\/\/lit.lukasiewicz.gov.pl\/de\/wp-json\/wp\/v2\/pages"}],"about":[{"href":"https:\/\/lit.lukasiewicz.gov.pl\/de\/wp-json\/wp\/v2\/types\/page"}],"author":[{"embeddable":true,"href":"https:\/\/lit.lukasiewicz.gov.pl\/de\/wp-json\/wp\/v2\/users\/260"}],"replies":[{"embeddable":true,"href":"https:\/\/lit.lukasiewicz.gov.pl\/de\/wp-json\/wp\/v2\/comments?post=64829"}],"version-history":[{"count":0,"href":"https:\/\/lit.lukasiewicz.gov.pl\/de\/wp-json\/wp\/v2\/pages\/64829\/revisions"}],"up":[{"embeddable":true,"href":"https:\/\/lit.lukasiewicz.gov.pl\/de\/wp-json\/wp\/v2\/pages\/64422"}],"wp:attachment":[{"href":"https:\/\/lit.lukasiewicz.gov.pl\/de\/wp-json\/wp\/v2\/media?parent=64829"}],"curies":[{"name":"wp","href":"https:\/\/api.w.org\/{rel}","templated":true}]}}