{"id":64834,"date":"2025-01-21T11:04:16","date_gmt":"2025-01-21T10:04:16","guid":{"rendered":"https:\/\/lit.lukasiewicz.gov.pl\/forschungsaktivitaeten\/projekte\/"},"modified":"2026-03-24T11:48:51","modified_gmt":"2026-03-24T10:48:51","slug":"projekte","status":"publish","type":"page","link":"https:\/\/lit.lukasiewicz.gov.pl\/de\/forschungsaktivitaeten\/projekte\/","title":{"rendered":"Projekte"},"content":{"rendered":"\t\t<div data-elementor-type=\"wp-page\" data-elementor-id=\"64834\" class=\"elementor elementor-64834 elementor-44644\" data-elementor-post-type=\"page\">\n\t\t\t\t\t\t<section class=\"elementor-section elementor-top-section elementor-element elementor-element-27138a5 elementor-section-content-bottom elementor-section-boxed elementor-section-height-default elementor-section-height-default\" data-id=\"27138a5\" data-element_type=\"section\" data-e-type=\"section\" data-settings=\"{&quot;background_background&quot;:&quot;classic&quot;}\">\n\t\t\t\t\t\t<div class=\"elementor-container elementor-column-gap-default\">\n\t\t\t\t\t<div class=\"elementor-column elementor-col-100 elementor-top-column elementor-element elementor-element-e607bdb\" data-id=\"e607bdb\" data-element_type=\"column\" data-e-type=\"column\">\n\t\t\t<div class=\"elementor-widget-wrap elementor-element-populated\">\n\t\t\t\t\t\t<div class=\"elementor-element elementor-element-9f0d067 elementor-widget elementor-widget-heading\" data-id=\"9f0d067\" data-element_type=\"widget\" data-e-type=\"widget\" data-widget_type=\"heading.default\">\n\t\t\t\t<div class=\"elementor-widget-container\">\n\t\t\t\t\t<h1 class=\"elementor-heading-title elementor-size-default\">Projekte<\/h1>\t\t\t\t<\/div>\n\t\t\t\t<\/div>\n\t\t\t\t\t<\/div>\n\t\t<\/div>\n\t\t\t\t\t<\/div>\n\t\t<\/section>\n\t\t\t\t<section class=\"elementor-section elementor-top-section elementor-element elementor-element-3a6c280 elementor-section-full_width elementor-section-height-default elementor-section-height-default\" data-id=\"3a6c280\" data-element_type=\"section\" data-e-type=\"section\" data-settings=\"{&quot;background_background&quot;:&quot;classic&quot;}\">\n\t\t\t\t\t\t<div class=\"elementor-container elementor-column-gap-default\">\n\t\t\t\t\t<div class=\"elementor-column elementor-col-100 elementor-top-column elementor-element elementor-element-7907a8d\" data-id=\"7907a8d\" data-element_type=\"column\" data-e-type=\"column\">\n\t\t\t<div class=\"elementor-widget-wrap elementor-element-populated\">\n\t\t\t\t\t\t<div class=\"elementor-element elementor-element-45a3f40 elementor-hidden-mobile elementor-widget elementor-widget-eael-breadcrumbs\" data-id=\"45a3f40\" data-element_type=\"widget\" data-e-type=\"widget\" data-widget_type=\"eael-breadcrumbs.default\">\n\t\t\t\t<div class=\"elementor-widget-container\">\n\t\t\t\t\t\t\t<div class=\"eael-breadcrumbs\">\n\t\t\t<div class=\"eael-breadcrumbs__content\"><a href=\"https:\/\/lit.lukasiewicz.gov.pl\/de\/\">Strona g\u0142\u00f3wna<\/a> <span class=\"eael-breadcrumb-separator\">&gt;<\/span> <span class = \"eael-current\">Seite<\/span><\/div>\t\t<\/div>\n\t\t\t\t\t\t<\/div>\n\t\t\t\t<\/div>\n\t\t\t\t\t<\/div>\n\t\t<\/div>\n\t\t\t\t\t<\/div>\n\t\t<\/section>\n\t\t\t\t<section class=\"elementor-section elementor-top-section elementor-element elementor-element-95a4900 elementor-section-content-bottom elementor-section-boxed elementor-section-height-default elementor-section-height-default\" data-id=\"95a4900\" data-element_type=\"section\" data-e-type=\"section\" data-settings=\"{&quot;background_background&quot;:&quot;classic&quot;}\">\n\t\t\t\t\t\t<div class=\"elementor-container elementor-column-gap-default\">\n\t\t\t\t\t<div class=\"elementor-column elementor-col-100 elementor-top-column elementor-element elementor-element-1d3070c\" data-id=\"1d3070c\" data-element_type=\"column\" data-e-type=\"column\">\n\t\t\t<div class=\"elementor-widget-wrap elementor-element-populated\">\n\t\t\t\t\t\t<div class=\"elementor-element elementor-element-f0bf5d1 elementor-widget elementor-widget-text-editor\" data-id=\"f0bf5d1\" data-element_type=\"widget\" data-e-type=\"widget\" data-widget_type=\"text-editor.default\">\n\t\t\t\t<div class=\"elementor-widget-container\">\n\t\t\t\t\t\t\t\t\t<p>Realizacja projekt\u00f3w badawczo-rozwojowych o istotnym znaczeniu dla rozwoju nauki oraz gospodarki stanowi jedno z kluczowych zada\u0144 Sieci Badawczej \u0141ukasiewicz \u2013 \u0141\u00f3dzkiego Instytutu Technologicznego. Instytut od lat skutecznie realizuje projekty finansowane i wsp\u00f3\u0142finansowane ze \u017ar\u00f3de\u0142 krajowych oraz zagranicznych. Znaczna cz\u0119\u015b\u0107 realizowanych projekt\u00f3w powstaje we wsp\u00f3\u0142pracy z partnerami przemys\u0142owymi, co sprzyja skutecznemu wdra\u017caniu wynik\u00f3w bada\u0144 do gospodarki.<\/p><p>W strukturze instytutu dzia\u0142a wyspecjalizowany Dzia\u0142 Projekt\u00f3w, odpowiadaj\u0105cy za pe\u0142ne wsparcie w zakresie przygotowywania wniosk\u00f3w aplikacyjnych, koordynacji dzia\u0142a\u0144 oraz rozlicze\u0144 projekt\u00f3w zgodnie z obowi\u0105zuj\u0105cymi przepisami i standardami. Dodatkowo pomaga naukowcom w identyfikowaniu odpowiednich \u017ar\u00f3de\u0142 finansowania dla projekt\u00f3w oraz w aplikowaniu do r\u00f3\u017cnorodnych inicjatyw krajowych i mi\u0119dzynarodowych. Dzi\u0119ki temu kadra naukowa mo\u017ce skupi\u0107 si\u0119 na kluczowych aspektach merytorycznych swoich dzia\u0142a\u0144 badawczych, maj\u0105c pewno\u015b\u0107, \u017ce kwestie formalne i organizacyjne s\u0105 realizowane z najwy\u017csz\u0105 staranno\u015bci\u0105. Zesp\u00f3\u0142 tworz\u0105 do\u015bwiadczeni specjali\u015bci, posiadaj\u0105cy bogate do\u015bwiadczenie w obs\u0142udze projekt\u00f3w o r\u00f3\u017cnym charakterze, od inicjatyw lokalnych po du\u017ce, mi\u0119dzynarodowe przedsi\u0119wzi\u0119cia.<\/p><p>Kompetencje cz\u0142onk\u00f3w zespo\u0142u potwierdzaj\u0105 certyfikaty uznawane na arenie mi\u0119dzynarodowej:<\/p><ul><li>IPMA D (International Project Management Association) \u2013 po\u015bwiadczaj\u0105cy kwalifikacje w zakresie planowania, zarz\u0105dzania zasobami oraz kompleksowego prowadzenia projekt\u00f3w w strukturach instytucjonalnych<\/li><li>AgilePM Foundation \u2013 potwierdzaj\u0105cy umiej\u0119tno\u015bci w zakresie stosowania zwinnych metodyk zarz\u0105dzania<\/li><\/ul><p>Zapraszamy do wsp\u00f3\u0142pracy.<\/p>\t\t\t\t\t\t\t\t<\/div>\n\t\t\t\t<\/div>\n\t\t\t\t<div class=\"elementor-element elementor-element-a7b9348 elementor-hidden-desktop elementor-hidden-tablet elementor-hidden-mobile elementor-widget elementor-widget-text-editor\" data-id=\"a7b9348\" data-element_type=\"widget\" data-e-type=\"widget\" data-widget_type=\"text-editor.default\">\n\t\t\t\t<div class=\"elementor-widget-container\">\n\t\t\t\t\t\t\t\t\t<p>Posiadamy du\u017ce do\u015bwiadczenie w przygotowywaniu i realizowaniu projekt\u00f3w unijnych.<br \/>Wsp\u00f3\u0142pracujemy z polskimi i zagranicznymi jednostkami. <br \/>Nasi pracownicy uko\u0144czyli szkolenie z zarz\u0105dzania projektami badawczymi, na najlepszym poziomie merytorycznym, potwierdzone certyfikatem z zakresu metody zarz\u0105dzania projektami Prince 2 na dw\u00f3ch poziomach: Foundation i Practitioner. <br \/>Mamy wiele ciekawych pomys\u0142\u00f3w na rozw\u00f3j i zwi\u0119kszenie innowacyjno\u015bci polskiego przemys\u0142u. Zapraszamy do wsp\u00f3\u0142pracy.<\/p>\t\t\t\t\t\t\t\t<\/div>\n\t\t\t\t<\/div>\n\t\t\t\t\t<\/div>\n\t\t<\/div>\n\t\t\t\t\t<\/div>\n\t\t<\/section>\n\t\t\t\t<section class=\"elementor-section elementor-top-section elementor-element elementor-element-a38325a elementor-section-boxed elementor-section-height-default elementor-section-height-default\" data-id=\"a38325a\" data-element_type=\"section\" data-e-type=\"section\" data-settings=\"{&quot;background_background&quot;:&quot;classic&quot;}\">\n\t\t\t\t\t\t<div class=\"elementor-container elementor-column-gap-wide\">\n\t\t\t\t\t<div class=\"elementor-column elementor-col-25 elementor-top-column elementor-element elementor-element-a097db2\" data-id=\"a097db2\" data-element_type=\"column\" data-e-type=\"column\">\n\t\t\t<div class=\"elementor-widget-wrap\">\n\t\t\t\t\t\t\t<\/div>\n\t\t<\/div>\n\t\t\t\t<div class=\"elementor-column elementor-col-25 elementor-top-column elementor-element elementor-element-39dc7f8\" data-id=\"39dc7f8\" data-element_type=\"column\" data-e-type=\"column\">\n\t\t\t<div class=\"elementor-widget-wrap elementor-element-populated\">\n\t\t\t\t\t\t<div class=\"elementor-element elementor-element-f38a955 elementor-cta--skin-cover elementor-cta--sequenced-animation elementor-animated-content elementor-bg-transform elementor-bg-transform-zoom-in elementor-widget elementor-widget-call-to-action\" data-id=\"f38a955\" data-element_type=\"widget\" data-e-type=\"widget\" data-widget_type=\"call-to-action.default\">\n\t\t\t\t<div class=\"elementor-widget-container\">\n\t\t\t\t\t\t\t<a class=\"elementor-cta\" href=\"https:\/\/lit.lukasiewicz.gov.pl\/projekty-aktualne\/\">\n\t\t\t\t\t<div class=\"elementor-cta__bg-wrapper\">\n\t\t\t\t<div class=\"elementor-cta__bg elementor-bg\" style=\"background-image: url(https:\/\/lit.lukasiewicz.gov.pl\/wp-content\/uploads\/sites\/39\/2025\/03\/open-project.jpg);\" role=\"img\" aria-label=\"Two colleagues in formal wear working together to optimize business process by applying new technologies. Hi tech holograms over modern office background with panoramic windows\"><\/div>\n\t\t\t\t<div class=\"elementor-cta__bg-overlay\"><\/div>\n\t\t\t<\/div>\n\t\t\t\t\t\t\t<div class=\"elementor-cta__content\">\n\t\t\t\t\n\t\t\t\t\t\t\t\t\t<h2 class=\"elementor-cta__title elementor-cta__content-item elementor-content-item elementor-animated-item--grow\">\n\t\t\t\t\t\tProjekty<br>aktualne\t\t\t\t\t<\/h2>\n\t\t\t\t\n\t\t\t\t\n\t\t\t\t\t\t\t\t\t<div class=\"elementor-cta__button-wrapper elementor-cta__content-item elementor-content-item elementor-animated-item--grow\">\n\t\t\t\t\t<span class=\"elementor-cta__button elementor-button elementor-size-\">\n\t\t\t\t\t\tPrzejd\u017a\t\t\t\t\t<\/span>\n\t\t\t\t\t<\/div>\n\t\t\t\t\t\t\t<\/div>\n\t\t\t\t\t\t<\/a>\n\t\t\t\t\t\t<\/div>\n\t\t\t\t<\/div>\n\t\t\t\t\t<\/div>\n\t\t<\/div>\n\t\t\t\t<div class=\"elementor-column elementor-col-25 elementor-top-column elementor-element elementor-element-261aa1b\" data-id=\"261aa1b\" data-element_type=\"column\" data-e-type=\"column\">\n\t\t\t<div class=\"elementor-widget-wrap elementor-element-populated\">\n\t\t\t\t\t\t<div class=\"elementor-element elementor-element-ad92254 elementor-cta--skin-cover elementor-cta--sequenced-animation elementor-animated-content elementor-bg-transform elementor-bg-transform-zoom-in elementor-widget elementor-widget-call-to-action\" data-id=\"ad92254\" data-element_type=\"widget\" data-e-type=\"widget\" data-widget_type=\"call-to-action.default\">\n\t\t\t\t<div class=\"elementor-widget-container\">\n\t\t\t\t\t\t\t<a class=\"elementor-cta\" href=\"https:\/\/lit.lukasiewicz.gov.pl\/projekty-zakonczone\">\n\t\t\t\t\t<div class=\"elementor-cta__bg-wrapper\">\n\t\t\t\t<div class=\"elementor-cta__bg elementor-bg\" style=\"background-image: url(https:\/\/lit.lukasiewicz.gov.pl\/wp-content\/uploads\/sites\/39\/2025\/03\/complete.webp);\" role=\"img\" aria-label=\"complete\"><\/div>\n\t\t\t\t<div class=\"elementor-cta__bg-overlay\"><\/div>\n\t\t\t<\/div>\n\t\t\t\t\t\t\t<div class=\"elementor-cta__content\">\n\t\t\t\t\n\t\t\t\t\t\t\t\t\t<h2 class=\"elementor-cta__title elementor-cta__content-item elementor-content-item elementor-animated-item--grow\">\n\t\t\t\t\t\tProjekty<br>zako\u0144czone\t\t\t\t\t<\/h2>\n\t\t\t\t\n\t\t\t\t\n\t\t\t\t\t\t\t\t\t<div class=\"elementor-cta__button-wrapper elementor-cta__content-item elementor-content-item elementor-animated-item--grow\">\n\t\t\t\t\t<span class=\"elementor-cta__button elementor-button elementor-size-\">\n\t\t\t\t\t\tPrzejd\u017a\t\t\t\t\t<\/span>\n\t\t\t\t\t<\/div>\n\t\t\t\t\t\t\t<\/div>\n\t\t\t\t\t\t<\/a>\n\t\t\t\t\t\t<\/div>\n\t\t\t\t<\/div>\n\t\t\t\t\t<\/div>\n\t\t<\/div>\n\t\t\t\t<div class=\"elementor-column elementor-col-25 elementor-top-column elementor-element elementor-element-3b14756\" data-id=\"3b14756\" data-element_type=\"column\" data-e-type=\"column\">\n\t\t\t<div class=\"elementor-widget-wrap\">\n\t\t\t\t\t\t\t<\/div>\n\t\t<\/div>\n\t\t\t\t\t<\/div>\n\t\t<\/section>\n\t\t\t\t<\/div>\n\t\t","protected":false},"excerpt":{"rendered":"<p>Homepage &gt; Seite Die Durchf\u00fchrung von Forschungs- und Entwicklungsprojekten, die f\u00fcr die Entwicklung von Wissenschaft und Wirtschaft von gro\u00dfer Bedeutung sind, ist eine der Hauptaufgaben des \u0141ukasiewicz Research Network &#8211; \u0141\u00f3d\u017a Institute of Technology. Seit Jahren f\u00fchrt das Institut erfolgreich Projekte durch, die aus in- und ausl\u00e4ndischen Quellen finanziert und kofinanziert werden. Ein erheblicher Teil [&hellip;]<\/p>\n","protected":false},"author":205,"featured_media":0,"parent":64453,"menu_order":0,"comment_status":"closed","ping_status":"closed","template":"","meta":{"_acf_changed":false,"_seopress_robots_primary_cat":"","_seopress_titles_title":"","_seopress_titles_desc":"","_seopress_robots_index":"","inline_featured_image":false,"footnotes":""},"class_list":["post-64834","page","type-page","status-publish","hentry"],"acf":{"page_icon":null},"publishpress_future_action":{"enabled":false,"date":"2026-05-17 14:25:10","action":"change-status","newStatus":"draft","terms":[],"taxonomy":"translation_priority","extraData":[]},"publishpress_future_workflow_manual_trigger":{"enabledWorkflows":[]},"_links":{"self":[{"href":"https:\/\/lit.lukasiewicz.gov.pl\/de\/wp-json\/wp\/v2\/pages\/64834","targetHints":{"allow":["GET"]}}],"collection":[{"href":"https:\/\/lit.lukasiewicz.gov.pl\/de\/wp-json\/wp\/v2\/pages"}],"about":[{"href":"https:\/\/lit.lukasiewicz.gov.pl\/de\/wp-json\/wp\/v2\/types\/page"}],"author":[{"embeddable":true,"href":"https:\/\/lit.lukasiewicz.gov.pl\/de\/wp-json\/wp\/v2\/users\/205"}],"replies":[{"embeddable":true,"href":"https:\/\/lit.lukasiewicz.gov.pl\/de\/wp-json\/wp\/v2\/comments?post=64834"}],"version-history":[{"count":1,"href":"https:\/\/lit.lukasiewicz.gov.pl\/de\/wp-json\/wp\/v2\/pages\/64834\/revisions"}],"predecessor-version":[{"id":64848,"href":"https:\/\/lit.lukasiewicz.gov.pl\/de\/wp-json\/wp\/v2\/pages\/64834\/revisions\/64848"}],"up":[{"embeddable":true,"href":"https:\/\/lit.lukasiewicz.gov.pl\/de\/wp-json\/wp\/v2\/pages\/64453"}],"wp:attachment":[{"href":"https:\/\/lit.lukasiewicz.gov.pl\/de\/wp-json\/wp\/v2\/media?parent=64834"}],"curies":[{"name":"wp","href":"https:\/\/api.w.org\/{rel}","templated":true}]}}