{"id":64963,"date":"2025-05-20T13:34:56","date_gmt":"2025-05-20T11:34:56","guid":{"rendered":"https:\/\/lit.lukasiewicz.gov.pl\/angebot\/papier\/"},"modified":"2025-05-20T13:34:56","modified_gmt":"2025-05-20T11:34:56","slug":"papier","status":"publish","type":"page","link":"https:\/\/lit.lukasiewicz.gov.pl\/de\/angebot\/papier\/","title":{"rendered":"Papier"},"content":{"rendered":"\t\t<div data-elementor-type=\"wp-page\" data-elementor-id=\"64963\" class=\"elementor elementor-64963 elementor-56554\" data-elementor-post-type=\"page\">\n\t\t\t\t\t\t<section class=\"elementor-section elementor-top-section elementor-element elementor-element-28d94abb elementor-section-content-bottom white-box-cut elementor-section-boxed elementor-section-height-default elementor-section-height-default\" data-id=\"28d94abb\" data-element_type=\"section\" data-e-type=\"section\" data-settings=\"{&quot;background_background&quot;:&quot;classic&quot;}\">\n\t\t\t\t\t\t<div class=\"elementor-container elementor-column-gap-default\">\n\t\t\t\t\t<div class=\"elementor-column elementor-col-50 elementor-top-column elementor-element elementor-element-7b3dbc10\" data-id=\"7b3dbc10\" data-element_type=\"column\" data-e-type=\"column\" data-settings=\"{&quot;background_background&quot;:&quot;classic&quot;}\">\n\t\t\t<div class=\"elementor-widget-wrap elementor-element-populated\">\n\t\t\t\t\t\t<div class=\"elementor-element elementor-element-24e3d2c5 elementor-widget elementor-widget-heading\" data-id=\"24e3d2c5\" data-element_type=\"widget\" data-e-type=\"widget\" data-widget_type=\"heading.default\">\n\t\t\t\t<div class=\"elementor-widget-container\">\n\t\t\t\t\t<h1 class=\"elementor-heading-title elementor-size-default\">Papier<\/h1>\t\t\t\t<\/div>\n\t\t\t\t<\/div>\n\t\t\t\t\t<\/div>\n\t\t<\/div>\n\t\t\t\t<div class=\"elementor-column elementor-col-50 elementor-top-column elementor-element elementor-element-2ed132e5\" data-id=\"2ed132e5\" data-element_type=\"column\" data-e-type=\"column\">\n\t\t\t<div class=\"elementor-widget-wrap elementor-element-populated\">\n\t\t\t\t\t\t<div class=\"elementor-element elementor-element-cc1f6b3 elementor-widget elementor-widget-image\" data-id=\"cc1f6b3\" data-element_type=\"widget\" data-e-type=\"widget\" data-widget_type=\"image.default\">\n\t\t\t\t<div class=\"elementor-widget-container\">\n\t\t\t\t\t\t\t\t\t\t\t\t\t\t\t<img fetchpriority=\"high\" decoding=\"async\" width=\"580\" height=\"385\" src=\"https:\/\/lit.lukasiewicz.gov.pl\/wp-content\/uploads\/sites\/39\/2025\/05\/Papier.jpg\" class=\"attachment-large size-large wp-image-64413\" alt=\"Mehrere Bl\u00e4tter Papier in einem ausgefallenen Layout\" srcset=\"https:\/\/lit.lukasiewicz.gov.pl\/wp-content\/uploads\/sites\/39\/2025\/05\/Papier.jpg 863w, https:\/\/lit.lukasiewicz.gov.pl\/wp-content\/uploads\/sites\/39\/2025\/05\/Papier-300x199.jpg 300w, https:\/\/lit.lukasiewicz.gov.pl\/wp-content\/uploads\/sites\/39\/2025\/05\/Papier-768x510.jpg 768w, https:\/\/lit.lukasiewicz.gov.pl\/wp-content\/uploads\/sites\/39\/2025\/05\/Papier-24x16.jpg 24w, https:\/\/lit.lukasiewicz.gov.pl\/wp-content\/uploads\/sites\/39\/2025\/05\/Papier-36x24.jpg 36w, https:\/\/lit.lukasiewicz.gov.pl\/wp-content\/uploads\/sites\/39\/2025\/05\/Papier-48x32.jpg 48w\" sizes=\"(max-width: 580px) 100vw, 580px\" \/>\t\t\t\t\t\t\t\t\t\t\t\t\t\t\t<\/div>\n\t\t\t\t<\/div>\n\t\t\t\t<div class=\"elementor-element elementor-element-17e76b79 elementor-widget__width-initial elementor-widget elementor-widget-image\" data-id=\"17e76b79\" data-element_type=\"widget\" data-e-type=\"widget\" data-widget_type=\"image.default\">\n\t\t\t\t<div class=\"elementor-widget-container\">\n\t\t\t\t\t\t\t\t\t\t\t\t\t\t\t<img decoding=\"async\" src=\"https:\/\/lit.lukasiewicz.gov.pl\/wp-content\/uploads\/sites\/39\/2025\/04\/Papier.png\" title=\"\" alt=\"\" loading=\"lazy\" \/>\t\t\t\t\t\t\t\t\t\t\t\t\t\t\t<\/div>\n\t\t\t\t<\/div>\n\t\t\t\t\t<\/div>\n\t\t<\/div>\n\t\t\t\t\t<\/div>\n\t\t<\/section>\n\t\t\t\t<section class=\"elementor-section elementor-top-section elementor-element elementor-element-c63fe3f elementor-section-boxed elementor-section-height-default elementor-section-height-default\" data-id=\"c63fe3f\" data-element_type=\"section\" data-e-type=\"section\" data-settings=\"{&quot;background_background&quot;:&quot;classic&quot;}\">\n\t\t\t\t\t\t<div class=\"elementor-container elementor-column-gap-default\">\n\t\t\t\t\t<div class=\"elementor-column elementor-col-100 elementor-top-column elementor-element elementor-element-78e4524\" data-id=\"78e4524\" data-element_type=\"column\" data-e-type=\"column\">\n\t\t\t<div class=\"elementor-widget-wrap elementor-element-populated\">\n\t\t\t\t\t\t<div class=\"elementor-element elementor-element-499e11e elementor-hidden-mobile elementor-widget elementor-widget-eael-breadcrumbs\" data-id=\"499e11e\" data-element_type=\"widget\" data-e-type=\"widget\" data-widget_type=\"eael-breadcrumbs.default\">\n\t\t\t\t<div class=\"elementor-widget-container\">\n\t\t\t\t\t\t\t<div class=\"eael-breadcrumbs\">\n\t\t\t<div class=\"eael-breadcrumbs__content\"><a href=\"https:\/\/lit.lukasiewicz.gov.pl\/de\/\">Strona g\u0142\u00f3wna<\/a> <span class=\"eael-breadcrumb-separator\">&gt;<\/span> <span class = \"eael-current\">Seite<\/span><\/div>\t\t<\/div>\n\t\t\t\t\t\t<\/div>\n\t\t\t\t<\/div>\n\t\t\t\t\t<\/div>\n\t\t<\/div>\n\t\t\t\t\t<\/div>\n\t\t<\/section>\n\t\t\t\t<section class=\"elementor-section elementor-top-section elementor-element elementor-element-dc562a9 elementor-section-boxed elementor-section-height-default elementor-section-height-default\" data-id=\"dc562a9\" data-element_type=\"section\" data-e-type=\"section\" data-settings=\"{&quot;background_background&quot;:&quot;classic&quot;}\">\n\t\t\t\t\t\t<div class=\"elementor-container elementor-column-gap-default\">\n\t\t\t\t\t<div class=\"elementor-column elementor-col-100 elementor-top-column elementor-element elementor-element-0407edc\" data-id=\"0407edc\" data-element_type=\"column\" data-e-type=\"column\">\n\t\t\t<div class=\"elementor-widget-wrap elementor-element-populated\">\n\t\t\t\t\t\t<div class=\"elementor-element elementor-element-e875cdd elementor-widget elementor-widget-text-editor\" data-id=\"e875cdd\" data-element_type=\"widget\" data-e-type=\"widget\" data-widget_type=\"text-editor.default\">\n\t\t\t\t<div class=\"elementor-widget-container\">\n\t\t\t\t\t\t\t\t\t<p><strong>Badania i analizy dla bran\u017cy papierniczej<\/strong><\/p><p>Oferujemy kompleksow\u0105 analiz\u0119 surowc\u00f3w oraz produkt\u00f3w ko\u0144cowych. Nasze us\u0142ugi s\u0105 dostosowane do wymaga\u0144 dynamicznie rozwijaj\u0105cego si\u0119 sektora bran\u017cy papierniczej. W naszej pracy stawiamy na innowacyjne podej\u015bcie, \u0142\u0105cz\u0105c wiedz\u0119 eksperck\u0105 z nowoczesnymi metodami badawczymi. Dysponujemy akredytowanymi laboratoriami, kt\u00f3re prowadz\u0105 badania chemiczne i metrologiczne zgodnie z obowi\u0105zuj\u0105cymi normami krajowymi i mi\u0119dzynarodowymi.<\/p><p>Nasza oferta dla przemys\u0142u papierniczego obejmuje:<\/p><ul><li>analizy chemiczne surowc\u00f3w i papier\u00f3w<\/li><li>ocena zgodno\u015bci z wymaganiami jako\u015bciowymi i \u015brodowiskowymi<\/li><li>wsparcie w procesie certyfikacji materia\u0142\u00f3w papierniczych<\/li><li>pomiar parametr\u00f3w fizycznych i mechanicznych zgodnie z PN, ISO i innymi standardami<\/li><\/ul>\t\t\t\t\t\t\t\t<\/div>\n\t\t\t\t<\/div>\n\t\t\t\t\t<\/div>\n\t\t<\/div>\n\t\t\t\t\t<\/div>\n\t\t<\/section>\n\t\t\t\t<section class=\"elementor-section elementor-top-section elementor-element elementor-element-d109058 elementor-section-boxed elementor-section-height-default elementor-section-height-default\" data-id=\"d109058\" data-element_type=\"section\" data-e-type=\"section\" data-settings=\"{&quot;background_background&quot;:&quot;classic&quot;}\">\n\t\t\t\t\t\t<div class=\"elementor-container elementor-column-gap-default\">\n\t\t\t\t\t<div class=\"elementor-column elementor-col-100 elementor-top-column elementor-element elementor-element-2b3763d\" data-id=\"2b3763d\" data-element_type=\"column\" data-e-type=\"column\">\n\t\t\t<div class=\"elementor-widget-wrap elementor-element-populated\">\n\t\t\t\t\t\t<div class=\"elementor-element elementor-element-e1a17b1 elementor-widget-divider--view-line_text elementor-widget-divider--element-align-left elementor-widget elementor-widget-divider\" data-id=\"e1a17b1\" data-element_type=\"widget\" data-e-type=\"widget\" data-widget_type=\"divider.default\">\n\t\t\t\t<div class=\"elementor-widget-container\">\n\t\t\t\t\t\t\t<div class=\"elementor-divider\">\n\t\t\t<span class=\"elementor-divider-separator\">\n\t\t\t\t\t\t\t<span class=\"elementor-divider__text elementor-divider__element\">\n\t\t\t\tPLIK DO POBRANIA\t\t\t\t<\/span>\n\t\t\t\t\t\t<\/span>\n\t\t<\/div>\n\t\t\t\t\t\t<\/div>\n\t\t\t\t<\/div>\n\t\t\t\t<section class=\"elementor-section elementor-inner-section elementor-element elementor-element-3d8bb29 elementor-section-boxed elementor-section-height-default elementor-section-height-default\" data-id=\"3d8bb29\" data-element_type=\"section\" data-e-type=\"section\">\n\t\t\t\t\t\t<div class=\"elementor-container elementor-column-gap-default\">\n\t\t\t\t\t<div class=\"elementor-column elementor-col-33 elementor-inner-column elementor-element elementor-element-3f47419\" data-id=\"3f47419\" data-element_type=\"column\" data-e-type=\"column\" data-settings=\"{&quot;background_background&quot;:&quot;classic&quot;}\">\n\t\t\t<div class=\"elementor-widget-wrap elementor-element-populated\">\n\t\t\t\t\t\t<div class=\"elementor-element elementor-element-96ff672 elementor-position-inline-start elementor-view-default elementor-mobile-position-block-start elementor-invisible elementor-widget elementor-widget-icon-box\" data-id=\"96ff672\" data-element_type=\"widget\" data-e-type=\"widget\" data-settings=\"{&quot;_animation&quot;:&quot;fadeInDown&quot;}\" data-widget_type=\"icon-box.default\">\n\t\t\t\t<div class=\"elementor-widget-container\">\n\t\t\t\t\t\t\t<div class=\"elementor-icon-box-wrapper\">\n\n\t\t\t\t\t\t<div class=\"elementor-icon-box-icon\">\n\t\t\t\t<a href=\"https:\/\/lit.lukasiewicz.gov.pl\/wp-content\/uploads\/sites\/39\/2025\/05\/OFERTA-BADAN-BL_BP.pdf\" class=\"elementor-icon elementor-animation-bounce-out\" tabindex=\"-1\" aria-label=\"Oferta bada\u0144\">\n\t\t\t\t<svg xmlns=\"http:\/\/www.w3.org\/2000\/svg\" xmlns:xlink=\"http:\/\/www.w3.org\/1999\/xlink\" xmlns:serif=\"http:\/\/www.serif.com\/\" width=\"100%\" height=\"100%\" viewBox=\"0 0 3288 4113\" xml:space=\"preserve\" style=\"fill-rule:evenodd;clip-rule:evenodd;stroke-linejoin:round;stroke-miterlimit:2;\"><path d=\"M447.783,0l2114.59,0l724.479,668.908l-0,3040.82l-990.363,0l94.53,-121.612l774.479,-0l-0,-2797.58l-772.396,0l0,-668.904l-1823.83,0l-0,418.359l-121.488,-0l0,-539.988Zm121.488,1727.7l-0,1860.42l774.479,-0.001l94.529,121.613l-990.496,0l0,-1982.03l121.488,-0Z\" style=\"fill:#3de621;\"><\/path><rect x=\"0\" y=\"631.925\" width=\"2134.24\" height=\"1004.31\" style=\"fill:#3de621;\"><\/rect><path d=\"M1611.98,2728.74l510.808,-0.001l0,652.642l313.15,0l-568.883,729.284l-568.358,-729.284l313.283,0l0,-652.641Z\" style=\"fill:#3de621;\"><\/path><path d=\"M296.483,1427.88l0,-587.125l189.717,0c65.362,0 112.758,2.813 143.096,7.996c29.95,5.662 56.771,24.062 80.862,54.454c23.83,29.933 35.546,69.063 35.546,118.083c0,42.905 -8.725,78.492 -27.475,106.771c-19.141,29.221 -43.621,48.805 -73.566,60.588c-30.471,11.55 -80.6,17.433 -152.475,17.433l-77.084,0l0,221.8l-118.621,0Zm118.621,-488.154l0,166.654l64.584,0c52.345,0 89.583,-5.896 111.2,-17.446c21.875,-11.783 33.462,-33.45 33.462,-66.237c0,-31.342 -10.158,-53.271 -29.95,-64.792c-18.879,-12.512 -59.371,-18.179 -121.875,-18.179l-57.421,0Zm427.996,-98.971l216.663,0c61.07,0 110.291,7.996 148.179,24.492c38.412,16.979 68.883,49.037 92.191,96.175c23.304,48.083 34.892,107.017 34.892,178.421c0,192.1 -90.1,288.037 -268.879,288.037l-223.046,0l-0,-587.125Zm118.358,98.971l0,389.388l87.892,-0c61.067,-0 103.254,-13.175 127.212,-39.346c24.088,-26.171 35.68,-78.009 35.68,-155.092c-0,-58.229 -7.292,-100.417 -22.009,-128.7c-14.321,-28.529 -33.2,-45.962 -56.508,-53.971c-23.308,-8.033 -62.5,-12.279 -118.363,-12.279l-53.904,0Zm474.742,488.154l0,-587.125l401.558,0l0,98.971l-283.329,0l0,138.842l244.267,-0l-0,99.687l-244.267,0l0,249.625l-118.229,0Z\" style=\"fill:#fff;\"><\/path><\/svg>\t\t\t\t<\/a>\n\t\t\t<\/div>\n\t\t\t\n\t\t\t\t\t\t<div class=\"elementor-icon-box-content\">\n\n\t\t\t\t\t\t\t\t\t<h4 class=\"elementor-icon-box-title\">\n\t\t\t\t\t\t<a href=\"https:\/\/lit.lukasiewicz.gov.pl\/wp-content\/uploads\/sites\/39\/2025\/05\/OFERTA-BADAN-BL_BP.pdf\" >\n\t\t\t\t\t\t\tOferta bada\u0144\t\t\t\t\t\t<\/a>\n\t\t\t\t\t<\/h4>\n\t\t\t\t\n\t\t\t\t\n\t\t\t<\/div>\n\t\t\t\n\t\t<\/div>\n\t\t\t\t\t\t<\/div>\n\t\t\t\t<\/div>\n\t\t\t\t\t<\/div>\n\t\t<\/div>\n\t\t\t\t<div class=\"elementor-column elementor-col-33 elementor-inner-column elementor-element elementor-element-6e65318\" data-id=\"6e65318\" data-element_type=\"column\" data-e-type=\"column\" data-settings=\"{&quot;background_background&quot;:&quot;classic&quot;}\">\n\t\t\t<div class=\"elementor-widget-wrap\">\n\t\t\t\t\t\t\t<\/div>\n\t\t<\/div>\n\t\t\t\t<div class=\"elementor-column elementor-col-33 elementor-inner-column elementor-element elementor-element-7b2789c white-box-cut\" data-id=\"7b2789c\" data-element_type=\"column\" data-e-type=\"column\" data-settings=\"{&quot;background_background&quot;:&quot;classic&quot;}\">\n\t\t\t<div class=\"elementor-widget-wrap elementor-element-populated\">\n\t\t\t\t\t\t<div class=\"elementor-element elementor-element-bc19ff1 elementor-widget elementor-widget-spacer\" data-id=\"bc19ff1\" data-element_type=\"widget\" data-e-type=\"widget\" data-widget_type=\"spacer.default\">\n\t\t\t\t<div class=\"elementor-widget-container\">\n\t\t\t\t\t\t\t<div class=\"elementor-spacer\">\n\t\t\t<div class=\"elementor-spacer-inner\"><\/div>\n\t\t<\/div>\n\t\t\t\t\t\t<\/div>\n\t\t\t\t<\/div>\n\t\t\t\t\t<\/div>\n\t\t<\/div>\n\t\t\t\t\t<\/div>\n\t\t<\/section>\n\t\t\t\t\t<\/div>\n\t\t<\/div>\n\t\t\t\t\t<\/div>\n\t\t<\/section>\n\t\t\t\t<section class=\"elementor-section elementor-top-section elementor-element elementor-element-9444696 elementor-section-boxed elementor-section-height-default elementor-section-height-default\" data-id=\"9444696\" data-element_type=\"section\" data-e-type=\"section\" data-settings=\"{&quot;background_background&quot;:&quot;classic&quot;}\">\n\t\t\t\t\t\t<div class=\"elementor-container elementor-column-gap-default\">\n\t\t\t\t\t<div class=\"elementor-column elementor-col-100 elementor-top-column elementor-element elementor-element-f17e525\" data-id=\"f17e525\" data-element_type=\"column\" data-e-type=\"column\">\n\t\t\t<div class=\"elementor-widget-wrap elementor-element-populated\">\n\t\t\t\t\t\t<div class=\"elementor-element elementor-element-0a2d90f elementor-widget elementor-widget-spacer\" data-id=\"0a2d90f\" data-element_type=\"widget\" data-e-type=\"widget\" data-widget_type=\"spacer.default\">\n\t\t\t\t<div class=\"elementor-widget-container\">\n\t\t\t\t\t\t\t<div class=\"elementor-spacer\">\n\t\t\t<div class=\"elementor-spacer-inner\"><\/div>\n\t\t<\/div>\n\t\t\t\t\t\t<\/div>\n\t\t\t\t<\/div>\n\t\t\t\t\t<\/div>\n\t\t<\/div>\n\t\t\t\t\t<\/div>\n\t\t<\/section>\n\t\t\t\t<\/div>\n\t\t","protected":false},"excerpt":{"rendered":"<p>Homepage &gt; Seite Forschung und Analyse f\u00fcr die Papierindustrie Wir bieten eine umfassende Analyse von Rohstoffen und Endprodukten. Unsere Dienstleistungen sind auf die Anforderungen des schnell wachsenden Sektors der Papierindustrie zugeschnitten. Unsere Arbeit basiert auf einem innovativen Ansatz, der Expertenwissen mit modernen Testmethoden kombiniert. Wir verf\u00fcgen \u00fcber akkreditierte Laboratorien, die chemische und messtechnische Tests gem\u00e4\u00df [&hellip;]<\/p>\n","protected":false},"author":260,"featured_media":0,"parent":64422,"menu_order":0,"comment_status":"closed","ping_status":"closed","template":"","meta":{"_acf_changed":false,"_seopress_robots_primary_cat":"","_seopress_titles_title":"","_seopress_titles_desc":"","_seopress_robots_index":"","inline_featured_image":false,"footnotes":""},"class_list":["post-64963","page","type-page","status-publish","hentry"],"acf":{"page_icon":null},"publishpress_future_action":{"enabled":false,"date":"2026-04-12 18:46:04","action":"change-status","newStatus":"draft","terms":[],"taxonomy":"translation_priority","extraData":[]},"publishpress_future_workflow_manual_trigger":{"enabledWorkflows":[]},"_links":{"self":[{"href":"https:\/\/lit.lukasiewicz.gov.pl\/de\/wp-json\/wp\/v2\/pages\/64963","targetHints":{"allow":["GET"]}}],"collection":[{"href":"https:\/\/lit.lukasiewicz.gov.pl\/de\/wp-json\/wp\/v2\/pages"}],"about":[{"href":"https:\/\/lit.lukasiewicz.gov.pl\/de\/wp-json\/wp\/v2\/types\/page"}],"author":[{"embeddable":true,"href":"https:\/\/lit.lukasiewicz.gov.pl\/de\/wp-json\/wp\/v2\/users\/260"}],"replies":[{"embeddable":true,"href":"https:\/\/lit.lukasiewicz.gov.pl\/de\/wp-json\/wp\/v2\/comments?post=64963"}],"version-history":[{"count":0,"href":"https:\/\/lit.lukasiewicz.gov.pl\/de\/wp-json\/wp\/v2\/pages\/64963\/revisions"}],"up":[{"embeddable":true,"href":"https:\/\/lit.lukasiewicz.gov.pl\/de\/wp-json\/wp\/v2\/pages\/64422"}],"wp:attachment":[{"href":"https:\/\/lit.lukasiewicz.gov.pl\/de\/wp-json\/wp\/v2\/media?parent=64963"}],"curies":[{"name":"wp","href":"https:\/\/api.w.org\/{rel}","templated":true}]}}