{"id":65351,"date":"2025-02-28T13:00:31","date_gmt":"2025-02-28T12:00:31","guid":{"rendered":"https:\/\/lit.lukasiewicz.gov.pl\/textil-cert-konformitaetszeichen\/"},"modified":"2026-04-03T11:32:17","modified_gmt":"2026-04-03T09:32:17","slug":"textil-cert-konformitaetszeichen","status":"publish","type":"page","link":"https:\/\/lit.lukasiewicz.gov.pl\/de\/textil-cert-konformitaetszeichen\/","title":{"rendered":"Textil-Cert Konformit\u00e4tszeichen"},"content":{"rendered":"\t\t<div data-elementor-type=\"wp-page\" data-elementor-id=\"65351\" class=\"elementor elementor-65351 elementor-49224\" data-elementor-post-type=\"page\">\n\t\t\t\t\t\t<section class=\"elementor-section elementor-top-section elementor-element elementor-element-150cbc11 elementor-section-content-bottom elementor-section-boxed elementor-section-height-default elementor-section-height-default\" data-id=\"150cbc11\" data-element_type=\"section\" data-e-type=\"section\" data-settings=\"{&quot;background_background&quot;:&quot;classic&quot;}\">\n\t\t\t\t\t\t<div class=\"elementor-container elementor-column-gap-default\">\n\t\t\t\t\t<div class=\"elementor-column elementor-col-100 elementor-top-column elementor-element elementor-element-6a614557\" data-id=\"6a614557\" data-element_type=\"column\" data-e-type=\"column\">\n\t\t\t<div class=\"elementor-widget-wrap elementor-element-populated\">\n\t\t\t\t\t\t<div class=\"elementor-element elementor-element-6c41047f elementor-widget elementor-widget-heading\" data-id=\"6c41047f\" data-element_type=\"widget\" data-e-type=\"widget\" data-widget_type=\"heading.default\">\n\t\t\t\t<div class=\"elementor-widget-container\">\n\t\t\t\t\t<h1 class=\"elementor-heading-title elementor-size-default\">Textil-Cert Konformit\u00e4tszeichen<\/h1>\t\t\t\t<\/div>\n\t\t\t\t<\/div>\n\t\t\t\t\t<\/div>\n\t\t<\/div>\n\t\t\t\t\t<\/div>\n\t\t<\/section>\n\t\t\t\t<section class=\"elementor-section elementor-top-section elementor-element elementor-element-898b7cd elementor-section-boxed elementor-section-height-default elementor-section-height-default\" data-id=\"898b7cd\" data-element_type=\"section\" data-e-type=\"section\" data-settings=\"{&quot;background_background&quot;:&quot;classic&quot;}\">\n\t\t\t\t\t\t<div class=\"elementor-container elementor-column-gap-default\">\n\t\t\t\t\t<div class=\"elementor-column elementor-col-100 elementor-top-column elementor-element elementor-element-0e5ce13\" data-id=\"0e5ce13\" data-element_type=\"column\" data-e-type=\"column\">\n\t\t\t<div class=\"elementor-widget-wrap elementor-element-populated\">\n\t\t\t\t\t\t<section class=\"elementor-section elementor-inner-section elementor-element elementor-element-05c7f56 elementor-section-boxed elementor-section-height-default elementor-section-height-default\" data-id=\"05c7f56\" data-element_type=\"section\" data-e-type=\"section\">\n\t\t\t\t\t\t<div class=\"elementor-container elementor-column-gap-no\">\n\t\t\t\t\t<div class=\"elementor-column elementor-col-20 elementor-inner-column elementor-element elementor-element-285cf54\" data-id=\"285cf54\" data-element_type=\"column\" data-e-type=\"column\" data-settings=\"{&quot;background_background&quot;:&quot;classic&quot;}\">\n\t\t\t<div class=\"elementor-widget-wrap elementor-element-populated\">\n\t\t\t\t\t\t<div class=\"elementor-element elementor-element-d799bfc elementor-position-top elementor-widget elementor-widget-image-box\" data-id=\"d799bfc\" data-element_type=\"widget\" data-e-type=\"widget\" data-widget_type=\"image-box.default\">\n\t\t\t\t<div class=\"elementor-widget-container\">\n\t\t\t\t\t<div class=\"elementor-image-box-wrapper\"><figure class=\"elementor-image-box-img\"><a href=\"https:\/\/lit.lukasiewicz.gov.pl\/de\/angebot\/kennzeichen-der-konformitat\/sicher-fur-das-kind\/\" tabindex=\"-1\"><img decoding=\"async\" src=\"https:\/\/lit.lukasiewicz.gov.pl\/wp-content\/uploads\/sites\/39\/2025\/03\/BDD-300x300-1.png\" title=\"\" alt=\"\" loading=\"lazy\" \/><\/a><\/figure><div class=\"elementor-image-box-content\"><h3 class=\"elementor-image-box-title\"><a href=\"https:\/\/lit.lukasiewicz.gov.pl\/de\/angebot\/kennzeichen-der-konformitat\/sicher-fur-das-kind\/\">SICHER F\u00dcR DAS KIND<\/a><\/h3><\/div><\/div>\t\t\t\t<\/div>\n\t\t\t\t<\/div>\n\t\t\t\t\t<\/div>\n\t\t<\/div>\n\t\t\t\t<div class=\"elementor-column elementor-col-20 elementor-inner-column elementor-element elementor-element-ec3d56a\" data-id=\"ec3d56a\" data-element_type=\"column\" data-e-type=\"column\" data-settings=\"{&quot;background_background&quot;:&quot;classic&quot;}\">\n\t\t\t<div class=\"elementor-widget-wrap elementor-element-populated\">\n\t\t\t\t\t\t<div class=\"elementor-element elementor-element-7acc3b9 elementor-position-top elementor-widget elementor-widget-image-box\" data-id=\"7acc3b9\" data-element_type=\"widget\" data-e-type=\"widget\" data-widget_type=\"image-box.default\">\n\t\t\t\t<div class=\"elementor-widget-container\">\n\t\t\t\t\t<div class=\"elementor-image-box-wrapper\"><figure class=\"elementor-image-box-img\"><a href=\"https:\/\/lit.lukasiewicz.gov.pl\/de\/sicher-fur-kleinkinder\/\" tabindex=\"-1\"><img decoding=\"async\" src=\"https:\/\/lit.lukasiewicz.gov.pl\/wp-content\/uploads\/sites\/39\/2025\/03\/BDN-300x300-1.png\" title=\"\" alt=\"\" loading=\"lazy\" \/><\/a><\/figure><div class=\"elementor-image-box-content\"><h3 class=\"elementor-image-box-title\"><a href=\"https:\/\/lit.lukasiewicz.gov.pl\/de\/sicher-fur-kleinkinder\/\">SICHER F\u00dcR KLEINKINDER<\/a><\/h3><\/div><\/div>\t\t\t\t<\/div>\n\t\t\t\t<\/div>\n\t\t\t\t\t<\/div>\n\t\t<\/div>\n\t\t\t\t<div class=\"elementor-column elementor-col-20 elementor-inner-column elementor-element elementor-element-5ef055a\" data-id=\"5ef055a\" data-element_type=\"column\" data-e-type=\"column\" data-settings=\"{&quot;background_background&quot;:&quot;classic&quot;}\">\n\t\t\t<div class=\"elementor-widget-wrap elementor-element-populated\">\n\t\t\t\t\t\t<div class=\"elementor-element elementor-element-6d777da elementor-position-top elementor-widget elementor-widget-image-box\" data-id=\"6d777da\" data-element_type=\"widget\" data-e-type=\"widget\" data-widget_type=\"image-box.default\">\n\t\t\t\t<div class=\"elementor-widget-container\">\n\t\t\t\t\t<div class=\"elementor-image-box-wrapper\"><figure class=\"elementor-image-box-img\"><a href=\"https:\/\/lit.lukasiewicz.gov.pl\/oferta\/znaki-zgodnosci\/przyjazny-dla-czlowieka\/\" tabindex=\"-1\"><img decoding=\"async\" src=\"https:\/\/lit.lukasiewicz.gov.pl\/wp-content\/uploads\/sites\/39\/2025\/03\/PDC-297x300-1.png\" title=\"\" alt=\"\" loading=\"lazy\" \/><\/a><\/figure><div class=\"elementor-image-box-content\"><h3 class=\"elementor-image-box-title\"><a href=\"https:\/\/lit.lukasiewicz.gov.pl\/oferta\/znaki-zgodnosci\/przyjazny-dla-czlowieka\/\">MENSCHENFREUNDLICH<\/a><\/h3><\/div><\/div>\t\t\t\t<\/div>\n\t\t\t\t<\/div>\n\t\t\t\t\t<\/div>\n\t\t<\/div>\n\t\t\t\t<div class=\"elementor-column elementor-col-20 elementor-inner-column elementor-element elementor-element-aef28b1\" data-id=\"aef28b1\" data-element_type=\"column\" data-e-type=\"column\" data-settings=\"{&quot;background_background&quot;:&quot;classic&quot;}\">\n\t\t\t<div class=\"elementor-widget-wrap elementor-element-populated\">\n\t\t\t\t\t\t<div class=\"elementor-element elementor-element-e7d2990 elementor-position-top elementor-widget elementor-widget-image-box\" data-id=\"e7d2990\" data-element_type=\"widget\" data-e-type=\"widget\" data-widget_type=\"image-box.default\">\n\t\t\t\t<div class=\"elementor-widget-container\">\n\t\t\t\t\t<div class=\"elementor-image-box-wrapper\"><figure class=\"elementor-image-box-img\"><a href=\"https:\/\/lit.lukasiewicz.gov.pl\/oferta\/znaki-zgodnosci\/certyfikowany-material-twoich-mebli\/\" tabindex=\"-1\"><img decoding=\"async\" src=\"https:\/\/lit.lukasiewicz.gov.pl\/wp-content\/uploads\/sites\/39\/2025\/03\/IPS_logo_meble-1-300x204-1.png\" title=\"\" alt=\"\" loading=\"lazy\" \/><\/a><\/figure><div class=\"elementor-image-box-content\"><h3 class=\"elementor-image-box-title\"><a href=\"https:\/\/lit.lukasiewicz.gov.pl\/oferta\/znaki-zgodnosci\/certyfikowany-material-twoich-mebli\/\">ZERTIFIZIERTES MATERIAL F\u00dcR IHRE M\u00d6BEL<\/a><\/h3><\/div><\/div>\t\t\t\t<\/div>\n\t\t\t\t<\/div>\n\t\t\t\t\t<\/div>\n\t\t<\/div>\n\t\t\t\t<div class=\"elementor-column elementor-col-20 elementor-inner-column elementor-element elementor-element-2eef77f\" data-id=\"2eef77f\" data-element_type=\"column\" data-e-type=\"column\" data-settings=\"{&quot;background_background&quot;:&quot;classic&quot;}\">\n\t\t\t<div class=\"elementor-widget-wrap elementor-element-populated\">\n\t\t\t\t\t\t<div class=\"elementor-element elementor-element-e949249 elementor-position-top elementor-widget elementor-widget-image-box\" data-id=\"e949249\" data-element_type=\"widget\" data-e-type=\"widget\" data-widget_type=\"image-box.default\">\n\t\t\t\t<div class=\"elementor-widget-container\">\n\t\t\t\t\t<div class=\"elementor-image-box-wrapper\"><figure class=\"elementor-image-box-img\"><a href=\"https:\/\/lit.lukasiewicz.gov.pl\/de\/angebot\/kennzeichen-der-konformitat\/uv-stopp\/\" tabindex=\"-1\"><img decoding=\"async\" src=\"https:\/\/lit.lukasiewicz.gov.pl\/wp-content\/uploads\/sites\/39\/2025\/03\/UV_STOP-300x145-1.png\" title=\"\" alt=\"\" loading=\"lazy\" \/><\/a><\/figure><div class=\"elementor-image-box-content\"><h3 class=\"elementor-image-box-title\"><a href=\"https:\/\/lit.lukasiewicz.gov.pl\/de\/angebot\/kennzeichen-der-konformitat\/uv-stopp\/\">UV STOP<\/a><\/h3><\/div><\/div>\t\t\t\t<\/div>\n\t\t\t\t<\/div>\n\t\t\t\t\t<\/div>\n\t\t<\/div>\n\t\t\t\t\t<\/div>\n\t\t<\/section>\n\t\t\t\t\t<\/div>\n\t\t<\/div>\n\t\t\t\t\t<\/div>\n\t\t<\/section>\n\t\t\t\t<\/div>\n\t\t","protected":false},"excerpt":{"rendered":"<p>SICHER F\u00dcR DAS KIND SICHER F\u00dcR KLEINKINDER MENSCHENFREUNDLICH ZERTIFIZIERTES MATERIAL F\u00dcR IHRE M\u00d6BEL UV STOP<\/p>\n","protected":false},"author":205,"featured_media":0,"parent":0,"menu_order":0,"comment_status":"closed","ping_status":"closed","template":"","meta":{"_acf_changed":false,"_seopress_robots_primary_cat":"","_seopress_titles_title":"","_seopress_titles_desc":"","_seopress_robots_index":"","inline_featured_image":false,"footnotes":""},"class_list":["post-65351","page","type-page","status-publish","hentry"],"acf":{"page_icon":null},"publishpress_future_action":{"enabled":false,"date":"2026-05-17 16:58:58","action":"change-status","newStatus":"draft","terms":[],"taxonomy":"translation_priority","extraData":[]},"publishpress_future_workflow_manual_trigger":{"enabledWorkflows":[]},"_links":{"self":[{"href":"https:\/\/lit.lukasiewicz.gov.pl\/de\/wp-json\/wp\/v2\/pages\/65351","targetHints":{"allow":["GET"]}}],"collection":[{"href":"https:\/\/lit.lukasiewicz.gov.pl\/de\/wp-json\/wp\/v2\/pages"}],"about":[{"href":"https:\/\/lit.lukasiewicz.gov.pl\/de\/wp-json\/wp\/v2\/types\/page"}],"author":[{"embeddable":true,"href":"https:\/\/lit.lukasiewicz.gov.pl\/de\/wp-json\/wp\/v2\/users\/205"}],"replies":[{"embeddable":true,"href":"https:\/\/lit.lukasiewicz.gov.pl\/de\/wp-json\/wp\/v2\/comments?post=65351"}],"version-history":[{"count":3,"href":"https:\/\/lit.lukasiewicz.gov.pl\/de\/wp-json\/wp\/v2\/pages\/65351\/revisions"}],"predecessor-version":[{"id":65388,"href":"https:\/\/lit.lukasiewicz.gov.pl\/de\/wp-json\/wp\/v2\/pages\/65351\/revisions\/65388"}],"wp:attachment":[{"href":"https:\/\/lit.lukasiewicz.gov.pl\/de\/wp-json\/wp\/v2\/media?parent=65351"}],"curies":[{"name":"wp","href":"https:\/\/api.w.org\/{rel}","templated":true}]}}