{"id":65355,"date":"2025-06-30T12:58:11","date_gmt":"2025-06-30T10:58:11","guid":{"rendered":"https:\/\/lit.lukasiewicz.gov.pl\/erklaerung-der-verfuegbarkeit\/"},"modified":"2026-04-03T11:26:13","modified_gmt":"2026-04-03T09:26:13","slug":"erklaerung-der-verfuegbarkeit","status":"publish","type":"page","link":"https:\/\/lit.lukasiewicz.gov.pl\/de\/erklaerung-der-verfuegbarkeit\/","title":{"rendered":"Erkl\u00e4rung der Verf\u00fcgbarkeit"},"content":{"rendered":"\t\t<div data-elementor-type=\"wp-page\" data-elementor-id=\"65355\" class=\"elementor elementor-65355 elementor-58283\" data-elementor-post-type=\"page\">\n\t\t\t\t\t\t<section class=\"elementor-section elementor-top-section elementor-element elementor-element-2a9a822 elementor-section-content-bottom white-box-cut elementor-section-boxed elementor-section-height-default elementor-section-height-default\" data-id=\"2a9a822\" data-element_type=\"section\" data-e-type=\"section\" data-settings=\"{&quot;background_background&quot;:&quot;classic&quot;}\">\n\t\t\t\t\t\t<div class=\"elementor-container elementor-column-gap-default\">\n\t\t\t\t\t<div class=\"elementor-column elementor-col-50 elementor-top-column elementor-element elementor-element-df1a5a0\" data-id=\"df1a5a0\" data-element_type=\"column\" data-e-type=\"column\">\n\t\t\t<div class=\"elementor-widget-wrap elementor-element-populated\">\n\t\t\t\t\t\t<div class=\"elementor-element elementor-element-992c2ad elementor-widget elementor-widget-heading\" data-id=\"992c2ad\" data-element_type=\"widget\" data-e-type=\"widget\" data-widget_type=\"heading.default\">\n\t\t\t\t<div class=\"elementor-widget-container\">\n\t\t\t\t\t<h1 class=\"elementor-heading-title elementor-size-default\">Erkl\u00e4rung der Verf\u00fcgbarkeit<\/h1>\t\t\t\t<\/div>\n\t\t\t\t<\/div>\n\t\t\t\t\t<\/div>\n\t\t<\/div>\n\t\t\t\t<div class=\"elementor-column elementor-col-50 elementor-top-column elementor-element elementor-element-a227b3c\" data-id=\"a227b3c\" data-element_type=\"column\" data-e-type=\"column\">\n\t\t\t<div class=\"elementor-widget-wrap elementor-element-populated\">\n\t\t\t\t\t\t<div class=\"elementor-element elementor-element-c81875e elementor-widget__width-initial elementor-widget elementor-widget-image\" data-id=\"c81875e\" data-element_type=\"widget\" data-e-type=\"widget\" data-widget_type=\"image.default\">\n\t\t\t\t<div class=\"elementor-widget-container\">\n\t\t\t\t\t\t\t\t\t\t\t\t\t\t\t<img alt=\"\" fetchpriority=\"high\" decoding=\"async\" width=\"489\" height=\"300\" src=\"https:\/\/lit.lukasiewicz.gov.pl\/wp-content\/uploads\/sites\/39\/2025\/06\/Czlowiek-na-wozku.jpg\" class=\"attachment-full size-full wp-image-65338\" alt=\"\" srcset=\"https:\/\/lit.lukasiewicz.gov.pl\/wp-content\/uploads\/sites\/39\/2025\/06\/Czlowiek-na-wozku.jpg 489w, https:\/\/lit.lukasiewicz.gov.pl\/wp-content\/uploads\/sites\/39\/2025\/06\/Czlowiek-na-wozku-300x184.jpg 300w, https:\/\/lit.lukasiewicz.gov.pl\/wp-content\/uploads\/sites\/39\/2025\/06\/Czlowiek-na-wozku-24x15.jpg 24w, https:\/\/lit.lukasiewicz.gov.pl\/wp-content\/uploads\/sites\/39\/2025\/06\/Czlowiek-na-wozku-36x22.jpg 36w, https:\/\/lit.lukasiewicz.gov.pl\/wp-content\/uploads\/sites\/39\/2025\/06\/Czlowiek-na-wozku-48x29.jpg 48w\" sizes=\"(max-width: 489px) 100vw, 489px\" \/>\t\t\t\t\t\t\t\t\t\t\t\t\t\t\t<\/div>\n\t\t\t\t<\/div>\n\t\t\t\t\t<\/div>\n\t\t<\/div>\n\t\t\t\t\t<\/div>\n\t\t<\/section>\n\t\t\t\t<section class=\"elementor-section elementor-top-section elementor-element elementor-element-ce3529d elementor-section-boxed elementor-section-height-default elementor-section-height-default\" data-id=\"ce3529d\" data-element_type=\"section\" data-e-type=\"section\" data-settings=\"{&quot;background_background&quot;:&quot;classic&quot;}\">\n\t\t\t\t\t\t<div class=\"elementor-container elementor-column-gap-default\">\n\t\t\t\t\t<div class=\"elementor-column elementor-col-100 elementor-top-column elementor-element elementor-element-960f437\" data-id=\"960f437\" data-element_type=\"column\" data-e-type=\"column\" data-settings=\"{&quot;background_background&quot;:&quot;classic&quot;}\">\n\t\t\t<div class=\"elementor-widget-wrap elementor-element-populated\">\n\t\t\t\t\t\t<div class=\"elementor-element elementor-element-5b4dae0 elementor-widget elementor-widget-text-editor\" data-id=\"5b4dae0\" data-element_type=\"widget\" data-e-type=\"widget\" data-widget_type=\"text-editor.default\">\n\t\t\t\t<div class=\"elementor-widget-container\">\n\t\t\t\t\t\t\t\t\t<p><strong>Erkl\u00e4rung der Verf\u00fcgbarkeit<\/strong><\/p><p>\u0141ukasiewicz Research Network &#8211; \u0141\u00f3dzki Instytut Technologiczny (\u0141ukasiewicz-\u0141IT, das Institut) verpflichtet sich, die Verf\u00fcgbarkeit der Website <a href=\"https:\/\/lit.lukasiewicz.gov.pl\/de\/\"><strong>https:\/\/lit.lukasiewicz.gov.pl\/<\/strong><\/a> in \u00dcbereinstimmung mit dem Gesetz vom 4. April 2019 \u00fcber die digitale Zug\u00e4nglichkeit von Websites und mobilen Anwendungen \u00f6ffentlicher Einrichtungen. <\/p><p>Die Zug\u00e4nglichkeitserkl\u00e4rung gilt f\u00fcr die Website <a href=\"https:\/\/lit.lukasiewicz.gov.pl\/de\/\"><strong>https:\/\/lit.lukasiewicz.gov.pl\/<\/strong><\/a>. \u0141ukasiewicz &#8211; \u0141IT verf\u00fcgt nicht \u00fcber eine mobile Anwendung. <\/p><p>Datum der Ver\u00f6ffentlichung der Website: <strong>2022-04-01<br><\/strong>Datum der letzten gr\u00f6\u00dferen Aktualisierung: <strong>2025-05-05<\/strong><\/p><p>Die Website entspricht dem Gesetz \u00fcber die digitale Zug\u00e4nglichkeit von Websites und mobilen Anwendungen von \u00f6ffentlichen Einrichtungen. Die Erkl\u00e4rung wurde am 2020-09-28 abgegeben. Die Erkl\u00e4rung wurde auf der Grundlage einer Selbsteinsch\u00e4tzung der \u00f6ffentlichen Einrichtung abgegeben.  <\/p><p>Auf der Website k\u00f6nnen die Standard-Tastaturk\u00fcrzel des Browsers verwendet werden.<\/p><p><strong>R\u00fcckmeldungen und Kontaktinformationen<\/strong><\/p><p>Sollten Sie Probleme beim Zugriff auf die Website haben, kontaktieren Sie uns bitte. Die Kontaktperson ist Marcin J\u0119drych, E-Mail Adresse: <a href=\"mailto:marcin.jedrych@lit.lukasiewicz.gov.pl\"><strong>marcin.jedrych@lit.lukasiewicz.gov.pl<\/strong><\/a> <\/p><p><strong>Inhalt nicht verf\u00fcgbar<\/strong><\/p><p>Einige Elemente der Website haben aus \u00e4sthetischen Gr\u00fcnden einen zu geringen Kontrast (Folien). Die Filme auf der Website verf\u00fcgen nicht \u00fcber Untertitel, Audiobeschreibungen oder alternative Inhalte f\u00fcr Menschen mit Seh- und H\u00f6rbehinderungen. Die fehlenden Funktionen werden systematisch erg\u00e4nzt. Die auf der Website ver\u00f6ffentlichten Dokumente im PDF- und DOC-Format sind so geschrieben, dass sie f\u00fcr sehbehinderte Menschen nicht zug\u00e4nglich sind.   <\/p><p>Vorbereitung einer Zug\u00e4nglichkeitserkl\u00e4rung<\/p><ul><li>Datum der Erkl\u00e4rung: <strong>2022-04-01<\/strong><\/li><li>Datum der letzten \u00dcberpr\u00fcfung der Erkl\u00e4rung: <strong>2025-06-30<\/strong><\/li><\/ul><p>Die Erkl\u00e4rung basiert auf einer Selbstbewertung, die vom \u0141ukasiewicz Research Network &#8211; \u0141\u00f3d\u017a Institute of Technology durchgef\u00fchrt wurde.<\/p><p>Das \u0141ukasiewicz Research Network &#8211; Lodz Institute of Technology hat keine mobile App.<\/p><p>Wo immer m\u00f6glich, versuchen wir, die digitale Zug\u00e4nglichkeit des Instituts zu verbessern.<\/p><p><strong>R\u00fcckmeldungen und Kontaktinformationen<\/strong><\/p><p>Wenn Sie Probleme mit der Zug\u00e4nglichkeit der Website haben, wenden Sie sich bitte an <a href=\"mailto:sekretariat@lit.lukasiewicz.gov.pl\">sekretariat@lit.lukasiewicz.gov.pl.<\/a> Sie k\u00f6nnen sich auch telefonisch unter 42 307 09 01 an uns wenden, um nicht zug\u00e4ngliche Informationen anzufordern oder sich \u00fcber die mangelnde Zug\u00e4nglichkeit zu beschweren.  <\/p><p>Jeder hat das Recht dazu:<\/p><ul><li>Kommentare \u00fcber die Zug\u00e4nglichkeit der digitalen Website oder eines ihrer Elemente abgeben,<\/li><li>einen Antrag auf digitale Zug\u00e4nglichkeit der Website oder eines Teils der Website stellen,<\/li><li>verlangen, dass die nicht verf\u00fcgbaren Informationen in einer anderen Form zur Verf\u00fcgung gestellt werden.<\/li><\/ul><p>Der Antrag muss Folgendes enthalten:<\/p><ul><li>Kontaktdaten des Notifizierenden,<\/li><li>einen Hinweis auf die angeforderte Seite oder das angeforderte Seitenelement,<\/li><li>verlangen, dass die nicht verf\u00fcgbaren Informationen in einer anderen Form zur Verf\u00fcgung gestellt werden.<\/li><\/ul><p>Der Antrag sollte unverz\u00fcglich, sp\u00e4testens jedoch innerhalb von 7 Tagen, bearbeitet werden. Wenn es nicht m\u00f6glich ist, innerhalb dieser Frist Zugang zu gew\u00e4hren oder den Zugang in einer alternativen Form zu gew\u00e4hren, erfolgt dies sp\u00e4testens innerhalb von 2 Monaten nach dem Datum der Mitteilung. <\/p><p><strong>Beschwerden und Einspr\u00fcche<\/strong><\/p><p>Weigert sich eine \u00f6ffentliche Einrichtung, einem Antrag auf Barrierefreiheit oder einen alternativen Zugang zu den Informationen nachzukommen, kann der Antragsteller eine Beschwerde \u00fcber die Bereitstellung von Barrierefreiheit auf einer digitalen Website, einer mobilen Anwendung oder einem Element einer Website oder mobilen Anwendung einreichen. Nachdem das oben genannte Verfahren ausgesch\u00f6pft wurde, kann auch ein Antrag beim <a href=\"https:\/\/www.rpo.gov.pl\/content\/jak-zglosic-sie-do-rzecznika-praw-obywatelskich\">B\u00fcrgerbeauftragten<\/a> gestellt werden. <\/p><p><strong>Architektonische Zug\u00e4nglichkeit<\/strong><\/p><ul><li>Hauptsitz \u0141ukasiewicz &#8211; \u0141\u00f3dzki Instytut Technologiczny<br>M. Curie-Sk\u0142odowskiej Stra\u00dfe 19-27 | 90-570 \u0141\u00f3d\u017a <br><br><\/li><li>\u0141\u00f3dzki Instytut Technologiczny<br>ul. <a href=\"https:\/\/www.google.com\/maps\/place\/data=!4m2!3m1!1s0x471bcb0c0b8a8891:0xcc1cd92ef2ff8122?sa=X&amp;ved=1t:8290&amp;ictx=111\">Brzezi\u0144ska 5\/15 | 92-103 \u0141\u00f3d\u017a<\/a><\/li><li>\u0141\u00f3dzki Instytut Technologiczny<br>ul. Gda\u0144ska 118 | <a href=\"https:\/\/www.google.com\/maps\/place\/data=!4m2!3m1!1s0x471a352a3be18b3b:0xfe5c8e50345bf8f3?sa=X&amp;ved=1t:8290&amp;ictx=111\"> 90-520 \u0141\u00f3d\u017a<\/a> <\/li><li>  Lodzer Institut f\u00fcr Technologie<br><a href=\"https:\/\/www.google.com\/maps\/place\/data=!4m2!3m1!1s0x471ecd4dba395ebb:0x978edf7b3952dbf?sa=X&amp;ved=1t:8290&amp;ictx=111\">Konstanci\u0144ska 11 | 02-942 Warschau<\/a><\/li><li>  \u0141\u00f3d\u017a Institut f\u00fcr Technologie<br>Zakopia\u0144ska 9 | 30-418 Krak\u00f3w<\/li><\/ul><p> <\/p><p>Zugang:<br>Alle R\u00e4umlichkeiten k\u00f6nnen selbst\u00e4ndig oder mit \u00f6ffentlichen Verkehrsmitteln erreicht werden. Der Zugang zu den Geb\u00e4uden entspricht den Anforderungen an die Zug\u00e4nglichkeit f\u00fcr Menschen mit Behinderungen, insbesondere f\u00fcr Menschen mit Seh-, H\u00f6r- und Bewegungseinschr\u00e4nkungen. <\/p><p>Parken:<\/p><ul><li>An allen Standorten stehen Parkpl\u00e4tze f\u00fcr Mitarbeiter und Besucher zur Verf\u00fcgung.<\/li><\/ul><p>Geb\u00e4ude:<\/p><p>Alle Einrichtungen sind gesch\u00fctzt.<\/p><p>Es gibt keine Einrichtungen vor Ort:<\/p><ul><li>Induktionsschleifen,<\/li><li>Beschilderung in Blindenschrift oder Kontrast- oder Vergr\u00f6\u00dferungsdruck f\u00fcr Blinde und Sehbehinderte,<\/li><li>taktile und sprachgesteuerte Informationen zur Raumaufteilung,<\/li><li>ein Audiof\u00fchrungssystem f\u00fcr blinde und sehbehinderte Menschen,<\/li><li>eine Person, die die Geb\u00e4rdensprache verwendet,<\/li><li>Zugang f\u00fcr Personen, die einen Assistenzhund benutzen<\/li><li>Fluchtwegbeschilderung f\u00fcr Menschen mit besonderen Bed\u00fcrfnissen,<\/li><li>Zug\u00e4ngliche Toiletten f\u00fcr Menschen mit Behinderungen.<\/li><\/ul><p>Wo immer m\u00f6glich, versuchen wir, die architektonische Zug\u00e4nglichkeit des Instituts zu verbessern.<\/p>\t\t\t\t\t\t\t\t<\/div>\n\t\t\t\t<\/div>\n\t\t\t\t\t<\/div>\n\t\t<\/div>\n\t\t\t\t\t<\/div>\n\t\t<\/section>\n\t\t\t\t<section class=\"elementor-section elementor-top-section elementor-element elementor-element-eafd725 elementor-section-boxed elementor-section-height-default elementor-section-height-default\" data-id=\"eafd725\" data-element_type=\"section\" data-e-type=\"section\" data-settings=\"{&quot;background_background&quot;:&quot;classic&quot;}\">\n\t\t\t\t\t\t<div class=\"elementor-container elementor-column-gap-default\">\n\t\t\t\t\t<div class=\"elementor-column elementor-col-100 elementor-top-column elementor-element elementor-element-cd3c1d5\" data-id=\"cd3c1d5\" data-element_type=\"column\" data-e-type=\"column\">\n\t\t\t<div class=\"elementor-widget-wrap elementor-element-populated\">\n\t\t\t\t\t\t<section class=\"elementor-section elementor-inner-section elementor-element elementor-element-192491b elementor-section-boxed elementor-section-height-default elementor-section-height-default\" data-id=\"192491b\" data-element_type=\"section\" data-e-type=\"section\">\n\t\t\t\t\t\t<div class=\"elementor-container elementor-column-gap-default\">\n\t\t\t\t\t<div class=\"elementor-column elementor-col-100 elementor-inner-column elementor-element elementor-element-2089579\" data-id=\"2089579\" data-element_type=\"column\" data-e-type=\"column\">\n\t\t\t<div class=\"elementor-widget-wrap elementor-element-populated\">\n\t\t\t\t\t\t<div class=\"elementor-element elementor-element-4c5438e elementor-widget-divider--view-line_text elementor-widget-divider--element-align-left elementor-widget elementor-widget-divider\" data-id=\"4c5438e\" data-element_type=\"widget\" data-e-type=\"widget\" data-widget_type=\"divider.default\">\n\t\t\t\t<div class=\"elementor-widget-container\">\n\t\t\t\t\t\t\t<div class=\"elementor-divider\">\n\t\t\t<span class=\"elementor-divider-separator\">\n\t\t\t\t\t\t\t<span class=\"elementor-divider__text elementor-divider__element\">\n\t\t\t\tDOWNLOADS\t\t\t\t<\/span>\n\t\t\t\t\t\t<\/span>\n\t\t<\/div>\n\t\t\t\t\t\t<\/div>\n\t\t\t\t<\/div>\n\t\t\t\t\t<\/div>\n\t\t<\/div>\n\t\t\t\t\t<\/div>\n\t\t<\/section>\n\t\t\t\t\t<\/div>\n\t\t<\/div>\n\t\t\t\t\t<\/div>\n\t\t<\/section>\n\t\t\t\t<section class=\"elementor-section elementor-top-section elementor-element elementor-element-fa060ef elementor-section-boxed elementor-section-height-default elementor-section-height-default\" data-id=\"fa060ef\" data-element_type=\"section\" data-e-type=\"section\" data-settings=\"{&quot;background_background&quot;:&quot;classic&quot;}\">\n\t\t\t\t\t\t<div class=\"elementor-container elementor-column-gap-default\">\n\t\t\t\t\t<div class=\"elementor-column elementor-col-100 elementor-top-column elementor-element elementor-element-24d58c0\" data-id=\"24d58c0\" data-element_type=\"column\" data-e-type=\"column\">\n\t\t\t<div class=\"elementor-widget-wrap elementor-element-populated\">\n\t\t\t\t\t\t<section class=\"elementor-section elementor-inner-section elementor-element elementor-element-7e3e494 elementor-section-boxed elementor-section-height-default elementor-section-height-default\" data-id=\"7e3e494\" data-element_type=\"section\" data-e-type=\"section\">\n\t\t\t\t\t\t<div class=\"elementor-container elementor-column-gap-default\">\n\t\t\t\t\t<div class=\"elementor-column elementor-col-33 elementor-inner-column elementor-element elementor-element-f965322\" data-id=\"f965322\" data-element_type=\"column\" data-e-type=\"column\" data-settings=\"{&quot;background_background&quot;:&quot;classic&quot;}\">\n\t\t\t<div class=\"elementor-widget-wrap elementor-element-populated\">\n\t\t\t\t\t\t<div class=\"elementor-element elementor-element-aa13e27 elementor-position-inline-start elementor-view-default elementor-mobile-position-block-start elementor-invisible elementor-widget elementor-widget-icon-box\" data-id=\"aa13e27\" data-element_type=\"widget\" data-e-type=\"widget\" data-settings=\"{&quot;_animation&quot;:&quot;fadeInDown&quot;}\" data-widget_type=\"icon-box.default\">\n\t\t\t\t<div class=\"elementor-widget-container\">\n\t\t\t\t\t\t\t<div class=\"elementor-icon-box-wrapper\">\n\n\t\t\t\t\t\t<div class=\"elementor-icon-box-icon\">\n\t\t\t\t<a href=\"https:\/\/lit.lukasiewicz.gov.pl\/wp-content\/uploads\/sites\/39\/2025\/06\/Deklaracja-dostepnosci-LIT.pdf\" class=\"elementor-icon elementor-animation-bounce-out\" tabindex=\"-1\" aria-label=\"LIT-Zug\u00e4nglichkeitserkl\u00e4rung\">\n\t\t\t\t<svg xmlns=\"http:\/\/www.w3.org\/2000\/svg\" xmlns:xlink=\"http:\/\/www.w3.org\/1999\/xlink\" xmlns:serif=\"http:\/\/www.serif.com\/\" width=\"100%\" height=\"100%\" viewBox=\"0 0 3288 4113\" xml:space=\"preserve\" style=\"fill-rule:evenodd;clip-rule:evenodd;stroke-linejoin:round;stroke-miterlimit:2;\"><path d=\"M447.783,0l2114.59,0l724.479,668.908l-0,3040.82l-990.363,0l94.53,-121.612l774.479,-0l-0,-2797.58l-772.396,0l0,-668.904l-1823.83,0l-0,418.359l-121.488,-0l0,-539.988Zm121.488,1727.7l-0,1860.42l774.479,-0.001l94.529,121.613l-990.496,0l0,-1982.03l121.488,-0Z\" style=\"fill:#3de621;\"><\/path><rect x=\"0\" y=\"631.925\" width=\"2134.24\" height=\"1004.31\" style=\"fill:#3de621;\"><\/rect><path d=\"M1611.98,2728.74l510.808,-0.001l0,652.642l313.15,0l-568.883,729.284l-568.358,-729.284l313.283,0l0,-652.641Z\" style=\"fill:#3de621;\"><\/path><path d=\"M296.483,1427.88l0,-587.125l189.717,0c65.362,0 112.758,2.813 143.096,7.996c29.95,5.662 56.771,24.062 80.862,54.454c23.83,29.933 35.546,69.063 35.546,118.083c0,42.905 -8.725,78.492 -27.475,106.771c-19.141,29.221 -43.621,48.805 -73.566,60.588c-30.471,11.55 -80.6,17.433 -152.475,17.433l-77.084,0l0,221.8l-118.621,0Zm118.621,-488.154l0,166.654l64.584,0c52.345,0 89.583,-5.896 111.2,-17.446c21.875,-11.783 33.462,-33.45 33.462,-66.237c0,-31.342 -10.158,-53.271 -29.95,-64.792c-18.879,-12.512 -59.371,-18.179 -121.875,-18.179l-57.421,0Zm427.996,-98.971l216.663,0c61.07,0 110.291,7.996 148.179,24.492c38.412,16.979 68.883,49.037 92.191,96.175c23.304,48.083 34.892,107.017 34.892,178.421c0,192.1 -90.1,288.037 -268.879,288.037l-223.046,0l-0,-587.125Zm118.358,98.971l0,389.388l87.892,-0c61.067,-0 103.254,-13.175 127.212,-39.346c24.088,-26.171 35.68,-78.009 35.68,-155.092c-0,-58.229 -7.292,-100.417 -22.009,-128.7c-14.321,-28.529 -33.2,-45.962 -56.508,-53.971c-23.308,-8.033 -62.5,-12.279 -118.363,-12.279l-53.904,0Zm474.742,488.154l0,-587.125l401.558,0l0,98.971l-283.329,0l0,138.842l244.267,-0l-0,99.687l-244.267,0l0,249.625l-118.229,0Z\" style=\"fill:#fff;\"><\/path><\/svg>\t\t\t\t<\/a>\n\t\t\t<\/div>\n\t\t\t\n\t\t\t\t\t\t<div class=\"elementor-icon-box-content\">\n\n\t\t\t\t\t\t\t\t\t<h4 class=\"elementor-icon-box-title\">\n\t\t\t\t\t\t<a href=\"https:\/\/lit.lukasiewicz.gov.pl\/wp-content\/uploads\/sites\/39\/2025\/06\/Deklaracja-dostepnosci-LIT.pdf\" >\n\t\t\t\t\t\t\tLIT-Zug\u00e4nglichkeitserkl\u00e4rung\t\t\t\t\t\t<\/a>\n\t\t\t\t\t<\/h4>\n\t\t\t\t\n\t\t\t\t\n\t\t\t<\/div>\n\t\t\t\n\t\t<\/div>\n\t\t\t\t\t\t<\/div>\n\t\t\t\t<\/div>\n\t\t\t\t\t<\/div>\n\t\t<\/div>\n\t\t\t\t<div class=\"elementor-column elementor-col-33 elementor-inner-column elementor-element elementor-element-8601c9b\" data-id=\"8601c9b\" data-element_type=\"column\" data-e-type=\"column\" data-settings=\"{&quot;background_background&quot;:&quot;classic&quot;}\">\n\t\t\t<div class=\"elementor-widget-wrap\">\n\t\t\t\t\t\t\t<\/div>\n\t\t<\/div>\n\t\t\t\t<div class=\"elementor-column elementor-col-33 elementor-inner-column elementor-element elementor-element-830ae3a\" data-id=\"830ae3a\" data-element_type=\"column\" data-e-type=\"column\" data-settings=\"{&quot;background_background&quot;:&quot;classic&quot;}\">\n\t\t\t<div class=\"elementor-widget-wrap\">\n\t\t\t\t\t\t\t<\/div>\n\t\t<\/div>\n\t\t\t\t\t<\/div>\n\t\t<\/section>\n\t\t\t\t\t<\/div>\n\t\t<\/div>\n\t\t\t\t\t<\/div>\n\t\t<\/section>\n\t\t\t\t<\/div>\n\t\t","protected":false},"excerpt":{"rendered":"<p>Erkl\u00e4rung der Verf\u00fcgbarkeit \u0141ukasiewicz Research Network &#8211; \u0141\u00f3dzki Instytut Technologiczny (\u0141ukasiewicz-\u0141IT, das Institut) verpflichtet sich, die Verf\u00fcgbarkeit der Website https:\/\/lit.lukasiewicz.gov.pl\/ in \u00dcbereinstimmung mit dem Gesetz vom 4. April 2019 \u00fcber die digitale Zug\u00e4nglichkeit von Websites und mobilen Anwendungen \u00f6ffentlicher Einrichtungen. Die Zug\u00e4nglichkeitserkl\u00e4rung gilt f\u00fcr die Website https:\/\/lit.lukasiewicz.gov.pl\/. \u0141ukasiewicz &#8211; \u0141IT verf\u00fcgt nicht \u00fcber eine mobile [&hellip;]<\/p>\n","protected":false},"author":260,"featured_media":0,"parent":0,"menu_order":0,"comment_status":"closed","ping_status":"closed","template":"","meta":{"_acf_changed":false,"_seopress_robots_primary_cat":"","_seopress_titles_title":"","_seopress_titles_desc":"","_seopress_robots_index":"","inline_featured_image":false,"footnotes":""},"class_list":["post-65355","page","type-page","status-publish","hentry"],"acf":{"page_icon":null},"publishpress_future_action":{"enabled":false,"date":"2026-04-16 06:57:52","action":"change-status","newStatus":"draft","terms":[],"taxonomy":"translation_priority","extraData":[]},"publishpress_future_workflow_manual_trigger":{"enabledWorkflows":[]},"_links":{"self":[{"href":"https:\/\/lit.lukasiewicz.gov.pl\/de\/wp-json\/wp\/v2\/pages\/65355","targetHints":{"allow":["GET"]}}],"collection":[{"href":"https:\/\/lit.lukasiewicz.gov.pl\/de\/wp-json\/wp\/v2\/pages"}],"about":[{"href":"https:\/\/lit.lukasiewicz.gov.pl\/de\/wp-json\/wp\/v2\/types\/page"}],"author":[{"embeddable":true,"href":"https:\/\/lit.lukasiewicz.gov.pl\/de\/wp-json\/wp\/v2\/users\/260"}],"replies":[{"embeddable":true,"href":"https:\/\/lit.lukasiewicz.gov.pl\/de\/wp-json\/wp\/v2\/comments?post=65355"}],"version-history":[{"count":1,"href":"https:\/\/lit.lukasiewicz.gov.pl\/de\/wp-json\/wp\/v2\/pages\/65355\/revisions"}],"predecessor-version":[{"id":65356,"href":"https:\/\/lit.lukasiewicz.gov.pl\/de\/wp-json\/wp\/v2\/pages\/65355\/revisions\/65356"}],"wp:attachment":[{"href":"https:\/\/lit.lukasiewicz.gov.pl\/de\/wp-json\/wp\/v2\/media?parent=65355"}],"curies":[{"name":"wp","href":"https:\/\/api.w.org\/{rel}","templated":true}]}}