{"id":65369,"date":"2025-05-19T19:20:29","date_gmt":"2025-05-19T17:20:29","guid":{"rendered":"https:\/\/lit.lukasiewicz.gov.pl\/plan-zur-gleichstellung-der-geschlechter-gep\/"},"modified":"2026-04-03T11:29:18","modified_gmt":"2026-04-03T09:29:18","slug":"plan-zur-gleichstellung-der-geschlechter-gep","status":"publish","type":"page","link":"https:\/\/lit.lukasiewicz.gov.pl\/de\/plan-zur-gleichstellung-der-geschlechter-gep\/","title":{"rendered":"Plan zur Gleichstellung der Geschlechter (GEP)"},"content":{"rendered":"\t\t<div data-elementor-type=\"wp-page\" data-elementor-id=\"65369\" class=\"elementor elementor-65369 elementor-56376\" data-elementor-post-type=\"page\">\n\t\t\t\t\t\t<section class=\"elementor-section elementor-top-section elementor-element elementor-element-825afee elementor-section-content-bottom white-box-cut elementor-section-boxed elementor-section-height-default elementor-section-height-default\" data-id=\"825afee\" data-element_type=\"section\" data-e-type=\"section\" data-settings=\"{&quot;background_background&quot;:&quot;classic&quot;}\">\n\t\t\t\t\t\t<div class=\"elementor-container elementor-column-gap-default\">\n\t\t\t\t\t<div class=\"elementor-column elementor-col-50 elementor-top-column elementor-element elementor-element-537d82f\" data-id=\"537d82f\" data-element_type=\"column\" data-e-type=\"column\">\n\t\t\t<div class=\"elementor-widget-wrap elementor-element-populated\">\n\t\t\t\t\t\t<div class=\"elementor-element elementor-element-b0b2b8d elementor-widget elementor-widget-heading\" data-id=\"b0b2b8d\" data-element_type=\"widget\" data-e-type=\"widget\" data-widget_type=\"heading.default\">\n\t\t\t\t<div class=\"elementor-widget-container\">\n\t\t\t\t\t<h1 class=\"elementor-heading-title elementor-size-default\">Plan zur Gleichstellung der Geschlechter (GEP)<\/h1>\t\t\t\t<\/div>\n\t\t\t\t<\/div>\n\t\t\t\t\t<\/div>\n\t\t<\/div>\n\t\t\t\t<div class=\"elementor-column elementor-col-50 elementor-top-column elementor-element elementor-element-2de3d4a\" data-id=\"2de3d4a\" data-element_type=\"column\" data-e-type=\"column\">\n\t\t\t<div class=\"elementor-widget-wrap elementor-element-populated\">\n\t\t\t\t\t\t<div class=\"elementor-element elementor-element-fa390f5 elementor-widget__width-initial elementor-widget elementor-widget-image\" data-id=\"fa390f5\" data-element_type=\"widget\" data-e-type=\"widget\" data-widget_type=\"image.default\">\n\t\t\t\t<div class=\"elementor-widget-container\">\n\t\t\t\t\t\t\t\t\t\t\t\t\t\t\t<img fetchpriority=\"high\" decoding=\"async\" width=\"800\" height=\"450\" src=\"https:\/\/lit.lukasiewicz.gov.pl\/wp-content\/uploads\/sites\/39\/2025\/05\/kolorowe-pionki-na-bialym-tle.webp\" class=\"attachment-full size-full wp-image-65341\" alt=\"farbige Spielfiguren auf wei\u00dfem Hintergrund\" srcset=\"https:\/\/lit.lukasiewicz.gov.pl\/wp-content\/uploads\/sites\/39\/2025\/05\/kolorowe-pionki-na-bialym-tle.webp 800w, https:\/\/lit.lukasiewicz.gov.pl\/wp-content\/uploads\/sites\/39\/2025\/05\/kolorowe-pionki-na-bialym-tle-300x169.webp 300w, https:\/\/lit.lukasiewicz.gov.pl\/wp-content\/uploads\/sites\/39\/2025\/05\/kolorowe-pionki-na-bialym-tle-768x432.webp 768w, https:\/\/lit.lukasiewicz.gov.pl\/wp-content\/uploads\/sites\/39\/2025\/05\/kolorowe-pionki-na-bialym-tle-24x14.webp 24w, https:\/\/lit.lukasiewicz.gov.pl\/wp-content\/uploads\/sites\/39\/2025\/05\/kolorowe-pionki-na-bialym-tle-36x20.webp 36w, https:\/\/lit.lukasiewicz.gov.pl\/wp-content\/uploads\/sites\/39\/2025\/05\/kolorowe-pionki-na-bialym-tle-48x27.webp 48w\" sizes=\"(max-width: 800px) 100vw, 800px\" \/>\t\t\t\t\t\t\t\t\t\t\t\t\t\t\t<\/div>\n\t\t\t\t<\/div>\n\t\t\t\t\t<\/div>\n\t\t<\/div>\n\t\t\t\t\t<\/div>\n\t\t<\/section>\n\t\t\t\t<section class=\"elementor-section elementor-top-section elementor-element elementor-element-def66c9 elementor-section-boxed elementor-section-height-default elementor-section-height-default\" data-id=\"def66c9\" data-element_type=\"section\" data-e-type=\"section\" data-settings=\"{&quot;background_background&quot;:&quot;classic&quot;}\">\n\t\t\t\t\t\t<div class=\"elementor-container elementor-column-gap-default\">\n\t\t\t\t\t<div class=\"elementor-column elementor-col-100 elementor-top-column elementor-element elementor-element-6994953\" data-id=\"6994953\" data-element_type=\"column\" data-e-type=\"column\" data-settings=\"{&quot;background_background&quot;:&quot;classic&quot;}\">\n\t\t\t<div class=\"elementor-widget-wrap elementor-element-populated\">\n\t\t\t\t\t\t<div class=\"elementor-element elementor-element-d537acc elementor-widget elementor-widget-text-editor\" data-id=\"d537acc\" data-element_type=\"widget\" data-e-type=\"widget\" data-widget_type=\"text-editor.default\">\n\t\t\t\t<div class=\"elementor-widget-container\">\n\t\t\t\t\t\t\t\t\t<p>Das \u0141ukasiewicz Research Network &#8211; Lodz Institute of Technology erkl\u00e4rt, die Politik der Chancengleichheit anzuwenden, die darauf abzielt, den vollst\u00e4ndigen und gleichberechtigten Zugang und die gleichberechtigte Teilhabe der Mitarbeiter in allen Bereichen des gesellschaftlichen Lebens und der beruflichen Aktivit\u00e4ten zu f\u00f6rdern, unabh\u00e4ngig von Geschlecht, Ethnie, Nationalit\u00e4t, sexueller Orientierung, Religion, politischer \u00dcberzeugung, Gewerkschaftszugeh\u00f6rigkeit oder Form der Besch\u00e4ftigung.<\/p><p>Der Gleichstellungsplan (GEP) des Lukasiewicz &#8211; Lodz Institute of Technology, der f\u00fcr die Jahre 2022-26 entwickelt wurde, ist eines der Instrumente zur Schaffung eines sicheren Arbeitsumfelds am Institut, das frei von Diskriminierung ist und in dem die Vielfalt als besonderer Wert behandelt wird.<\/p><p>Mit der (Entwicklung) des Plans soll sichergestellt werden, dass sich alle Mitarbeiter beruflich, wissenschaftlich und pers\u00f6nlich frei entfalten k\u00f6nnen, indem sie unter anderem die verschiedenen Aspekte der Gleichstellung der Geschlechter und die Art der verschiedenen Rollen, die Forscher aller Geschlechter wahrnehmen, verstehen. Der Plan soll es ihnen erleichtern, ihre wissenschaftlichen und anderen Aufgaben in einer Atmosph\u00e4re der Sicherheit, nicht nur der wirtschaftlichen Sicherheit, zu vereinbaren.  <\/p><p>Von besonderer Bedeutung f\u00fcr den GEP-Plan des Instituts sind vier Bereiche:<\/p><ul><li>Sensibilisieren Sie Ihre Mitarbeiter f\u00fcr Gleichstellungsfragen und st\u00e4rken Sie eine positive Einstellung zur Vielfalt.<\/li><li>Einbeziehung der Geschlechterdimension (Aspekt) in den Inhalt der Forschung und der entwickelten Innovationen<\/li><li>Ausgewogene Unterst\u00fctzung f\u00fcr die berufliche Entwicklung von Frauen und M\u00e4nnern, mit besonderem Schwerpunkt auf wissenschaftlichen Laufbahnen<\/li><li>Unterst\u00fctzung bei der Vereinbarkeit von Beruf und Privatleben mit besonderem Augenmerk auf die Betreuung von Kindern und anderen Familienmitgliedern.<\/li><\/ul>\t\t\t\t\t\t\t\t<\/div>\n\t\t\t\t<\/div>\n\t\t\t\t\t<\/div>\n\t\t<\/div>\n\t\t\t\t\t<\/div>\n\t\t<\/section>\n\t\t\t\t<section class=\"elementor-section elementor-top-section elementor-element elementor-element-e2bde4f elementor-section-boxed elementor-section-height-default elementor-section-height-default\" data-id=\"e2bde4f\" data-element_type=\"section\" data-e-type=\"section\" data-settings=\"{&quot;background_background&quot;:&quot;classic&quot;}\">\n\t\t\t\t\t\t<div class=\"elementor-container elementor-column-gap-default\">\n\t\t\t\t\t<div class=\"elementor-column elementor-col-100 elementor-top-column elementor-element elementor-element-6911d34\" data-id=\"6911d34\" data-element_type=\"column\" data-e-type=\"column\">\n\t\t\t<div class=\"elementor-widget-wrap elementor-element-populated\">\n\t\t\t\t\t\t<section class=\"elementor-section elementor-inner-section elementor-element elementor-element-ba84760 elementor-section-boxed elementor-section-height-default elementor-section-height-default\" data-id=\"ba84760\" data-element_type=\"section\" data-e-type=\"section\">\n\t\t\t\t\t\t<div class=\"elementor-container elementor-column-gap-default\">\n\t\t\t\t\t<div class=\"elementor-column elementor-col-33 elementor-inner-column elementor-element elementor-element-beabd52\" data-id=\"beabd52\" data-element_type=\"column\" data-e-type=\"column\" data-settings=\"{&quot;background_background&quot;:&quot;classic&quot;}\">\n\t\t\t<div class=\"elementor-widget-wrap elementor-element-populated\">\n\t\t\t\t\t\t<div class=\"elementor-element elementor-element-f7345a6 elementor-position-inline-start elementor-view-default elementor-mobile-position-block-start elementor-invisible elementor-widget elementor-widget-icon-box\" data-id=\"f7345a6\" data-element_type=\"widget\" data-e-type=\"widget\" data-settings=\"{&quot;_animation&quot;:&quot;fadeInDown&quot;}\" data-widget_type=\"icon-box.default\">\n\t\t\t\t<div class=\"elementor-widget-container\">\n\t\t\t\t\t\t\t<div class=\"elementor-icon-box-wrapper\">\n\n\t\t\t\t\t\t<div class=\"elementor-icon-box-icon\">\n\t\t\t\t<a href=\"https:\/\/lit.lukasiewicz.gov.pl\/wp-content\/uploads\/sites\/39\/2025\/05\/Plan-Rownosci-Plci-GEP-w-Lukasiewicz-\u2013-LIT-na-lata-2022-2026.pdf\" class=\"elementor-icon elementor-animation-bounce-out\" tabindex=\"-1\" aria-label=\"Plan zur Gleichstellung der Geschlechter (GEP)\">\n\t\t\t\t<svg xmlns=\"http:\/\/www.w3.org\/2000\/svg\" xmlns:xlink=\"http:\/\/www.w3.org\/1999\/xlink\" xmlns:serif=\"http:\/\/www.serif.com\/\" width=\"100%\" height=\"100%\" viewBox=\"0 0 3288 4113\" xml:space=\"preserve\" style=\"fill-rule:evenodd;clip-rule:evenodd;stroke-linejoin:round;stroke-miterlimit:2;\"><path d=\"M447.783,0l2114.59,0l724.479,668.908l-0,3040.82l-990.363,0l94.53,-121.612l774.479,-0l-0,-2797.58l-772.396,0l0,-668.904l-1823.83,0l-0,418.359l-121.488,-0l0,-539.988Zm121.488,1727.7l-0,1860.42l774.479,-0.001l94.529,121.613l-990.496,0l0,-1982.03l121.488,-0Z\" style=\"fill:#3de621;\"><\/path><rect x=\"0\" y=\"631.925\" width=\"2134.24\" height=\"1004.31\" style=\"fill:#3de621;\"><\/rect><path d=\"M1611.98,2728.74l510.808,-0.001l0,652.642l313.15,0l-568.883,729.284l-568.358,-729.284l313.283,0l0,-652.641Z\" style=\"fill:#3de621;\"><\/path><path d=\"M296.483,1427.88l0,-587.125l189.717,0c65.362,0 112.758,2.813 143.096,7.996c29.95,5.662 56.771,24.062 80.862,54.454c23.83,29.933 35.546,69.063 35.546,118.083c0,42.905 -8.725,78.492 -27.475,106.771c-19.141,29.221 -43.621,48.805 -73.566,60.588c-30.471,11.55 -80.6,17.433 -152.475,17.433l-77.084,0l0,221.8l-118.621,0Zm118.621,-488.154l0,166.654l64.584,0c52.345,0 89.583,-5.896 111.2,-17.446c21.875,-11.783 33.462,-33.45 33.462,-66.237c0,-31.342 -10.158,-53.271 -29.95,-64.792c-18.879,-12.512 -59.371,-18.179 -121.875,-18.179l-57.421,0Zm427.996,-98.971l216.663,0c61.07,0 110.291,7.996 148.179,24.492c38.412,16.979 68.883,49.037 92.191,96.175c23.304,48.083 34.892,107.017 34.892,178.421c0,192.1 -90.1,288.037 -268.879,288.037l-223.046,0l-0,-587.125Zm118.358,98.971l0,389.388l87.892,-0c61.067,-0 103.254,-13.175 127.212,-39.346c24.088,-26.171 35.68,-78.009 35.68,-155.092c-0,-58.229 -7.292,-100.417 -22.009,-128.7c-14.321,-28.529 -33.2,-45.962 -56.508,-53.971c-23.308,-8.033 -62.5,-12.279 -118.363,-12.279l-53.904,0Zm474.742,488.154l0,-587.125l401.558,0l0,98.971l-283.329,0l0,138.842l244.267,-0l-0,99.687l-244.267,0l0,249.625l-118.229,0Z\" style=\"fill:#fff;\"><\/path><\/svg>\t\t\t\t<\/a>\n\t\t\t<\/div>\n\t\t\t\n\t\t\t\t\t\t<div class=\"elementor-icon-box-content\">\n\n\t\t\t\t\t\t\t\t\t<h4 class=\"elementor-icon-box-title\">\n\t\t\t\t\t\t<a href=\"https:\/\/lit.lukasiewicz.gov.pl\/wp-content\/uploads\/sites\/39\/2025\/05\/Plan-Rownosci-Plci-GEP-w-Lukasiewicz-\u2013-LIT-na-lata-2022-2026.pdf\" >\n\t\t\t\t\t\t\tPlan zur Gleichstellung der Geschlechter (GEP)\t\t\t\t\t\t<\/a>\n\t\t\t\t\t<\/h4>\n\t\t\t\t\n\t\t\t\t\t\t\t\t\t<p class=\"elementor-icon-box-description\">\n\t\t\t\t\t\tin Lukasiewicz - \u0141IT f\u00fcr den Zeitraum 2022-2026\t\t\t\t\t<\/p>\n\t\t\t\t\n\t\t\t<\/div>\n\t\t\t\n\t\t<\/div>\n\t\t\t\t\t\t<\/div>\n\t\t\t\t<\/div>\n\t\t\t\t\t<\/div>\n\t\t<\/div>\n\t\t\t\t<div class=\"elementor-column elementor-col-33 elementor-inner-column elementor-element elementor-element-1c33bf4\" data-id=\"1c33bf4\" data-element_type=\"column\" data-e-type=\"column\" data-settings=\"{&quot;background_background&quot;:&quot;classic&quot;}\">\n\t\t\t<div class=\"elementor-widget-wrap elementor-element-populated\">\n\t\t\t\t\t\t<div class=\"elementor-element elementor-element-37a1e46 elementor-position-inline-start elementor-view-default elementor-mobile-position-block-start elementor-invisible elementor-widget elementor-widget-icon-box\" data-id=\"37a1e46\" data-element_type=\"widget\" data-e-type=\"widget\" data-settings=\"{&quot;_animation&quot;:&quot;fadeInDown&quot;}\" data-widget_type=\"icon-box.default\">\n\t\t\t\t<div class=\"elementor-widget-container\">\n\t\t\t\t\t\t\t<div class=\"elementor-icon-box-wrapper\">\n\n\t\t\t\t\t\t<div class=\"elementor-icon-box-icon\">\n\t\t\t\t<a href=\"https:\/\/lit.lukasiewicz.gov.pl\/wp-content\/uploads\/sites\/39\/2025\/05\/Gender-Equality-Plan-GEP-Lukasiewicz.pdf\" class=\"elementor-icon elementor-animation-bounce-out\" tabindex=\"-1\" aria-label=\"Plan zur Gleichstellung der Geschlechter (GEP)\">\n\t\t\t\t<svg xmlns=\"http:\/\/www.w3.org\/2000\/svg\" xmlns:xlink=\"http:\/\/www.w3.org\/1999\/xlink\" xmlns:serif=\"http:\/\/www.serif.com\/\" width=\"100%\" height=\"100%\" viewBox=\"0 0 3288 4113\" xml:space=\"preserve\" style=\"fill-rule:evenodd;clip-rule:evenodd;stroke-linejoin:round;stroke-miterlimit:2;\"><path d=\"M447.783,0l2114.59,0l724.479,668.908l-0,3040.82l-990.363,0l94.53,-121.612l774.479,-0l-0,-2797.58l-772.396,0l0,-668.904l-1823.83,0l-0,418.359l-121.488,-0l0,-539.988Zm121.488,1727.7l-0,1860.42l774.479,-0.001l94.529,121.613l-990.496,0l0,-1982.03l121.488,-0Z\" style=\"fill:#3de621;\"><\/path><rect x=\"0\" y=\"631.925\" width=\"2134.24\" height=\"1004.31\" style=\"fill:#3de621;\"><\/rect><path d=\"M1611.98,2728.74l510.808,-0.001l0,652.642l313.15,0l-568.883,729.284l-568.358,-729.284l313.283,0l0,-652.641Z\" style=\"fill:#3de621;\"><\/path><path d=\"M296.483,1427.88l0,-587.125l189.717,0c65.362,0 112.758,2.813 143.096,7.996c29.95,5.662 56.771,24.062 80.862,54.454c23.83,29.933 35.546,69.063 35.546,118.083c0,42.905 -8.725,78.492 -27.475,106.771c-19.141,29.221 -43.621,48.805 -73.566,60.588c-30.471,11.55 -80.6,17.433 -152.475,17.433l-77.084,0l0,221.8l-118.621,0Zm118.621,-488.154l0,166.654l64.584,0c52.345,0 89.583,-5.896 111.2,-17.446c21.875,-11.783 33.462,-33.45 33.462,-66.237c0,-31.342 -10.158,-53.271 -29.95,-64.792c-18.879,-12.512 -59.371,-18.179 -121.875,-18.179l-57.421,0Zm427.996,-98.971l216.663,0c61.07,0 110.291,7.996 148.179,24.492c38.412,16.979 68.883,49.037 92.191,96.175c23.304,48.083 34.892,107.017 34.892,178.421c0,192.1 -90.1,288.037 -268.879,288.037l-223.046,0l-0,-587.125Zm118.358,98.971l0,389.388l87.892,-0c61.067,-0 103.254,-13.175 127.212,-39.346c24.088,-26.171 35.68,-78.009 35.68,-155.092c-0,-58.229 -7.292,-100.417 -22.009,-128.7c-14.321,-28.529 -33.2,-45.962 -56.508,-53.971c-23.308,-8.033 -62.5,-12.279 -118.363,-12.279l-53.904,0Zm474.742,488.154l0,-587.125l401.558,0l0,98.971l-283.329,0l0,138.842l244.267,-0l-0,99.687l-244.267,0l0,249.625l-118.229,0Z\" style=\"fill:#fff;\"><\/path><\/svg>\t\t\t\t<\/a>\n\t\t\t<\/div>\n\t\t\t\n\t\t\t\t\t\t<div class=\"elementor-icon-box-content\">\n\n\t\t\t\t\t\t\t\t\t<h4 class=\"elementor-icon-box-title\">\n\t\t\t\t\t\t<a href=\"https:\/\/lit.lukasiewicz.gov.pl\/wp-content\/uploads\/sites\/39\/2025\/05\/Gender-Equality-Plan-GEP-Lukasiewicz.pdf\" >\n\t\t\t\t\t\t\tPlan zur Gleichstellung der Geschlechter (GEP)\t\t\t\t\t\t<\/a>\n\t\t\t\t\t<\/h4>\n\t\t\t\t\n\t\t\t\t\t\t\t\t\t<p class=\"elementor-icon-box-description\">\n\t\t\t\t\t\t\u0141ukasiewicz - \u0141IT f\u00fcr 2026-2026\t\t\t\t\t<\/p>\n\t\t\t\t\n\t\t\t<\/div>\n\t\t\t\n\t\t<\/div>\n\t\t\t\t\t\t<\/div>\n\t\t\t\t<\/div>\n\t\t\t\t\t<\/div>\n\t\t<\/div>\n\t\t\t\t<div class=\"elementor-column elementor-col-33 elementor-inner-column elementor-element elementor-element-301336c\" data-id=\"301336c\" data-element_type=\"column\" data-e-type=\"column\" data-settings=\"{&quot;background_background&quot;:&quot;classic&quot;}\">\n\t\t\t<div class=\"elementor-widget-wrap\">\n\t\t\t\t\t\t\t<\/div>\n\t\t<\/div>\n\t\t\t\t\t<\/div>\n\t\t<\/section>\n\t\t\t\t\t<\/div>\n\t\t<\/div>\n\t\t\t\t\t<\/div>\n\t\t<\/section>\n\t\t\t\t<\/div>\n\t\t","protected":false},"excerpt":{"rendered":"<p>Das \u0141ukasiewicz Research Network &#8211; Lodz Institute of Technology erkl\u00e4rt, die Politik der Chancengleichheit anzuwenden, die darauf abzielt, den vollst\u00e4ndigen und gleichberechtigten Zugang und die gleichberechtigte Teilhabe der Mitarbeiter in allen Bereichen des gesellschaftlichen Lebens und der beruflichen Aktivit\u00e4ten zu f\u00f6rdern, unabh\u00e4ngig von Geschlecht, Ethnie, Nationalit\u00e4t, sexueller Orientierung, Religion, politischer \u00dcberzeugung, Gewerkschaftszugeh\u00f6rigkeit oder Form der [&hellip;]<\/p>\n","protected":false},"author":260,"featured_media":0,"parent":0,"menu_order":0,"comment_status":"closed","ping_status":"closed","template":"","meta":{"_acf_changed":false,"_seopress_robots_primary_cat":"","_seopress_titles_title":"","_seopress_titles_desc":"","_seopress_robots_index":"","inline_featured_image":false,"footnotes":""},"class_list":["post-65369","page","type-page","status-publish","hentry"],"acf":{"page_icon":null},"publishpress_future_action":{"enabled":false,"date":"2026-05-01 09:03:29","action":"change-status","newStatus":"draft","terms":[],"taxonomy":"translation_priority","extraData":[]},"publishpress_future_workflow_manual_trigger":{"enabledWorkflows":[]},"_links":{"self":[{"href":"https:\/\/lit.lukasiewicz.gov.pl\/de\/wp-json\/wp\/v2\/pages\/65369","targetHints":{"allow":["GET"]}}],"collection":[{"href":"https:\/\/lit.lukasiewicz.gov.pl\/de\/wp-json\/wp\/v2\/pages"}],"about":[{"href":"https:\/\/lit.lukasiewicz.gov.pl\/de\/wp-json\/wp\/v2\/types\/page"}],"author":[{"embeddable":true,"href":"https:\/\/lit.lukasiewicz.gov.pl\/de\/wp-json\/wp\/v2\/users\/260"}],"replies":[{"embeddable":true,"href":"https:\/\/lit.lukasiewicz.gov.pl\/de\/wp-json\/wp\/v2\/comments?post=65369"}],"version-history":[{"count":1,"href":"https:\/\/lit.lukasiewicz.gov.pl\/de\/wp-json\/wp\/v2\/pages\/65369\/revisions"}],"predecessor-version":[{"id":65370,"href":"https:\/\/lit.lukasiewicz.gov.pl\/de\/wp-json\/wp\/v2\/pages\/65369\/revisions\/65370"}],"wp:attachment":[{"href":"https:\/\/lit.lukasiewicz.gov.pl\/de\/wp-json\/wp\/v2\/media?parent=65369"}],"curies":[{"name":"wp","href":"https:\/\/api.w.org\/{rel}","templated":true}]}}