{"id":64048,"date":"2025-04-14T21:44:32","date_gmt":"2025-04-14T19:44:32","guid":{"rendered":"https:\/\/lit.lukasiewicz.gov.pl\/transport-packages\/"},"modified":"2026-02-10T01:19:15","modified_gmt":"2026-02-10T00:19:15","slug":"transport-packages","status":"publish","type":"page","link":"https:\/\/lit.lukasiewicz.gov.pl\/en\/offer\/transport-packages\/","title":{"rendered":"Transport packages"},"content":{"rendered":"\t\t<div data-elementor-type=\"wp-page\" data-elementor-id=\"64048\" class=\"elementor elementor-64048 elementor-53935\" data-elementor-post-type=\"page\">\n\t\t\t\t\t\t<section class=\"elementor-section elementor-top-section elementor-element elementor-element-7de85afe elementor-section-content-bottom white-box-cut elementor-section-boxed elementor-section-height-default elementor-section-height-default\" data-id=\"7de85afe\" data-element_type=\"section\" data-e-type=\"section\" data-settings=\"{&quot;background_background&quot;:&quot;classic&quot;}\">\n\t\t\t\t\t\t<div class=\"elementor-container elementor-column-gap-default\">\n\t\t\t\t\t<div class=\"elementor-column elementor-col-50 elementor-top-column elementor-element elementor-element-536df05c\" data-id=\"536df05c\" data-element_type=\"column\" data-e-type=\"column\" data-settings=\"{&quot;background_background&quot;:&quot;classic&quot;}\">\n\t\t\t<div class=\"elementor-widget-wrap elementor-element-populated\">\n\t\t\t\t\t\t<div class=\"elementor-element elementor-element-2e55d121 elementor-widget elementor-widget-heading\" data-id=\"2e55d121\" data-element_type=\"widget\" data-e-type=\"widget\" data-widget_type=\"heading.default\">\n\t\t\t\t<div class=\"elementor-widget-container\">\n\t\t\t\t\t<h1 class=\"elementor-heading-title elementor-size-default\">Transport packages<\/h1>\t\t\t\t<\/div>\n\t\t\t\t<\/div>\n\t\t\t\t\t<\/div>\n\t\t<\/div>\n\t\t\t\t<div class=\"elementor-column elementor-col-50 elementor-top-column elementor-element elementor-element-2855862b\" data-id=\"2855862b\" data-element_type=\"column\" data-e-type=\"column\">\n\t\t\t<div class=\"elementor-widget-wrap elementor-element-populated\">\n\t\t\t\t\t\t<div class=\"elementor-element elementor-element-202e2117 elementor-widget__width-initial elementor-widget elementor-widget-image\" data-id=\"202e2117\" data-element_type=\"widget\" data-e-type=\"widget\" data-widget_type=\"image.default\">\n\t\t\t\t<div class=\"elementor-widget-container\">\n\t\t\t\t\t\t\t\t\t\t\t\t\t\t\t<img fetchpriority=\"high\" decoding=\"async\" width=\"862\" height=\"572\" src=\"https:\/\/lit.lukasiewicz.gov.pl\/wp-content\/uploads\/sites\/39\/2025\/05\/Opakowania-transportowe.jpg\" class=\"attachment-full size-full wp-image-61652\" alt=\"TIR z czerwon\u0105 kabin\u0105 jad\u0105cy po szosie w s\u0142oneczny dzie\u0144\" srcset=\"https:\/\/lit.lukasiewicz.gov.pl\/wp-content\/uploads\/sites\/39\/2025\/05\/Opakowania-transportowe.jpg 862w, https:\/\/lit.lukasiewicz.gov.pl\/wp-content\/uploads\/sites\/39\/2025\/05\/Opakowania-transportowe-300x199.jpg 300w, https:\/\/lit.lukasiewicz.gov.pl\/wp-content\/uploads\/sites\/39\/2025\/05\/Opakowania-transportowe-768x510.jpg 768w, https:\/\/lit.lukasiewicz.gov.pl\/wp-content\/uploads\/sites\/39\/2025\/05\/Opakowania-transportowe-24x16.jpg 24w, https:\/\/lit.lukasiewicz.gov.pl\/wp-content\/uploads\/sites\/39\/2025\/05\/Opakowania-transportowe-36x24.jpg 36w, https:\/\/lit.lukasiewicz.gov.pl\/wp-content\/uploads\/sites\/39\/2025\/05\/Opakowania-transportowe-48x32.jpg 48w\" sizes=\"(max-width: 862px) 100vw, 862px\" \/>\t\t\t\t\t\t\t\t\t\t\t\t\t\t\t<\/div>\n\t\t\t\t<\/div>\n\t\t\t\t\t<\/div>\n\t\t<\/div>\n\t\t\t\t\t<\/div>\n\t\t<\/section>\n\t\t\t\t<section class=\"elementor-section elementor-top-section elementor-element elementor-element-fa6a95e elementor-section-boxed elementor-section-height-default elementor-section-height-default\" data-id=\"fa6a95e\" data-element_type=\"section\" data-e-type=\"section\" data-settings=\"{&quot;background_background&quot;:&quot;classic&quot;}\">\n\t\t\t\t\t\t<div class=\"elementor-container elementor-column-gap-default\">\n\t\t\t\t\t<div class=\"elementor-column elementor-col-100 elementor-top-column elementor-element elementor-element-e864e62\" data-id=\"e864e62\" data-element_type=\"column\" data-e-type=\"column\">\n\t\t\t<div class=\"elementor-widget-wrap elementor-element-populated\">\n\t\t\t\t\t\t<div class=\"elementor-element elementor-element-fb1fffd elementor-hidden-mobile elementor-widget elementor-widget-eael-breadcrumbs\" data-id=\"fb1fffd\" data-element_type=\"widget\" data-e-type=\"widget\" data-widget_type=\"eael-breadcrumbs.default\">\n\t\t\t\t<div class=\"elementor-widget-container\">\n\t\t\t\t\t\t\t<div class=\"eael-breadcrumbs\">\n\t\t\t<div class=\"eael-breadcrumbs__content\"><a href=\"https:\/\/lit.lukasiewicz.gov.pl\/en\/\">Strona g\u0142\u00f3wna<\/a> <span class=\"eael-breadcrumb-separator\">&gt;<\/span> <span class = \"eael-current\">Page<\/span><\/div>\t\t<\/div>\n\t\t\t\t\t\t<\/div>\n\t\t\t\t<\/div>\n\t\t\t\t\t<\/div>\n\t\t<\/div>\n\t\t\t\t\t<\/div>\n\t\t<\/section>\n\t\t\t\t<section class=\"elementor-section elementor-top-section elementor-element elementor-element-df9510d elementor-section-boxed elementor-section-height-default elementor-section-height-default\" data-id=\"df9510d\" data-element_type=\"section\" data-e-type=\"section\" data-settings=\"{&quot;background_background&quot;:&quot;classic&quot;}\">\n\t\t\t\t\t\t<div class=\"elementor-container elementor-column-gap-default\">\n\t\t\t\t\t<div class=\"elementor-column elementor-col-100 elementor-top-column elementor-element elementor-element-b1ab4b8\" data-id=\"b1ab4b8\" data-element_type=\"column\" data-e-type=\"column\">\n\t\t\t<div class=\"elementor-widget-wrap elementor-element-populated\">\n\t\t\t\t\t\t<div class=\"elementor-element elementor-element-ae4739d elementor-widget elementor-widget-text-editor\" data-id=\"ae4739d\" data-element_type=\"widget\" data-e-type=\"widget\" data-widget_type=\"text-editor.default\">\n\t\t\t\t<div class=\"elementor-widget-container\">\n\t\t\t\t\t\t\t\t\t<p style=\"text-align: justify\">The institute conducts research, prepares expert opinions and issues certification for packages and packaging materials intended for the transport of dangerous goods under the UN mark. Testing for certification purposes is carried out in accordance with the requirements set out in international agreements and conventions on land transport (ADR, ADN, RID), sea transport (IMDG Code) and air transport (IATA-DGR). <\/p><p>Organising transport in accordance with international rules for the transport of dangerous goods guarantees that the likelihood of hazards posed by dangerous cargo is minimised. A package is an important element of the logistics chain, ensuring the safe transport of dangerous goods, but only when it meets a whole range of specific requirements. <\/p><p>In order to confirm that the package meets the requirements for use in the transport of dangerous goods, tests are carried out in the accredited <span style=\"text-decoration: underline\"><a href=\"https:\/\/lit.lukasiewicz.gov.pl\/en\/offer\/laboratories\/transport-packaging-testing-laboratory\/\">Laboratory for Testing of Transport Packages<\/a><\/span>, simulating the mechanical exposures encountered during the transport, storage and handling of cargo.<\/p><p><b>We test the following packages:<\/b><\/p><ul><li>Transport packages<\/li><li>Large packages<\/li><li>and intermediate bulk containers (IBCs)<\/li><\/ul><p>Obtaining a positive test result is the basis for granting certification for packages and entitles the holder to affix the international UN marking required by law to certified packages.<\/p>\t\t\t\t\t\t\t\t<\/div>\n\t\t\t\t<\/div>\n\t\t\t\t<div class=\"elementor-element elementor-element-3d58b50 elementor-widget-divider--view-line elementor-widget elementor-widget-divider\" data-id=\"3d58b50\" data-element_type=\"widget\" data-e-type=\"widget\" data-widget_type=\"divider.default\">\n\t\t\t\t<div class=\"elementor-widget-container\">\n\t\t\t\t\t\t\t<div class=\"elementor-divider\">\n\t\t\t<span class=\"elementor-divider-separator\">\n\t\t\t\t\t\t<\/span>\n\t\t<\/div>\n\t\t\t\t\t\t<\/div>\n\t\t\t\t<\/div>\n\t\t\t\t\t<\/div>\n\t\t<\/div>\n\t\t\t\t\t<\/div>\n\t\t<\/section>\n\t\t\t\t<section class=\"elementor-section elementor-top-section elementor-element elementor-element-b9b4cd5 elementor-section-boxed elementor-section-height-default elementor-section-height-default\" data-id=\"b9b4cd5\" data-element_type=\"section\" data-e-type=\"section\" data-settings=\"{&quot;background_background&quot;:&quot;classic&quot;}\">\n\t\t\t\t\t\t<div class=\"elementor-container elementor-column-gap-default\">\n\t\t\t\t\t<div class=\"elementor-column elementor-col-50 elementor-top-column elementor-element elementor-element-a1bfe1b\" data-id=\"a1bfe1b\" data-element_type=\"column\" data-e-type=\"column\">\n\t\t\t<div class=\"elementor-widget-wrap elementor-element-populated\">\n\t\t\t\t\t\t<div class=\"elementor-element elementor-element-00463b1 elementor-widget__width-initial elementor-widget elementor-widget-text-editor\" data-id=\"00463b1\" data-element_type=\"widget\" data-e-type=\"widget\" data-widget_type=\"text-editor.default\">\n\t\t\t\t<div class=\"elementor-widget-container\">\n\t\t\t\t\t\t\t\t\t<p><a href=\"https:\/\/lit.lukasiewicz.gov.pl\/wp-content\/uploads\/sites\/39\/2025\/05\/Op_transp_Upowaznienie-Ministra-Rozwoju-i-Technologii-dla-%E2%80%93-LIT.pdf\">The Institute operates on the basis of the Authorisation of the Minister of Economic Development and Technology for \u0141ukasiewicz \u2013 \u0141\u00f3d\u017a Institute of Technology to perform administrative activities in matters relating to technical conditions and testing of packages for dangerous goods (Journal of Laws 2022, item 1806)<\/a><\/p>\t\t\t\t\t\t\t\t<\/div>\n\t\t\t\t<\/div>\n\t\t\t\t\t<\/div>\n\t\t<\/div>\n\t\t\t\t<div class=\"elementor-column elementor-col-50 elementor-top-column elementor-element elementor-element-01e907b\" data-id=\"01e907b\" data-element_type=\"column\" data-e-type=\"column\">\n\t\t\t<div class=\"elementor-widget-wrap elementor-element-populated\">\n\t\t\t\t\t\t<div class=\"elementor-element elementor-element-bcdfa56 elementor-position-inline-start elementor-view-default elementor-mobile-position-block-start elementor-invisible elementor-widget elementor-widget-icon-box\" data-id=\"bcdfa56\" data-element_type=\"widget\" data-e-type=\"widget\" data-settings=\"{&quot;_animation&quot;:&quot;fadeInDown&quot;}\" data-widget_type=\"icon-box.default\">\n\t\t\t\t<div class=\"elementor-widget-container\">\n\t\t\t\t\t\t\t<div class=\"elementor-icon-box-wrapper\">\n\n\t\t\t\t\t\t<div class=\"elementor-icon-box-icon\">\n\t\t\t\t<a href=\"https:\/\/lit.lukasiewicz.gov.pl\/wp-content\/uploads\/sites\/39\/2025\/05\/Op_transp_Upowaznienie-Ministra-Rozwoju-i-Technologii-dla-\u2013-LIT.pdf\" class=\"elementor-icon elementor-animation-bounce-out\" tabindex=\"-1\" aria-label=\"Authorization of the Minister of Economic Development and Technology\">\n\t\t\t\t<svg xmlns=\"http:\/\/www.w3.org\/2000\/svg\" xmlns:xlink=\"http:\/\/www.w3.org\/1999\/xlink\" xmlns:serif=\"http:\/\/www.serif.com\/\" width=\"100%\" height=\"100%\" viewBox=\"0 0 3288 4113\" xml:space=\"preserve\" style=\"fill-rule:evenodd;clip-rule:evenodd;stroke-linejoin:round;stroke-miterlimit:2;\"><path d=\"M447.783,0l2114.59,0l724.479,668.908l-0,3040.82l-990.363,0l94.53,-121.612l774.479,-0l-0,-2797.58l-772.396,0l0,-668.904l-1823.83,0l-0,418.359l-121.488,-0l0,-539.988Zm121.488,1727.7l-0,1860.42l774.479,-0.001l94.529,121.613l-990.496,0l0,-1982.03l121.488,-0Z\" style=\"fill:#3de621;\"><\/path><rect x=\"0\" y=\"631.925\" width=\"2134.24\" height=\"1004.31\" style=\"fill:#3de621;\"><\/rect><path d=\"M1611.98,2728.74l510.808,-0.001l0,652.642l313.15,0l-568.883,729.284l-568.358,-729.284l313.283,0l0,-652.641Z\" style=\"fill:#3de621;\"><\/path><path d=\"M296.483,1427.88l0,-587.125l189.717,0c65.362,0 112.758,2.813 143.096,7.996c29.95,5.662 56.771,24.062 80.862,54.454c23.83,29.933 35.546,69.063 35.546,118.083c0,42.905 -8.725,78.492 -27.475,106.771c-19.141,29.221 -43.621,48.805 -73.566,60.588c-30.471,11.55 -80.6,17.433 -152.475,17.433l-77.084,0l0,221.8l-118.621,0Zm118.621,-488.154l0,166.654l64.584,0c52.345,0 89.583,-5.896 111.2,-17.446c21.875,-11.783 33.462,-33.45 33.462,-66.237c0,-31.342 -10.158,-53.271 -29.95,-64.792c-18.879,-12.512 -59.371,-18.179 -121.875,-18.179l-57.421,0Zm427.996,-98.971l216.663,0c61.07,0 110.291,7.996 148.179,24.492c38.412,16.979 68.883,49.037 92.191,96.175c23.304,48.083 34.892,107.017 34.892,178.421c0,192.1 -90.1,288.037 -268.879,288.037l-223.046,0l-0,-587.125Zm118.358,98.971l0,389.388l87.892,-0c61.067,-0 103.254,-13.175 127.212,-39.346c24.088,-26.171 35.68,-78.009 35.68,-155.092c-0,-58.229 -7.292,-100.417 -22.009,-128.7c-14.321,-28.529 -33.2,-45.962 -56.508,-53.971c-23.308,-8.033 -62.5,-12.279 -118.363,-12.279l-53.904,0Zm474.742,488.154l0,-587.125l401.558,0l0,98.971l-283.329,0l0,138.842l244.267,-0l-0,99.687l-244.267,0l0,249.625l-118.229,0Z\" style=\"fill:#fff;\"><\/path><\/svg>\t\t\t\t<\/a>\n\t\t\t<\/div>\n\t\t\t\n\t\t\t\t\t\t<div class=\"elementor-icon-box-content\">\n\n\t\t\t\t\t\t\t\t\t<h4 class=\"elementor-icon-box-title\">\n\t\t\t\t\t\t<a href=\"https:\/\/lit.lukasiewicz.gov.pl\/wp-content\/uploads\/sites\/39\/2025\/05\/Op_transp_Upowaznienie-Ministra-Rozwoju-i-Technologii-dla-\u2013-LIT.pdf\" >\n\t\t\t\t\t\t\tAuthorization of the Minister of Economic Development and Technology\t\t\t\t\t\t<\/a>\n\t\t\t\t\t<\/h4>\n\t\t\t\t\n\t\t\t\t\n\t\t\t<\/div>\n\t\t\t\n\t\t<\/div>\n\t\t\t\t\t\t<\/div>\n\t\t\t\t<\/div>\n\t\t\t\t\t<\/div>\n\t\t<\/div>\n\t\t\t\t\t<\/div>\n\t\t<\/section>\n\t\t\t\t<section class=\"elementor-section elementor-top-section elementor-element elementor-element-028ebc6 elementor-section-boxed elementor-section-height-default elementor-section-height-default\" data-id=\"028ebc6\" data-element_type=\"section\" data-e-type=\"section\" data-settings=\"{&quot;background_background&quot;:&quot;classic&quot;}\">\n\t\t\t\t\t\t<div class=\"elementor-container elementor-column-gap-default\">\n\t\t\t\t\t<div class=\"elementor-column elementor-col-100 elementor-top-column elementor-element elementor-element-0251746\" data-id=\"0251746\" data-element_type=\"column\" data-e-type=\"column\">\n\t\t\t<div class=\"elementor-widget-wrap elementor-element-populated\">\n\t\t\t\t\t\t<div class=\"elementor-element elementor-element-557a938 elementor-widget elementor-widget-spacer\" data-id=\"557a938\" data-element_type=\"widget\" data-e-type=\"widget\" data-widget_type=\"spacer.default\">\n\t\t\t\t<div class=\"elementor-widget-container\">\n\t\t\t\t\t\t\t<div class=\"elementor-spacer\">\n\t\t\t<div class=\"elementor-spacer-inner\"><\/div>\n\t\t<\/div>\n\t\t\t\t\t\t<\/div>\n\t\t\t\t<\/div>\n\t\t\t\t\t<\/div>\n\t\t<\/div>\n\t\t\t\t\t<\/div>\n\t\t<\/section>\n\t\t\t\t<\/div>\n\t\t","protected":false},"excerpt":{"rendered":"<p>Strona g\u0142\u00f3wna &gt; The institute conducts research, prepares expert opinions and issues certification for packages and packaging materials intended for the transport of dangerous goods under the UN mark. Testing for certification purposes is carried out in accordance with the requirements set out in international agreements and conventions on land transport (ADR, ADN, RID), sea [&hellip;]<\/p>\n","protected":false},"author":205,"featured_media":0,"parent":64052,"menu_order":0,"comment_status":"closed","ping_status":"closed","template":"","meta":{"_acf_changed":false,"_seopress_robots_primary_cat":"","_seopress_titles_title":"","_seopress_titles_desc":"","_seopress_robots_index":"","inline_featured_image":false,"footnotes":""},"class_list":["post-64048","page","type-page","status-publish","hentry"],"acf":{"page_icon":null},"publishpress_future_action":{"enabled":false,"date":"2026-05-24 14:14:22","action":"change-status","newStatus":"draft","terms":[],"taxonomy":"translation_priority","extraData":[]},"publishpress_future_workflow_manual_trigger":{"enabledWorkflows":[]},"_links":{"self":[{"href":"https:\/\/lit.lukasiewicz.gov.pl\/en\/wp-json\/wp\/v2\/pages\/64048","targetHints":{"allow":["GET"]}}],"collection":[{"href":"https:\/\/lit.lukasiewicz.gov.pl\/en\/wp-json\/wp\/v2\/pages"}],"about":[{"href":"https:\/\/lit.lukasiewicz.gov.pl\/en\/wp-json\/wp\/v2\/types\/page"}],"author":[{"embeddable":true,"href":"https:\/\/lit.lukasiewicz.gov.pl\/en\/wp-json\/wp\/v2\/users\/205"}],"replies":[{"embeddable":true,"href":"https:\/\/lit.lukasiewicz.gov.pl\/en\/wp-json\/wp\/v2\/comments?post=64048"}],"version-history":[{"count":3,"href":"https:\/\/lit.lukasiewicz.gov.pl\/en\/wp-json\/wp\/v2\/pages\/64048\/revisions"}],"predecessor-version":[{"id":64075,"href":"https:\/\/lit.lukasiewicz.gov.pl\/en\/wp-json\/wp\/v2\/pages\/64048\/revisions\/64075"}],"up":[{"embeddable":true,"href":"https:\/\/lit.lukasiewicz.gov.pl\/en\/wp-json\/wp\/v2\/pages\/64052"}],"wp:attachment":[{"href":"https:\/\/lit.lukasiewicz.gov.pl\/en\/wp-json\/wp\/v2\/media?parent=64048"}],"curies":[{"name":"wp","href":"https:\/\/api.w.org\/{rel}","templated":true}]}}