{"id":64282,"date":"2025-07-10T01:16:08","date_gmt":"2025-07-09T23:16:08","guid":{"rendered":"https:\/\/lit.lukasiewicz.gov.pl\/offer\/circular-economy-audit\/"},"modified":"2026-03-24T09:57:18","modified_gmt":"2026-03-24T08:57:18","slug":"circular-economy-audit","status":"publish","type":"page","link":"https:\/\/lit.lukasiewicz.gov.pl\/en\/offer\/circular-economy-audit\/","title":{"rendered":"Circular Economy Audit"},"content":{"rendered":"\t\t<div data-elementor-type=\"wp-page\" data-elementor-id=\"64282\" class=\"elementor elementor-64282 elementor-59275\" data-elementor-post-type=\"page\">\n\t\t\t\t\t\t<section class=\"elementor-section elementor-top-section elementor-element elementor-element-726040e elementor-section-content-bottom white-box-cut elementor-section-boxed elementor-section-height-default elementor-section-height-default\" data-id=\"726040e\" data-element_type=\"section\" data-e-type=\"section\" data-settings=\"{&quot;background_background&quot;:&quot;classic&quot;}\">\n\t\t\t\t\t\t<div class=\"elementor-container elementor-column-gap-default\">\n\t\t\t\t\t<div class=\"elementor-column elementor-col-50 elementor-top-column elementor-element elementor-element-d51be12\" data-id=\"d51be12\" data-element_type=\"column\" data-e-type=\"column\">\n\t\t\t<div class=\"elementor-widget-wrap elementor-element-populated\">\n\t\t\t\t\t\t<div class=\"elementor-element elementor-element-cdde29e elementor-widget elementor-widget-heading\" data-id=\"cdde29e\" data-element_type=\"widget\" data-e-type=\"widget\" data-widget_type=\"heading.default\">\n\t\t\t\t<div class=\"elementor-widget-container\">\n\t\t\t\t\t<h1 class=\"elementor-heading-title elementor-size-default\">Circular Economy Audit<\/h1>\t\t\t\t<\/div>\n\t\t\t\t<\/div>\n\t\t\t\t\t<\/div>\n\t\t<\/div>\n\t\t\t\t<div class=\"elementor-column elementor-col-50 elementor-top-column elementor-element elementor-element-4cbd9f2\" data-id=\"4cbd9f2\" data-element_type=\"column\" data-e-type=\"column\">\n\t\t\t<div class=\"elementor-widget-wrap elementor-element-populated\">\n\t\t\t\t\t\t<div class=\"elementor-element elementor-element-e81dfe5 elementor-widget__width-initial elementor-widget elementor-widget-image\" data-id=\"e81dfe5\" data-element_type=\"widget\" data-e-type=\"widget\" data-widget_type=\"image.default\">\n\t\t\t\t<div class=\"elementor-widget-container\">\n\t\t\t\t\t\t\t\t\t\t\t\t\t\t\t<img alt=\"\" fetchpriority=\"high\" decoding=\"async\" width=\"1280\" height=\"853\" src=\"https:\/\/lit.lukasiewicz.gov.pl\/wp-content\/uploads\/sites\/39\/2025\/07\/Audyt.jpg\" class=\"attachment-full size-full wp-image-59287\" alt=\"\" srcset=\"https:\/\/lit.lukasiewicz.gov.pl\/wp-content\/uploads\/sites\/39\/2025\/07\/Audyt.jpg 1280w, https:\/\/lit.lukasiewicz.gov.pl\/wp-content\/uploads\/sites\/39\/2025\/07\/Audyt-300x200.jpg 300w, https:\/\/lit.lukasiewicz.gov.pl\/wp-content\/uploads\/sites\/39\/2025\/07\/Audyt-1024x682.jpg 1024w, https:\/\/lit.lukasiewicz.gov.pl\/wp-content\/uploads\/sites\/39\/2025\/07\/Audyt-768x512.jpg 768w, https:\/\/lit.lukasiewicz.gov.pl\/wp-content\/uploads\/sites\/39\/2025\/07\/Audyt-1200x800.jpg 1200w, https:\/\/lit.lukasiewicz.gov.pl\/wp-content\/uploads\/sites\/39\/2025\/07\/Audyt-24x16.jpg 24w, https:\/\/lit.lukasiewicz.gov.pl\/wp-content\/uploads\/sites\/39\/2025\/07\/Audyt-36x24.jpg 36w, https:\/\/lit.lukasiewicz.gov.pl\/wp-content\/uploads\/sites\/39\/2025\/07\/Audyt-48x32.jpg 48w\" sizes=\"(max-width: 1280px) 100vw, 1280px\" \/>\t\t\t\t\t\t\t\t\t\t\t\t\t\t\t<\/div>\n\t\t\t\t<\/div>\n\t\t\t\t\t<\/div>\n\t\t<\/div>\n\t\t\t\t\t<\/div>\n\t\t<\/section>\n\t\t\t\t<section class=\"elementor-section elementor-top-section elementor-element elementor-element-202df0ca elementor-section-boxed elementor-section-height-default elementor-section-height-default\" data-id=\"202df0ca\" data-element_type=\"section\" data-e-type=\"section\" data-settings=\"{&quot;background_background&quot;:&quot;classic&quot;}\">\n\t\t\t\t\t\t<div class=\"elementor-container elementor-column-gap-default\">\n\t\t\t\t\t<div class=\"elementor-column elementor-col-100 elementor-top-column elementor-element elementor-element-141ee775\" data-id=\"141ee775\" data-element_type=\"column\" data-e-type=\"column\">\n\t\t\t<div class=\"elementor-widget-wrap elementor-element-populated\">\n\t\t\t\t\t\t<div class=\"elementor-element elementor-element-3acb92b5 elementor-hidden-mobile elementor-widget elementor-widget-eael-breadcrumbs\" data-id=\"3acb92b5\" data-element_type=\"widget\" data-e-type=\"widget\" data-widget_type=\"eael-breadcrumbs.default\">\n\t\t\t\t<div class=\"elementor-widget-container\">\n\t\t\t\t\t\t\t<div class=\"eael-breadcrumbs\">\n\t\t\t<div class=\"eael-breadcrumbs__content\"><a href=\"https:\/\/lit.lukasiewicz.gov.pl\/en\/\">Strona g\u0142\u00f3wna<\/a> <span class=\"eael-breadcrumb-separator\">&gt;<\/span> <span class = \"eael-current\">Page<\/span><\/div>\t\t<\/div>\n\t\t\t\t\t\t<\/div>\n\t\t\t\t<\/div>\n\t\t\t\t\t<\/div>\n\t\t<\/div>\n\t\t\t\t\t<\/div>\n\t\t<\/section>\n\t\t\t\t<section class=\"elementor-section elementor-top-section elementor-element elementor-element-4f590a1 elementor-section-boxed elementor-section-height-default elementor-section-height-default\" data-id=\"4f590a1\" data-element_type=\"section\" data-e-type=\"section\" data-settings=\"{&quot;background_background&quot;:&quot;classic&quot;}\">\n\t\t\t\t\t\t<div class=\"elementor-container elementor-column-gap-default\">\n\t\t\t\t\t<div class=\"elementor-column elementor-col-100 elementor-top-column elementor-element elementor-element-d737d80\" data-id=\"d737d80\" data-element_type=\"column\" data-e-type=\"column\">\n\t\t\t<div class=\"elementor-widget-wrap elementor-element-populated\">\n\t\t\t\t\t\t<div class=\"elementor-element elementor-element-c602f3b elementor-widget elementor-widget-heading\" data-id=\"c602f3b\" data-element_type=\"widget\" data-e-type=\"widget\" data-widget_type=\"heading.default\">\n\t\t\t\t<div class=\"elementor-widget-container\">\n\t\t\t\t\t<h2 class=\"elementor-heading-title elementor-size-default\">CE audit \u2013 find out how much you can gain<\/h2>\t\t\t\t<\/div>\n\t\t\t\t<\/div>\n\t\t\t\t\t<\/div>\n\t\t<\/div>\n\t\t\t\t\t<\/div>\n\t\t<\/section>\n\t\t\t\t<section class=\"elementor-section elementor-top-section elementor-element elementor-element-defbd82 elementor-section-boxed elementor-section-height-default elementor-section-height-default\" data-id=\"defbd82\" data-element_type=\"section\" data-e-type=\"section\" data-settings=\"{&quot;background_background&quot;:&quot;classic&quot;}\">\n\t\t\t\t\t\t<div class=\"elementor-container elementor-column-gap-default\">\n\t\t\t\t\t<div class=\"elementor-column elementor-col-100 elementor-top-column elementor-element elementor-element-4020362\" data-id=\"4020362\" data-element_type=\"column\" data-e-type=\"column\">\n\t\t\t<div class=\"elementor-widget-wrap elementor-element-populated\">\n\t\t\t\t\t\t<div class=\"elementor-element elementor-element-0d69df2 elementor-widget elementor-widget-text-editor\" data-id=\"0d69df2\" data-element_type=\"widget\" data-e-type=\"widget\" data-widget_type=\"text-editor.default\">\n\t\t\t\t<div class=\"elementor-widget-container\">\n\t\t\t\t\t\t\t\t\t<p>A GOZ audit is a comprehensive assessment of a company\u2019s compliance with circular economy principles, analysing resource efficiency, waste reduction and recycling potential.  <\/p><p>The GOZ audit is a service aimed at large, medium and small manufacturing and service companies. The audit results provide entrepreneurs with information on which processes can be optimised, how to reduce raw material and energy consumption, how to implement solutions conducive to the circular economy, and, as a result, facilitate sustainable and effective company management. All this is done so that recovered raw materials, processed products and waste become resources that are reintroduced into circulation. This reduces the demand for new raw materials and energy, lowers greenhouse gas emissions and minimises operating costs.   <\/p>\t\t\t\t\t\t\t\t<\/div>\n\t\t\t\t<\/div>\n\t\t\t\t<div class=\"elementor-element elementor-element-85d943e elementor-widget elementor-widget-text-editor\" data-id=\"85d943e\" data-element_type=\"widget\" data-e-type=\"widget\" data-widget_type=\"text-editor.default\">\n\t\t\t\t<div class=\"elementor-widget-container\">\n\t\t\t\t\t\t\t\t\t<p><strong>Na czym polega audyt GOZ?<\/strong><\/p><p>Specialists in environmental protection, water management, materials technology, recycling, and experts in implementing circular economy principles will analyse the company&#8217;s operational processes. They will then examine the possibilities for optimising them in terms of reducing energy and raw material consumption, minimising waste generation, and returning waste to the cycle. The knowledge and many years of experience of the Circular Economy Centre team enable them to perform a circular economy audit in a company and prepare recommendations for the implementation of circular economy solutions that benefit the company, society and the environment.  <\/p><p>We offer solutions tailored to the specific needs of individual companies, which will help close the cycle within a single company and its suppliers. We have an extensive network of contacts, thanks to which we can recommend partners for cooperation. Among other things, this will allow for the establishment of an \u2018industrial symbiosis\u2019, i.e. a form of cooperation in which waste from one company can become a raw material for another.  <\/p><p>The audit results in a detailed report (within 5 weeks) with actionable recommendations supporting sustainability, cost reduction and long-term competitiveness.<\/p>\t\t\t\t\t\t\t\t<\/div>\n\t\t\t\t<\/div>\n\t\t\t\t\t<\/div>\n\t\t<\/div>\n\t\t\t\t\t<\/div>\n\t\t<\/section>\n\t\t\t\t<section class=\"elementor-section elementor-top-section elementor-element elementor-element-9c68b9a elementor-section-boxed elementor-section-height-default elementor-section-height-default\" data-id=\"9c68b9a\" data-element_type=\"section\" data-e-type=\"section\" data-settings=\"{&quot;background_background&quot;:&quot;classic&quot;}\">\n\t\t\t\t\t\t<div class=\"elementor-container elementor-column-gap-default\">\n\t\t\t\t\t<div class=\"elementor-column elementor-col-100 elementor-top-column elementor-element elementor-element-5f33761\" data-id=\"5f33761\" data-element_type=\"column\" data-e-type=\"column\">\n\t\t\t<div class=\"elementor-widget-wrap elementor-element-populated\">\n\t\t\t\t\t\t<div class=\"elementor-element elementor-element-c22fba0 elementor-widget elementor-widget-text-editor\" data-id=\"c22fba0\" data-element_type=\"widget\" data-e-type=\"widget\" data-widget_type=\"text-editor.default\">\n\t\t\t\t<div class=\"elementor-widget-container\">\n\t\t\t\t\t\t\t\t\t<p><strong>Benefits Of Implementing Circular Economy Solutions (GOZ)<\/strong><\/p><p><img alt=\"\" decoding=\"async\" class=\"alignnone size-full wp-image-59365\" src=\"https:\/\/lit.lukasiewicz.gov.pl\/wp-content\/uploads\/sites\/39\/2025\/07\/recycling-ico.png\" alt=\"\" width=\"30\" height=\"28\" srcset=\"https:\/\/lit.lukasiewicz.gov.pl\/wp-content\/uploads\/sites\/39\/2025\/07\/recycling-ico.png 30w, https:\/\/lit.lukasiewicz.gov.pl\/wp-content\/uploads\/sites\/39\/2025\/07\/recycling-ico-24x22.png 24w\" sizes=\"(max-width: 30px) 100vw, 30px\" \/> Savings in raw materials and energy through the efficient use of available resources<\/p><p><img alt=\"\" decoding=\"async\" class=\"alignnone size-full wp-image-59365\" src=\"https:\/\/lit.lukasiewicz.gov.pl\/wp-content\/uploads\/sites\/39\/2025\/07\/recycling-ico.png\" alt=\"\" width=\"30\" height=\"28\" srcset=\"https:\/\/lit.lukasiewicz.gov.pl\/wp-content\/uploads\/sites\/39\/2025\/07\/recycling-ico.png 30w, https:\/\/lit.lukasiewicz.gov.pl\/wp-content\/uploads\/sites\/39\/2025\/07\/recycling-ico-24x22.png 24w\" sizes=\"(max-width: 30px) 100vw, 30px\" \/> Reduction of costs related to resource consumption, waste management and environmental fees<\/p><p><img alt=\"\" decoding=\"async\" class=\"alignnone size-full wp-image-59365\" src=\"https:\/\/lit.lukasiewicz.gov.pl\/wp-content\/uploads\/sites\/39\/2025\/07\/recycling-ico.png\" alt=\"\" width=\"30\" height=\"28\" srcset=\"https:\/\/lit.lukasiewicz.gov.pl\/wp-content\/uploads\/sites\/39\/2025\/07\/recycling-ico.png 30w, https:\/\/lit.lukasiewicz.gov.pl\/wp-content\/uploads\/sites\/39\/2025\/07\/recycling-ico-24x22.png 24w\" sizes=\"(max-width: 30px) 100vw, 30px\" \/> Reduction of the negative environmental impact of business activities through lower greenhouse gas emissions<\/p><p><img alt=\"\" decoding=\"async\" class=\"alignnone size-full wp-image-59365\" src=\"https:\/\/lit.lukasiewicz.gov.pl\/wp-content\/uploads\/sites\/39\/2025\/07\/recycling-ico.png\" alt=\"\" width=\"30\" height=\"28\" srcset=\"https:\/\/lit.lukasiewicz.gov.pl\/wp-content\/uploads\/sites\/39\/2025\/07\/recycling-ico.png 30w, https:\/\/lit.lukasiewicz.gov.pl\/wp-content\/uploads\/sites\/39\/2025\/07\/recycling-ico-24x22.png 24w\" sizes=\"(max-width: 30px) 100vw, 30px\" \/> Access to new markets and opportunities for co-financing environmentally friendly solutions<\/p><p><img alt=\"\" decoding=\"async\" class=\"alignnone size-full wp-image-59365\" src=\"https:\/\/lit.lukasiewicz.gov.pl\/wp-content\/uploads\/sites\/39\/2025\/07\/recycling-ico.png\" alt=\"\" width=\"30\" height=\"28\" srcset=\"https:\/\/lit.lukasiewicz.gov.pl\/wp-content\/uploads\/sites\/39\/2025\/07\/recycling-ico.png 30w, https:\/\/lit.lukasiewicz.gov.pl\/wp-content\/uploads\/sites\/39\/2025\/07\/recycling-ico-24x22.png 24w\" sizes=\"(max-width: 30px) 100vw, 30px\" \/> Increased profits as a result of improved competitiveness<\/p><p><img alt=\"\" decoding=\"async\" class=\"alignnone size-full wp-image-59365\" src=\"https:\/\/lit.lukasiewicz.gov.pl\/wp-content\/uploads\/sites\/39\/2025\/07\/recycling-ico.png\" alt=\"\" width=\"30\" height=\"28\" srcset=\"https:\/\/lit.lukasiewicz.gov.pl\/wp-content\/uploads\/sites\/39\/2025\/07\/recycling-ico.png 30w, https:\/\/lit.lukasiewicz.gov.pl\/wp-content\/uploads\/sites\/39\/2025\/07\/recycling-ico-24x22.png 24w\" sizes=\"(max-width: 30px) 100vw, 30px\" \/> Better risk management<\/p><p><img alt=\"\" decoding=\"async\" class=\"alignnone size-full wp-image-59365\" src=\"https:\/\/lit.lukasiewicz.gov.pl\/wp-content\/uploads\/sites\/39\/2025\/07\/recycling-ico.png\" alt=\"\" width=\"30\" height=\"28\" srcset=\"https:\/\/lit.lukasiewicz.gov.pl\/wp-content\/uploads\/sites\/39\/2025\/07\/recycling-ico.png 30w, https:\/\/lit.lukasiewicz.gov.pl\/wp-content\/uploads\/sites\/39\/2025\/07\/recycling-ico-24x22.png 24w\" sizes=\"(max-width: 30px) 100vw, 30px\" \/> Compliance with applicable legal and regulatory requirements<\/p><p><img alt=\"\" decoding=\"async\" class=\"alignnone size-full wp-image-59365\" src=\"https:\/\/lit.lukasiewicz.gov.pl\/wp-content\/uploads\/sites\/39\/2025\/07\/recycling-ico.png\" alt=\"\" width=\"30\" height=\"28\" srcset=\"https:\/\/lit.lukasiewicz.gov.pl\/wp-content\/uploads\/sites\/39\/2025\/07\/recycling-ico.png 30w, https:\/\/lit.lukasiewicz.gov.pl\/wp-content\/uploads\/sites\/39\/2025\/07\/recycling-ico-24x22.png 24w\" sizes=\"(max-width: 30px) 100vw, 30px\" \/> A positive corporate image<\/p><div><p>Importantly, audit results may be required when applying for funding for the implementation of circular economy (GOZ) solutions under programmes announced, among others, by the European Commission, the Polish Agency for Enterprise Development (PARP) and the National Centre for Research and Development (NCBR). <\/p><p>The \u0141ukasiewicz Research Network \u2013 \u0141\u00f3d\u017a Institute of Technology, Circular Economy Centre, offers comprehensive circular economy (GOZ) audits.<br>Our team of experts prepares audits tailored to your specific needs and at a competitive price.<br>Contact us and find out how we can support your company!  <\/p><\/div>\t\t\t\t\t\t\t\t<\/div>\n\t\t\t\t<\/div>\n\t\t\t\t\t<\/div>\n\t\t<\/div>\n\t\t\t\t\t<\/div>\n\t\t<\/section>\n\t\t\t\t<section class=\"elementor-section elementor-top-section elementor-element elementor-element-62d2cdff elementor-section-boxed elementor-section-height-default elementor-section-height-default\" data-id=\"62d2cdff\" data-element_type=\"section\" data-e-type=\"section\" data-settings=\"{&quot;background_background&quot;:&quot;classic&quot;}\">\n\t\t\t\t\t\t<div class=\"elementor-container elementor-column-gap-default\">\n\t\t\t\t\t<div class=\"elementor-column elementor-col-100 elementor-top-column elementor-element elementor-element-6f7e3898\" data-id=\"6f7e3898\" data-element_type=\"column\" data-e-type=\"column\">\n\t\t\t<div class=\"elementor-widget-wrap elementor-element-populated\">\n\t\t\t\t\t\t<div class=\"elementor-element elementor-element-466ae9b3 elementor-widget-divider--view-line_text elementor-widget-divider--element-align-left elementor-widget elementor-widget-divider\" data-id=\"466ae9b3\" data-element_type=\"widget\" data-e-type=\"widget\" data-widget_type=\"divider.default\">\n\t\t\t\t<div class=\"elementor-widget-container\">\n\t\t\t\t\t\t\t<div class=\"elementor-divider\">\n\t\t\t<span class=\"elementor-divider-separator\">\n\t\t\t\t\t\t\t<span class=\"elementor-divider__text elementor-divider__element\">\n\t\t\t\tcontact details\t\t\t\t<\/span>\n\t\t\t\t\t\t<\/span>\n\t\t<\/div>\n\t\t\t\t\t\t<\/div>\n\t\t\t\t<\/div>\n\t\t\t\t\t<\/div>\n\t\t<\/div>\n\t\t\t\t\t<\/div>\n\t\t<\/section>\n\t\t\t\t<section class=\"elementor-section elementor-top-section elementor-element elementor-element-483cf4ad elementor-section-boxed elementor-section-height-default elementor-section-height-default\" data-id=\"483cf4ad\" data-element_type=\"section\" data-e-type=\"section\" data-settings=\"{&quot;background_background&quot;:&quot;classic&quot;}\">\n\t\t\t\t\t\t<div class=\"elementor-container elementor-column-gap-default\">\n\t\t\t\t\t<div class=\"elementor-column elementor-col-33 elementor-top-column elementor-element elementor-element-21cbd3b\" data-id=\"21cbd3b\" data-element_type=\"column\" data-e-type=\"column\" data-settings=\"{&quot;background_background&quot;:&quot;classic&quot;}\">\n\t\t\t<div class=\"elementor-widget-wrap elementor-element-populated\">\n\t\t\t\t\t\t<div class=\"elementor-element elementor-element-124ecb6a elementor-widget-divider--view-line_text elementor-widget-divider--element-align-left elementor-widget elementor-widget-divider\" data-id=\"124ecb6a\" data-element_type=\"widget\" data-e-type=\"widget\" data-widget_type=\"divider.default\">\n\t\t\t\t<div class=\"elementor-widget-container\">\n\t\t\t\t\t\t\t<div class=\"elementor-divider\">\n\t\t\t<span class=\"elementor-divider-separator\">\n\t\t\t\t\t\t\t<span class=\"elementor-divider__text elementor-divider__element\">\n\t\t\t\tDeputy Director of the Research Institute \t\t\t\t<\/span>\n\t\t\t\t\t\t<\/span>\n\t\t<\/div>\n\t\t\t\t\t\t<\/div>\n\t\t\t\t<\/div>\n\t\t\t\t<div class=\"elementor-element elementor-element-7a824d5b elementor-view-default elementor-widget elementor-widget-icon\" data-id=\"7a824d5b\" data-element_type=\"widget\" data-e-type=\"widget\" data-widget_type=\"icon.default\">\n\t\t\t\t<div class=\"elementor-widget-container\">\n\t\t\t\t\t\t\t<div class=\"elementor-icon-wrapper\">\n\t\t\t<div class=\"elementor-icon\">\n\t\t\t<svg xmlns=\"http:\/\/www.w3.org\/2000\/svg\" id=\"Warstwa_1\" data-name=\"Warstwa 1\" viewBox=\"0 0 841.86 123.37\"><defs><style> .cls-1 { fill-rule: evenodd; } .cls-1, .cls-2 { fill: #44d62c; } <\/style><\/defs><path class=\"cls-1\" d=\"M414.19,71.47c-24.87-24.87-19.53-24.15-8.43-35.26,2.53-2.53,2.45-6.36.18-9.27l-12.95-16.64c-1.87-3.19-7.26-2.2-8.97-.5l-3.59,3.59c-17.92,17.92-11.96,37.76,21.05,70.77,33.01,33.01,52.86,38.98,70.78,21.06l3.59-3.59c1.71-1.71,2.68-7.1-.5-8.98l-16.63-12.94c-2.91-2.27-6.73-2.35-9.27.18-11.1,11.1-10.39,16.44-35.26-8.43h0Z\"><\/path><path class=\"cls-1\" d=\"M593.83,57.73l-39.95-34.02v75.39s39.95-41.37,39.95-41.37ZM596.51,60.01l-40.26,41.68h111.62l-27.11-28.05-13.15-13.62-14.4,12.27c-.64.57-1.61.58-2.28.02,0,0-14.42-12.29-14.42-12.29ZM630.3,57.73l39.95,41.37V23.71l-27.08,23.06-12.87,10.96h0ZM556.89,21.67l40.53,34.52c.06.04.12.1.18.15l14.46,12.31,14.55-12.39s0,0,0,0l40.63-34.59h-110.36,0Z\"><\/path><path class=\"cls-1\" d=\"M841.86,41.78c0-23.07-18.71-41.78-41.78-41.78s-41.79,18.71-41.79,41.78,21.21,69.71,41.79,81.59c20.58-11.88,41.78-58.51,41.78-81.59ZM824.32,41.88c0,13.39-10.85,24.24-24.24,24.24s-24.25-10.85-24.25-24.24,10.85-24.24,24.25-24.24,24.24,10.85,24.24,24.24Z\"><\/path><path class=\"cls-2\" d=\"M213.58,67.31c0,5.37,1.28,9.53,3.82,12.49,2.54,2.99,5.44,4.47,8.74,4.47,2.19,0,4.49-.66,6.93-1.96,2.42-1.32,4.75-3.27,6.94-5.85,2.23-2.58,4.03-5.86,5.44-9.82,1.42-3.97,2.12-7.95,2.12-11.96,0-5.3-1.32-9.45-3.96-12.38-2.64-2.94-5.87-4.4-9.65-4.4-2.5,0-4.87.64-7.09,1.9-2.21,1.28-4.35,3.33-6.43,6.15-2.06,2.8-3.75,6.23-4.98,10.27-1.26,4.02-1.88,7.73-1.88,11.1h0ZM242.06,83.16c-2.54,2.94-5.39,5.31-8.55,7.09-3.14,1.79-6.3,2.67-9.47,2.67-3.48,0-6.87-1.02-10.17-3.04-3.28-2.05-5.95-5.17-8.01-9.4-2.06-4.22-3.08-8.87-3.08-13.91,0-6.23,1.6-12.45,4.79-18.71,3.18-6.23,7.14-10.91,11.87-14.05,4.72-3.13,9.33-4.69,13.78-4.69,3.4,0,6.65.88,9.75,2.66,3.08,1.79,5.75,4.51,7.97,8.13l2.06-9.11h10.45l-8.45,39.4c-1.19,5.49-1.77,8.51-1.77,9.09,0,1.06.4,1.98,1.2,2.74.8.76,1.78,1.14,2.91,1.14,2.08,0,4.81-1.18,8.17-3.56,4.46-3.13,8-7.32,10.61-12.58,2.6-5.25,3.91-10.65,3.91-16.24,0-6.52-1.69-12.61-5.04-18.26-3.33-5.67-8.34-10.2-14.99-13.6-6.63-3.39-13.98-5.09-22.01-5.09-9.17,0-17.56,2.14-25.13,6.4-7.6,4.29-13.47,10.42-17.65,18.4-4.18,7.99-6.26,16.56-6.26,25.71s2.08,17.8,6.24,24.71c4.19,6.92,10.22,12.04,18.1,15.34,7.89,3.3,16.62,4.95,26.22,4.95,10.27,0,18.86-1.72,25.79-5.19,6.93-3.44,12.12-7.65,15.56-12.59h10.57c-2,4.11-5.43,8.31-10.27,12.58-4.85,4.27-10.62,7.65-17.3,10.13-6.69,2.48-14.75,3.73-24.17,3.73-8.68,0-16.7-1.12-24.02-3.34-7.35-2.22-13.59-5.57-18.77-10.03-5.16-4.49-9.05-9.62-11.67-15.43-3.28-7.39-4.92-15.36-4.92-23.91,0-9.51,1.96-18.6,5.86-27.24,4.79-10.57,11.58-18.68,20.37-24.31,8.8-5.63,19.45-8.43,31.98-8.43,9.71,0,18.44,1.99,26.17,5.95,7.72,3.96,13.83,9.88,18.27,17.72,3.81,6.75,5.71,14.09,5.71,22.03,0,11.33-3.99,21.38-11.96,30.17-7.12,7.89-14.89,11.84-23.34,11.84-2.71,0-4.87-.42-6.53-1.25-1.67-.82-2.88-2-3.67-3.54-.51-.98-.88-2.68-1.12-5.09Z\"><\/path><path class=\"cls-1\" d=\"M47.96,62.35c26.49,0,47.96,25.75,47.96,57.53H0c0-31.77,21.47-57.53,47.96-57.53Z\"><\/path><path class=\"cls-1\" d=\"M47.96,53.91c13.88,0,25.21-11.32,25.21-25.21S61.84,3.5,47.96,3.5s-25.21,11.32-25.21,25.21,11.33,25.21,25.21,25.21Z\"><\/path><\/svg>\t\t\t<\/div>\n\t\t<\/div>\n\t\t\t\t\t\t<\/div>\n\t\t\t\t<\/div>\n\t\t\t\t<div class=\"elementor-element elementor-element-65b43cdf elementor-widget__width-initial elementor-invisible elementor-widget elementor-widget-text-editor\" data-id=\"65b43cdf\" data-element_type=\"widget\" data-e-type=\"widget\" data-settings=\"{&quot;_animation&quot;:&quot;slideInUp&quot;}\" data-widget_type=\"text-editor.default\">\n\t\t\t\t<div class=\"elementor-widget-container\">\n\t\t\t\t\t\t\t\t\t<p><strong>Renata \u017by\u0142\u0142a, PhD, Eng. | \u0141ukasiewicz \u2013 \u0141IT  <\/strong><\/p><p>Email: <a href=\"mailto:renata.zylla@lit.lukasiewicz.gov.pl\"> <span style=\"font-family: Arial, sans-serif;font-size: medium\">renata.zylla@lit.lukasiewicz.gov.pl<\/span><\/a><br>Tel. <span data-olk-copy-source=\"MessageBody\">Tel. (+48) 507 024 716<br><br> (+48) 42 61 63 100<br><\/span><\/p>\t\t\t\t\t\t\t\t<\/div>\n\t\t\t\t<\/div>\n\t\t\t\t\t<\/div>\n\t\t<\/div>\n\t\t\t\t<div class=\"elementor-column elementor-col-33 elementor-top-column elementor-element elementor-element-f18dba8\" data-id=\"f18dba8\" data-element_type=\"column\" data-e-type=\"column\" data-settings=\"{&quot;background_background&quot;:&quot;classic&quot;}\">\n\t\t\t<div class=\"elementor-widget-wrap\">\n\t\t\t\t\t\t\t<\/div>\n\t\t<\/div>\n\t\t\t\t<div class=\"elementor-column elementor-col-33 elementor-top-column elementor-element elementor-element-63a24ac white-box-cut\" data-id=\"63a24ac\" data-element_type=\"column\" data-e-type=\"column\" data-settings=\"{&quot;background_background&quot;:&quot;classic&quot;}\">\n\t\t\t<div class=\"elementor-widget-wrap\">\n\t\t\t\t\t\t\t<\/div>\n\t\t<\/div>\n\t\t\t\t\t<\/div>\n\t\t<\/section>\n\t\t\t\t<\/div>\n\t\t","protected":false},"excerpt":{"rendered":"<p>Home page &gt; Page CE audit \u2013 find out how much you can gain Audyt GOZ jest us\u0142ug\u0105 skierowan\u0105 zar\u00f3wno do du\u017cych, \u015brednich jak i ma\u0142ych przedsi\u0119biorstw, produkcyjnych i us\u0142ugowych. To kompleksowa analiza dzia\u0142alno\u015bci firmy pod k\u0105tem zgodno\u015bci z zasadami Gospodarki Obiegu Zamkni\u0119tego (GOZ). Wynik audytu ma odpowiedzie\u0107 na pytanie, czy firma efektywnie wykorzystuje zasoby [&hellip;]<\/p>\n","protected":false},"author":260,"featured_media":0,"parent":64052,"menu_order":0,"comment_status":"closed","ping_status":"closed","template":"","meta":{"_acf_changed":false,"_seopress_robots_primary_cat":"","_seopress_titles_title":"","_seopress_titles_desc":"","_seopress_robots_index":"","inline_featured_image":false,"footnotes":""},"class_list":["post-64282","page","type-page","status-publish","hentry"],"acf":{"page_icon":null},"publishpress_future_action":{"enabled":false,"date":"2026-05-24 15:09:59","action":"change-status","newStatus":"draft","terms":[],"taxonomy":"translation_priority","extraData":[]},"publishpress_future_workflow_manual_trigger":{"enabledWorkflows":[]},"_links":{"self":[{"href":"https:\/\/lit.lukasiewicz.gov.pl\/en\/wp-json\/wp\/v2\/pages\/64282","targetHints":{"allow":["GET"]}}],"collection":[{"href":"https:\/\/lit.lukasiewicz.gov.pl\/en\/wp-json\/wp\/v2\/pages"}],"about":[{"href":"https:\/\/lit.lukasiewicz.gov.pl\/en\/wp-json\/wp\/v2\/types\/page"}],"author":[{"embeddable":true,"href":"https:\/\/lit.lukasiewicz.gov.pl\/en\/wp-json\/wp\/v2\/users\/260"}],"replies":[{"embeddable":true,"href":"https:\/\/lit.lukasiewicz.gov.pl\/en\/wp-json\/wp\/v2\/comments?post=64282"}],"version-history":[{"count":3,"href":"https:\/\/lit.lukasiewicz.gov.pl\/en\/wp-json\/wp\/v2\/pages\/64282\/revisions"}],"predecessor-version":[{"id":64728,"href":"https:\/\/lit.lukasiewicz.gov.pl\/en\/wp-json\/wp\/v2\/pages\/64282\/revisions\/64728"}],"up":[{"embeddable":true,"href":"https:\/\/lit.lukasiewicz.gov.pl\/en\/wp-json\/wp\/v2\/pages\/64052"}],"wp:attachment":[{"href":"https:\/\/lit.lukasiewicz.gov.pl\/en\/wp-json\/wp\/v2\/media?parent=64282"}],"curies":[{"name":"wp","href":"https:\/\/api.w.org\/{rel}","templated":true}]}}