{"id":64548,"date":"2022-11-03T08:44:43","date_gmt":"2022-11-03T07:44:43","guid":{"rendered":"https:\/\/lit.lukasiewicz.gov.pl\/knowledge-base\/publications\/"},"modified":"2026-04-03T11:32:41","modified_gmt":"2026-04-03T09:32:41","slug":"publications","status":"publish","type":"page","link":"https:\/\/lit.lukasiewicz.gov.pl\/en\/knowledge-base\/publications\/","title":{"rendered":"Publications"},"content":{"rendered":"\t\t<div data-elementor-type=\"wp-page\" data-elementor-id=\"64548\" class=\"elementor elementor-64548 elementor-24616\" data-elementor-post-type=\"page\">\n\t\t\t\t\t\t<section class=\"elementor-section elementor-top-section elementor-element elementor-element-633c99d elementor-section-content-bottom elementor-section-boxed elementor-section-height-default elementor-section-height-default\" data-id=\"633c99d\" data-element_type=\"section\" data-e-type=\"section\" data-settings=\"{&quot;background_background&quot;:&quot;classic&quot;}\">\n\t\t\t\t\t\t<div class=\"elementor-container elementor-column-gap-default\">\n\t\t\t\t\t<div class=\"elementor-column elementor-col-100 elementor-top-column elementor-element elementor-element-0ea8023\" data-id=\"0ea8023\" data-element_type=\"column\" data-e-type=\"column\">\n\t\t\t<div class=\"elementor-widget-wrap elementor-element-populated\">\n\t\t\t\t\t\t<div class=\"elementor-element elementor-element-e8f19ae elementor-widget elementor-widget-heading\" data-id=\"e8f19ae\" data-element_type=\"widget\" data-e-type=\"widget\" data-widget_type=\"heading.default\">\n\t\t\t\t<div class=\"elementor-widget-container\">\n\t\t\t\t\t<h2 class=\"elementor-heading-title elementor-size-default\">Publications<\/h2>\t\t\t\t<\/div>\n\t\t\t\t<\/div>\n\t\t\t\t\t<\/div>\n\t\t<\/div>\n\t\t\t\t\t<\/div>\n\t\t<\/section>\n\t\t\t\t<section class=\"elementor-section elementor-top-section elementor-element elementor-element-17c16ad elementor-section-boxed elementor-section-height-default elementor-section-height-default\" data-id=\"17c16ad\" data-element_type=\"section\" data-e-type=\"section\" data-settings=\"{&quot;background_background&quot;:&quot;classic&quot;}\">\n\t\t\t\t\t\t<div class=\"elementor-container elementor-column-gap-default\">\n\t\t\t\t\t<div class=\"elementor-column elementor-col-100 elementor-top-column elementor-element elementor-element-4168b6e\" data-id=\"4168b6e\" data-element_type=\"column\" data-e-type=\"column\">\n\t\t\t<div class=\"elementor-widget-wrap elementor-element-populated\">\n\t\t\t\t\t\t<div class=\"elementor-element elementor-element-f545074 elementor-hidden-mobile elementor-widget elementor-widget-eael-breadcrumbs\" data-id=\"f545074\" data-element_type=\"widget\" data-e-type=\"widget\" data-widget_type=\"eael-breadcrumbs.default\">\n\t\t\t\t<div class=\"elementor-widget-container\">\n\t\t\t\t\t\t\t<div class=\"eael-breadcrumbs\">\n\t\t\t<div class=\"eael-breadcrumbs__content\"><a href=\"https:\/\/lit.lukasiewicz.gov.pl\/en\/\">Strona g\u0142\u00f3wna<\/a> <span class=\"eael-breadcrumb-separator\">&gt;<\/span> <span class = \"eael-current\">Page<\/span><\/div>\t\t<\/div>\n\t\t\t\t\t\t<\/div>\n\t\t\t\t<\/div>\n\t\t\t\t\t<\/div>\n\t\t<\/div>\n\t\t\t\t\t<\/div>\n\t\t<\/section>\n\t\t\t\t<section class=\"elementor-section elementor-top-section elementor-element elementor-element-51c7632 elementor-section-boxed elementor-section-height-default elementor-section-height-default\" data-id=\"51c7632\" data-element_type=\"section\" data-e-type=\"section\" data-settings=\"{&quot;background_background&quot;:&quot;classic&quot;}\">\n\t\t\t\t\t\t<div class=\"elementor-container elementor-column-gap-default\">\n\t\t\t\t\t<div class=\"elementor-column elementor-col-100 elementor-top-column elementor-element elementor-element-5fbf875\" data-id=\"5fbf875\" data-element_type=\"column\" data-e-type=\"column\">\n\t\t\t<div class=\"elementor-widget-wrap elementor-element-populated\">\n\t\t\t\t\t\t<div class=\"elementor-element elementor-element-c619fe1 elementor-widget elementor-widget-text-editor\" data-id=\"c619fe1\" data-element_type=\"widget\" data-e-type=\"widget\" data-widget_type=\"text-editor.default\">\n\t\t\t\t<div class=\"elementor-widget-container\">\n\t\t\t\t\t\t\t\t\t<h2>\u0141ukasiewicz \u2013 \u0141IT to miejsce, gdzie tradycja spotyka si\u0119 z nowoczesno\u015bci\u0105<\/h2><p>\u0141ukasiewicz \u2013 \u0141IT publishes two renowned open-access scientific journals:  <\/p>\t\t\t\t\t\t\t\t<\/div>\n\t\t\t\t<\/div>\n\t\t\t\t<section class=\"elementor-section elementor-inner-section elementor-element elementor-element-7b8a6f8 elementor-section-boxed elementor-section-height-default elementor-section-height-default\" data-id=\"7b8a6f8\" data-element_type=\"section\" data-e-type=\"section\" data-settings=\"{&quot;background_background&quot;:&quot;classic&quot;}\">\n\t\t\t\t\t\t<div class=\"elementor-container elementor-column-gap-default\">\n\t\t\t\t\t<div class=\"elementor-column elementor-col-25 elementor-inner-column elementor-element elementor-element-88d7b07\" data-id=\"88d7b07\" data-element_type=\"column\" data-e-type=\"column\">\n\t\t\t<div class=\"elementor-widget-wrap elementor-element-populated\">\n\t\t\t\t\t\t<div class=\"elementor-element elementor-element-dee2517 elementor-widget elementor-widget-image\" data-id=\"dee2517\" data-element_type=\"widget\" data-e-type=\"widget\" data-widget_type=\"image.default\">\n\t\t\t\t<div class=\"elementor-widget-container\">\n\t\t\t\t\t\t\t\t\t\t\t\t\t\t\t<img alt=\"\" fetchpriority=\"high\" decoding=\"async\" width=\"580\" height=\"820\" src=\"https:\/\/lit.lukasiewicz.gov.pl\/wp-content\/uploads\/sites\/39\/2026\/03\/Fibres-Textiles-724x1024-1.jpg\" class=\"attachment-large size-large wp-image-46234\" alt=\"\" srcset=\"https:\/\/lit.lukasiewicz.gov.pl\/wp-content\/uploads\/sites\/39\/2026\/03\/Fibres-Textiles-724x1024-1.jpg 724w, https:\/\/lit.lukasiewicz.gov.pl\/wp-content\/uploads\/sites\/39\/2026\/03\/Fibres-Textiles-724x1024-1-1x1.jpg 1w\" sizes=\"(max-width: 580px) 100vw, 580px\" \/>\t\t\t\t\t\t\t\t\t\t\t\t\t\t\t<\/div>\n\t\t\t\t<\/div>\n\t\t\t\t<div class=\"elementor-element elementor-element-d475b33 elementor-widget elementor-widget-text-editor\" data-id=\"d475b33\" data-element_type=\"widget\" data-e-type=\"widget\" data-widget_type=\"text-editor.default\">\n\t\t\t\t<div class=\"elementor-widget-container\">\n\t\t\t\t\t\t\t\t\t<p><strong><a href=\"https:\/\/lit.lukasiewicz.gov.pl\/en\/fibres-textiles-in-eastern-europe-ftee\/\">FIBRES &amp; TEXTILES in Eastern Europe (FTEE)<\/a><\/strong><\/p>\t\t\t\t\t\t\t\t<\/div>\n\t\t\t\t<\/div>\n\t\t\t\t<div class=\"elementor-element elementor-element-2879fe5 elementor-align-right elementor-widget__width-inherit btn-cut-off elementor-widget elementor-widget-button\" data-id=\"2879fe5\" data-element_type=\"widget\" data-e-type=\"widget\" data-widget_type=\"button.default\">\n\t\t\t\t<div class=\"elementor-widget-container\">\n\t\t\t\t\t\t\t\t\t<div class=\"elementor-button-wrapper\">\n\t\t\t\t\t<a class=\"elementor-button elementor-button-link elementor-size-sm\" href=\"https:\/\/lit.lukasiewicz.gov.pl\/en\/fibres-textiles-in-eastern-europe-ftee\/\">\n\t\t\t\t\t\t<span class=\"elementor-button-content-wrapper\">\n\t\t\t\t\t\t\t\t\t<span class=\"elementor-button-text\">Read more<\/span>\n\t\t\t\t\t<\/span>\n\t\t\t\t\t<\/a>\n\t\t\t\t<\/div>\n\t\t\t\t\t\t\t\t<\/div>\n\t\t\t\t<\/div>\n\t\t\t\t\t<\/div>\n\t\t<\/div>\n\t\t\t\t<div class=\"elementor-column elementor-col-25 elementor-inner-column elementor-element elementor-element-2511f65\" data-id=\"2511f65\" data-element_type=\"column\" data-e-type=\"column\">\n\t\t\t<div class=\"elementor-widget-wrap elementor-element-populated\">\n\t\t\t\t\t\t<div class=\"elementor-element elementor-element-ad33381 elementor-widget elementor-widget-image\" data-id=\"ad33381\" data-element_type=\"widget\" data-e-type=\"widget\" data-widget_type=\"image.default\">\n\t\t\t\t<div class=\"elementor-widget-container\">\n\t\t\t\t\t\t\t\t\t\t\t\t\t\t\t<img alt=\"\" decoding=\"async\" width=\"580\" height=\"819\" src=\"https:\/\/lit.lukasiewicz.gov.pl\/wp-content\/uploads\/sites\/39\/2025\/01\/TIW.webp\" class=\"attachment-large size-large wp-image-46251\" alt=\"\" srcset=\"https:\/\/lit.lukasiewicz.gov.pl\/wp-content\/uploads\/sites\/39\/2025\/01\/TIW.webp 596w, https:\/\/lit.lukasiewicz.gov.pl\/wp-content\/uploads\/sites\/39\/2025\/01\/TIW-212x300.webp 212w, https:\/\/lit.lukasiewicz.gov.pl\/wp-content\/uploads\/sites\/39\/2025\/01\/TIW-17x24.webp 17w, https:\/\/lit.lukasiewicz.gov.pl\/wp-content\/uploads\/sites\/39\/2025\/01\/TIW-25x36.webp 25w, https:\/\/lit.lukasiewicz.gov.pl\/wp-content\/uploads\/sites\/39\/2025\/01\/TIW-34x48.webp 34w\" sizes=\"(max-width: 580px) 100vw, 580px\" \/>\t\t\t\t\t\t\t\t\t\t\t\t\t\t\t<\/div>\n\t\t\t\t<\/div>\n\t\t\t\t<div class=\"elementor-element elementor-element-1bf619b elementor-widget elementor-widget-text-editor\" data-id=\"1bf619b\" data-element_type=\"widget\" data-e-type=\"widget\" data-widget_type=\"text-editor.default\">\n\t\t\t\t<div class=\"elementor-widget-container\">\n\t\t\t\t\t\t\t\t\t<p><strong><a href=\"https:\/\/lit.lukasiewicz.gov.pl\/en\/technology-and-product-quality\/\"><\/a><a href=\"https:\/\/lit.lukasiewicz.gov.pl\/en\/technology-and-product-quality\/\">Technology and Quality of Products<\/a><\/strong><\/p>\t\t\t\t\t\t\t\t<\/div>\n\t\t\t\t<\/div>\n\t\t\t\t<div class=\"elementor-element elementor-element-dc817a3 elementor-align-right elementor-widget__width-inherit btn-cut-off elementor-widget elementor-widget-button\" data-id=\"dc817a3\" data-element_type=\"widget\" data-e-type=\"widget\" data-widget_type=\"button.default\">\n\t\t\t\t<div class=\"elementor-widget-container\">\n\t\t\t\t\t\t\t\t\t<div class=\"elementor-button-wrapper\">\n\t\t\t\t\t<a class=\"elementor-button elementor-button-link elementor-size-sm\" href=\"https:\/\/lit.lukasiewicz.gov.pl\/en\/technology-and-product-quality\/\">\n\t\t\t\t\t\t<span class=\"elementor-button-content-wrapper\">\n\t\t\t\t\t\t\t\t\t<span class=\"elementor-button-text\">Read more<\/span>\n\t\t\t\t\t<\/span>\n\t\t\t\t\t<\/a>\n\t\t\t\t<\/div>\n\t\t\t\t\t\t\t\t<\/div>\n\t\t\t\t<\/div>\n\t\t\t\t\t<\/div>\n\t\t<\/div>\n\t\t\t\t<div class=\"elementor-column elementor-col-25 elementor-inner-column elementor-element elementor-element-8f15861\" data-id=\"8f15861\" data-element_type=\"column\" data-e-type=\"column\">\n\t\t\t<div class=\"elementor-widget-wrap\">\n\t\t\t\t\t\t\t<\/div>\n\t\t<\/div>\n\t\t\t\t<div class=\"elementor-column elementor-col-25 elementor-inner-column elementor-element elementor-element-6f9890d\" data-id=\"6f9890d\" data-element_type=\"column\" data-e-type=\"column\">\n\t\t\t<div class=\"elementor-widget-wrap\">\n\t\t\t\t\t\t\t<\/div>\n\t\t<\/div>\n\t\t\t\t\t<\/div>\n\t\t<\/section>\n\t\t\t\t\t<\/div>\n\t\t<\/div>\n\t\t\t\t\t<\/div>\n\t\t<\/section>\n\t\t\t\t<section class=\"elementor-section elementor-top-section elementor-element elementor-element-5c0470a elementor-section-boxed elementor-section-height-default elementor-section-height-default\" data-id=\"5c0470a\" data-element_type=\"section\" data-e-type=\"section\" data-settings=\"{&quot;background_background&quot;:&quot;classic&quot;}\">\n\t\t\t\t\t\t<div class=\"elementor-container elementor-column-gap-default\">\n\t\t\t\t\t<div class=\"elementor-column elementor-col-100 elementor-top-column elementor-element elementor-element-436a031\" data-id=\"436a031\" data-element_type=\"column\" data-e-type=\"column\">\n\t\t\t<div class=\"elementor-widget-wrap elementor-element-populated\">\n\t\t\t\t\t\t<div class=\"elementor-element elementor-element-160966b elementor-widget elementor-widget-text-editor\" data-id=\"160966b\" data-element_type=\"widget\" data-e-type=\"widget\" data-widget_type=\"text-editor.default\">\n\t\t\t\t<div class=\"elementor-widget-container\">\n\t\t\t\t\t\t\t\t\t<h6><strong>Obie publikacje mog\u0105 si\u0119 poszczyci\u0107 d\u0142ugoletni\u0105 tradycj\u0105 wydawnicz\u0105 oraz najwy\u017cszym standardem publikowanych artyku\u0142\u00f3w.<\/strong><\/h6><p>A long-established open-access annual journal focused on interdisciplinary research. <\/p><p>We believe that the publication of scientific articles plays a key role in the development of science and technology. In addition to providing an opportunity to present research results and expand knowledge in a given field, it forms the basis for dialogue between scientists and stimulates further research and discoveries. It also provides an opportunity to establish contacts and cooperation with other research centres and industry around the world.  <\/p><p>Our journals are an important forum for the exchange of knowledge on the international stage. We encourage you to familiarise yourself with the topics and rich content of both our titles and to publish your work in them. <\/p>\t\t\t\t\t\t\t\t<\/div>\n\t\t\t\t<\/div>\n\t\t\t\t\t<\/div>\n\t\t<\/div>\n\t\t\t\t\t<\/div>\n\t\t<\/section>\n\t\t\t\t<\/div>\n\t\t","protected":false},"excerpt":{"rendered":"<p>Strona g\u0142\u00f3wna &gt; \u0141ukasiewicz \u2013 \u0141IT to miejsce, gdzie tradycja spotyka si\u0119 z nowoczesno\u015bci\u0105 \u0141ukasiewicz \u2013 \u0141IT publishes two renowned open-access scientific journals: FIBRES &amp; TEXTILES in Eastern Europe (FTEE) Read more Technology and Quality of Products Read more Obie publikacje mog\u0105 si\u0119 poszczyci\u0107 d\u0142ugoletni\u0105 tradycj\u0105 wydawnicz\u0105 oraz najwy\u017cszym standardem publikowanych artyku\u0142\u00f3w. A long-established open-access [&hellip;]<\/p>\n","protected":false},"author":21,"featured_media":0,"parent":64216,"menu_order":0,"comment_status":"closed","ping_status":"closed","template":"","meta":{"_acf_changed":false,"_seopress_robots_primary_cat":"","_seopress_titles_title":"Publications","_seopress_titles_desc":"","_seopress_robots_index":"","inline_featured_image":false,"footnotes":""},"class_list":["post-64548","page","type-page","status-publish","hentry"],"acf":{"page_icon":null},"publishpress_future_action":{"enabled":false,"date":"2026-05-08 12:15:45","action":"change-status","newStatus":"draft","terms":[],"taxonomy":"translation_priority","extraData":[]},"publishpress_future_workflow_manual_trigger":{"enabledWorkflows":[]},"_links":{"self":[{"href":"https:\/\/lit.lukasiewicz.gov.pl\/en\/wp-json\/wp\/v2\/pages\/64548","targetHints":{"allow":["GET"]}}],"collection":[{"href":"https:\/\/lit.lukasiewicz.gov.pl\/en\/wp-json\/wp\/v2\/pages"}],"about":[{"href":"https:\/\/lit.lukasiewicz.gov.pl\/en\/wp-json\/wp\/v2\/types\/page"}],"author":[{"embeddable":true,"href":"https:\/\/lit.lukasiewicz.gov.pl\/en\/wp-json\/wp\/v2\/users\/21"}],"replies":[{"embeddable":true,"href":"https:\/\/lit.lukasiewicz.gov.pl\/en\/wp-json\/wp\/v2\/comments?post=64548"}],"version-history":[{"count":5,"href":"https:\/\/lit.lukasiewicz.gov.pl\/en\/wp-json\/wp\/v2\/pages\/64548\/revisions"}],"predecessor-version":[{"id":65393,"href":"https:\/\/lit.lukasiewicz.gov.pl\/en\/wp-json\/wp\/v2\/pages\/64548\/revisions\/65393"}],"up":[{"embeddable":true,"href":"https:\/\/lit.lukasiewicz.gov.pl\/en\/wp-json\/wp\/v2\/pages\/64216"}],"wp:attachment":[{"href":"https:\/\/lit.lukasiewicz.gov.pl\/en\/wp-json\/wp\/v2\/media?parent=64548"}],"curies":[{"name":"wp","href":"https:\/\/api.w.org\/{rel}","templated":true}]}}