{"id":64555,"date":"2024-11-26T20:52:24","date_gmt":"2024-11-26T19:52:24","guid":{"rendered":"https:\/\/lit.lukasiewicz.gov.pl\/fibres-textiles-in-eastern-europe-ftee\/"},"modified":"2026-03-12T10:15:16","modified_gmt":"2026-03-12T09:15:16","slug":"fibres-textiles-in-eastern-europe-ftee","status":"publish","type":"page","link":"https:\/\/lit.lukasiewicz.gov.pl\/en\/fibres-textiles-in-eastern-europe-ftee\/","title":{"rendered":"FIBRES &amp; TEXTILES in Eastern Europe (FTEE)"},"content":{"rendered":"\t\t<div data-elementor-type=\"wp-page\" data-elementor-id=\"64555\" class=\"elementor elementor-64555 elementor-42983\" data-elementor-post-type=\"page\">\n\t\t\t\t\t\t<section class=\"elementor-section elementor-top-section elementor-element elementor-element-74d7726 elementor-section-boxed elementor-section-height-default elementor-section-height-default\" data-id=\"74d7726\" data-element_type=\"section\" data-e-type=\"section\" data-settings=\"{&quot;background_background&quot;:&quot;classic&quot;}\">\n\t\t\t\t\t\t<div class=\"elementor-container elementor-column-gap-default\">\n\t\t\t\t\t<div class=\"elementor-column elementor-col-50 elementor-top-column elementor-element elementor-element-7123b5e\" data-id=\"7123b5e\" data-element_type=\"column\" data-e-type=\"column\">\n\t\t\t<div class=\"elementor-widget-wrap elementor-element-populated\">\n\t\t\t\t\t\t<div class=\"elementor-element elementor-element-2ecfe329 elementor-widget elementor-widget-heading\" data-id=\"2ecfe329\" data-element_type=\"widget\" data-e-type=\"widget\" data-widget_type=\"heading.default\">\n\t\t\t\t<div class=\"elementor-widget-container\">\n\t\t\t\t\t<h1 class=\"elementor-heading-title elementor-size-default\">FIBRES &amp; TEXTILES in Eastern Europe (FTEE)<\/h1>\t\t\t\t<\/div>\n\t\t\t\t<\/div>\n\t\t\t\t\t<\/div>\n\t\t<\/div>\n\t\t\t\t<div class=\"elementor-column elementor-col-50 elementor-top-column elementor-element elementor-element-7e9cdf6\" data-id=\"7e9cdf6\" data-element_type=\"column\" data-e-type=\"column\">\n\t\t\t<div class=\"elementor-widget-wrap elementor-element-populated\">\n\t\t\t\t\t\t<div class=\"elementor-element elementor-element-fa5f74b elementor-widget__width-initial elementor-widget elementor-widget-image\" data-id=\"fa5f74b\" data-element_type=\"widget\" data-e-type=\"widget\" data-widget_type=\"image.default\">\n\t\t\t\t<div class=\"elementor-widget-container\">\n\t\t\t\t\t\t\t\t\t\t\t\t\t\t\t<img decoding=\"async\" src=\"https:\/\/lit.lukasiewicz.gov.pl\/wp-content\/uploads\/sites\/39\/elementor\/thumbs\/Fibres-Textiles-724x1024-1-rke5zjj1md17aorlcgqr5jp1od7q4vvng88wmm50ny.jpg\" title=\"Fibres &amp; Textiles\" alt=\"Fibres &amp; Textiles\" loading=\"lazy\" \/>\t\t\t\t\t\t\t\t\t\t\t\t\t\t\t<\/div>\n\t\t\t\t<\/div>\n\t\t\t\t\t<\/div>\n\t\t<\/div>\n\t\t\t\t\t<\/div>\n\t\t<\/section>\n\t\t\t\t<section class=\"elementor-section elementor-top-section elementor-element elementor-element-5bb0a78 elementor-section-boxed elementor-section-height-default elementor-section-height-default\" data-id=\"5bb0a78\" data-element_type=\"section\" data-e-type=\"section\" data-settings=\"{&quot;background_background&quot;:&quot;classic&quot;}\">\n\t\t\t\t\t\t<div class=\"elementor-container elementor-column-gap-default\">\n\t\t\t\t\t<div class=\"elementor-column elementor-col-50 elementor-top-column elementor-element elementor-element-a832478\" data-id=\"a832478\" data-element_type=\"column\" data-e-type=\"column\">\n\t\t\t<div class=\"elementor-widget-wrap elementor-element-populated\">\n\t\t\t\t\t\t<div class=\"elementor-element elementor-element-a2f6bea elementor-widget elementor-widget-text-editor\" data-id=\"a2f6bea\" data-element_type=\"widget\" data-e-type=\"widget\" data-widget_type=\"text-editor.default\">\n\t\t\t\t<div class=\"elementor-widget-container\">\n\t\t\t\t\t\t\t\t\t<h4><span style=\"color: #3ee622\"><strong>FIBRES &amp; TEXTILES in Eastern Europe (ISSN 1230-3666, e-ISSN 2300-7354)<\/strong><\/span><\/h4><p>FTEE is an international, peer-reviewed, open-access scientific bimonthly journal. The journal covers current scientific issues in the following fields: <\/p><ul><li>Fibres<\/li><li>Textiles<\/li><li>Fibrous products<\/li><li>Biopolymers<\/li><li>Production and processing of fibre-forming polymers<\/li><li>Natural and artificial fibres, textiles and fibre products, including paper products<\/li><li>The economics of the global textile industry<\/li><li>Bio- and nanotechnology<\/li><li>Biodegradation<\/li><li>Environmental protection<\/li><\/ul>\t\t\t\t\t\t\t\t<\/div>\n\t\t\t\t<\/div>\n\t\t\t\t\t<\/div>\n\t\t<\/div>\n\t\t\t\t<div class=\"elementor-column elementor-col-50 elementor-top-column elementor-element elementor-element-6dc65cc\" data-id=\"6dc65cc\" data-element_type=\"column\" data-e-type=\"column\">\n\t\t\t<div class=\"elementor-widget-wrap elementor-element-populated\">\n\t\t\t\t\t\t<div class=\"elementor-element elementor-element-6717e57 elementor-widget elementor-widget-text-editor\" data-id=\"6717e57\" data-element_type=\"widget\" data-e-type=\"widget\" data-widget_type=\"text-editor.default\">\n\t\t\t\t<div class=\"elementor-widget-container\">\n\t\t\t\t\t\t\t\t\t<p>We only accept original articles in English that do not infringe on the copyright or patent rights of others and have not already been published or submitted for publication elsewhere. We check submitted manuscripts for plagiarism. <\/p><p>All submitted manuscripts selected as suitable for the FTEE journal undergo a double-blind review process and linguistic editing to ensure the highest quality of published articles.<\/p><p> <\/p><p> <\/p><p> <\/p><p> <\/p><p><strong>SUBMIT YOUR ARTICLE VIA:<\/strong><\/p><p><span style=\"color: #3ee622\"><a style=\"color: #3ee622\" role=\"link\" href=\"https:\/\/www.editorialmanager.com\/ftee\" target=\"_blank\" rel=\"noopener\"><strong>https:\/\/www.editorialmanager.com\/ftee<\/strong><\/a><\/span><\/p>\t\t\t\t\t\t\t\t<\/div>\n\t\t\t\t<\/div>\n\t\t\t\t\t<\/div>\n\t\t<\/div>\n\t\t\t\t\t<\/div>\n\t\t<\/section>\n\t\t\t\t<section class=\"elementor-section elementor-top-section elementor-element elementor-element-17d10911 elementor-section-boxed elementor-section-height-default elementor-section-height-default\" data-id=\"17d10911\" data-element_type=\"section\" data-e-type=\"section\" data-settings=\"{&quot;background_background&quot;:&quot;classic&quot;}\">\n\t\t\t\t\t\t<div class=\"elementor-container elementor-column-gap-default\">\n\t\t\t\t\t<div class=\"elementor-column elementor-col-100 elementor-top-column elementor-element elementor-element-5f6b0b21 white-box-cut\" data-id=\"5f6b0b21\" data-element_type=\"column\" data-e-type=\"column\" data-settings=\"{&quot;background_background&quot;:&quot;classic&quot;}\">\n\t\t\t<div class=\"elementor-widget-wrap elementor-element-populated\">\n\t\t\t\t\t\t<div class=\"elementor-element elementor-element-78042fe4 elementor-widget-divider--view-line_text elementor-widget-divider--element-align-left elementor-widget elementor-widget-divider\" data-id=\"78042fe4\" data-element_type=\"widget\" data-e-type=\"widget\" data-widget_type=\"divider.default\">\n\t\t\t\t<div class=\"elementor-widget-container\">\n\t\t\t\t\t\t\t<div class=\"elementor-divider\">\n\t\t\t<span class=\"elementor-divider-separator\">\n\t\t\t\t\t\t\t<span class=\"elementor-divider__text elementor-divider__element\">\n\t\t\t\tCONTACT\t\t\t\t<\/span>\n\t\t\t\t\t\t<\/span>\n\t\t<\/div>\n\t\t\t\t\t\t<\/div>\n\t\t\t\t<\/div>\n\t\t\t\t<div class=\"elementor-element elementor-element-3eb4cc04 elementor-view-default elementor-widget elementor-widget-icon\" data-id=\"3eb4cc04\" data-element_type=\"widget\" data-e-type=\"widget\" data-widget_type=\"icon.default\">\n\t\t\t\t<div class=\"elementor-widget-container\">\n\t\t\t\t\t\t\t<div class=\"elementor-icon-wrapper\">\n\t\t\t<div class=\"elementor-icon\">\n\t\t\t<svg xmlns=\"http:\/\/www.w3.org\/2000\/svg\" id=\"Warstwa_1\" data-name=\"Warstwa 1\" viewBox=\"0 0 841.86 123.37\"><defs><style> .cls-1 { fill-rule: evenodd; } .cls-1, .cls-2 { fill: #44d62c; } <\/style><\/defs><path class=\"cls-1\" d=\"M414.19,71.47c-24.87-24.87-19.53-24.15-8.43-35.26,2.53-2.53,2.45-6.36.18-9.27l-12.95-16.64c-1.87-3.19-7.26-2.2-8.97-.5l-3.59,3.59c-17.92,17.92-11.96,37.76,21.05,70.77,33.01,33.01,52.86,38.98,70.78,21.06l3.59-3.59c1.71-1.71,2.68-7.1-.5-8.98l-16.63-12.94c-2.91-2.27-6.73-2.35-9.27.18-11.1,11.1-10.39,16.44-35.26-8.43h0Z\"><\/path><path class=\"cls-1\" d=\"M593.83,57.73l-39.95-34.02v75.39s39.95-41.37,39.95-41.37ZM596.51,60.01l-40.26,41.68h111.62l-27.11-28.05-13.15-13.62-14.4,12.27c-.64.57-1.61.58-2.28.02,0,0-14.42-12.29-14.42-12.29ZM630.3,57.73l39.95,41.37V23.71l-27.08,23.06-12.87,10.96h0ZM556.89,21.67l40.53,34.52c.06.04.12.1.18.15l14.46,12.31,14.55-12.39s0,0,0,0l40.63-34.59h-110.36,0Z\"><\/path><path class=\"cls-1\" d=\"M841.86,41.78c0-23.07-18.71-41.78-41.78-41.78s-41.79,18.71-41.79,41.78,21.21,69.71,41.79,81.59c20.58-11.88,41.78-58.51,41.78-81.59ZM824.32,41.88c0,13.39-10.85,24.24-24.24,24.24s-24.25-10.85-24.25-24.24,10.85-24.24,24.25-24.24,24.24,10.85,24.24,24.24Z\"><\/path><path class=\"cls-2\" d=\"M213.58,67.31c0,5.37,1.28,9.53,3.82,12.49,2.54,2.99,5.44,4.47,8.74,4.47,2.19,0,4.49-.66,6.93-1.96,2.42-1.32,4.75-3.27,6.94-5.85,2.23-2.58,4.03-5.86,5.44-9.82,1.42-3.97,2.12-7.95,2.12-11.96,0-5.3-1.32-9.45-3.96-12.38-2.64-2.94-5.87-4.4-9.65-4.4-2.5,0-4.87.64-7.09,1.9-2.21,1.28-4.35,3.33-6.43,6.15-2.06,2.8-3.75,6.23-4.98,10.27-1.26,4.02-1.88,7.73-1.88,11.1h0ZM242.06,83.16c-2.54,2.94-5.39,5.31-8.55,7.09-3.14,1.79-6.3,2.67-9.47,2.67-3.48,0-6.87-1.02-10.17-3.04-3.28-2.05-5.95-5.17-8.01-9.4-2.06-4.22-3.08-8.87-3.08-13.91,0-6.23,1.6-12.45,4.79-18.71,3.18-6.23,7.14-10.91,11.87-14.05,4.72-3.13,9.33-4.69,13.78-4.69,3.4,0,6.65.88,9.75,2.66,3.08,1.79,5.75,4.51,7.97,8.13l2.06-9.11h10.45l-8.45,39.4c-1.19,5.49-1.77,8.51-1.77,9.09,0,1.06.4,1.98,1.2,2.74.8.76,1.78,1.14,2.91,1.14,2.08,0,4.81-1.18,8.17-3.56,4.46-3.13,8-7.32,10.61-12.58,2.6-5.25,3.91-10.65,3.91-16.24,0-6.52-1.69-12.61-5.04-18.26-3.33-5.67-8.34-10.2-14.99-13.6-6.63-3.39-13.98-5.09-22.01-5.09-9.17,0-17.56,2.14-25.13,6.4-7.6,4.29-13.47,10.42-17.65,18.4-4.18,7.99-6.26,16.56-6.26,25.71s2.08,17.8,6.24,24.71c4.19,6.92,10.22,12.04,18.1,15.34,7.89,3.3,16.62,4.95,26.22,4.95,10.27,0,18.86-1.72,25.79-5.19,6.93-3.44,12.12-7.65,15.56-12.59h10.57c-2,4.11-5.43,8.31-10.27,12.58-4.85,4.27-10.62,7.65-17.3,10.13-6.69,2.48-14.75,3.73-24.17,3.73-8.68,0-16.7-1.12-24.02-3.34-7.35-2.22-13.59-5.57-18.77-10.03-5.16-4.49-9.05-9.62-11.67-15.43-3.28-7.39-4.92-15.36-4.92-23.91,0-9.51,1.96-18.6,5.86-27.24,4.79-10.57,11.58-18.68,20.37-24.31,8.8-5.63,19.45-8.43,31.98-8.43,9.71,0,18.44,1.99,26.17,5.95,7.72,3.96,13.83,9.88,18.27,17.72,3.81,6.75,5.71,14.09,5.71,22.03,0,11.33-3.99,21.38-11.96,30.17-7.12,7.89-14.89,11.84-23.34,11.84-2.71,0-4.87-.42-6.53-1.25-1.67-.82-2.88-2-3.67-3.54-.51-.98-.88-2.68-1.12-5.09Z\"><\/path><path class=\"cls-1\" d=\"M47.96,62.35c26.49,0,47.96,25.75,47.96,57.53H0c0-31.77,21.47-57.53,47.96-57.53Z\"><\/path><path class=\"cls-1\" d=\"M47.96,53.91c13.88,0,25.21-11.32,25.21-25.21S61.84,3.5,47.96,3.5s-25.21,11.32-25.21,25.21,11.33,25.21,25.21,25.21Z\"><\/path><\/svg>\t\t\t<\/div>\n\t\t<\/div>\n\t\t\t\t\t\t<\/div>\n\t\t\t\t<\/div>\n\t\t\t\t<div class=\"elementor-element elementor-element-fb0dd54 elementor-widget__width-initial elementor-invisible elementor-widget elementor-widget-text-editor\" data-id=\"fb0dd54\" data-element_type=\"widget\" data-e-type=\"widget\" data-settings=\"{&quot;_animation&quot;:&quot;slideInUp&quot;}\" data-widget_type=\"text-editor.default\">\n\t\t\t\t<div class=\"elementor-widget-container\">\n\t\t\t\t\t\t\t\t\t<p><strong>Magazine editorial team:<\/strong><\/p><p>Redaktor naczelny<br><strong>Ph. engineer Maciej Bogu\u0144<\/strong><\/p><p><a href=\"mailto:ftee@lit.lukasiewicz.pl\">ftee@lit.lukasiewicz.pl<\/a><br>(+48) 42 307 19 98<\/p><p><strong>Editorial address:<\/strong><br>Marii Sk\u0142odowskiej-Curie 19\/27, 90-570 \u0141\u00f3d\u017a<\/p>\t\t\t\t\t\t\t\t<\/div>\n\t\t\t\t<\/div>\n\t\t\t\t\t<\/div>\n\t\t<\/div>\n\t\t\t\t\t<\/div>\n\t\t<\/section>\n\t\t\t\t<\/div>\n\t\t","protected":false},"excerpt":{"rendered":"<p>FIBRES &amp; TEXTILES in Eastern Europe (ISSN 1230-3666, e-ISSN 2300-7354) FTEE is an international, peer-reviewed, open-access scientific bimonthly journal. The journal covers current scientific issues in the following fields: Fibres Textiles Fibrous products Biopolymers Production and processing of fibre-forming polymers Natural and artificial fibres, textiles and fibre products, including paper products The economics of the [&hellip;]<\/p>\n","protected":false},"author":186,"featured_media":0,"parent":0,"menu_order":0,"comment_status":"closed","ping_status":"closed","template":"","meta":{"_acf_changed":false,"_seopress_robots_primary_cat":"","_seopress_titles_title":"","_seopress_titles_desc":"","_seopress_robots_index":"","inline_featured_image":false,"footnotes":""},"class_list":["post-64555","page","type-page","status-publish","hentry"],"acf":{"page_icon":null},"publishpress_future_action":{"enabled":false,"date":"2026-05-08 13:24:57","action":"change-status","newStatus":"draft","terms":[],"taxonomy":"translation_priority","extraData":[]},"publishpress_future_workflow_manual_trigger":{"enabledWorkflows":[]},"_links":{"self":[{"href":"https:\/\/lit.lukasiewicz.gov.pl\/en\/wp-json\/wp\/v2\/pages\/64555","targetHints":{"allow":["GET"]}}],"collection":[{"href":"https:\/\/lit.lukasiewicz.gov.pl\/en\/wp-json\/wp\/v2\/pages"}],"about":[{"href":"https:\/\/lit.lukasiewicz.gov.pl\/en\/wp-json\/wp\/v2\/types\/page"}],"author":[{"embeddable":true,"href":"https:\/\/lit.lukasiewicz.gov.pl\/en\/wp-json\/wp\/v2\/users\/186"}],"replies":[{"embeddable":true,"href":"https:\/\/lit.lukasiewicz.gov.pl\/en\/wp-json\/wp\/v2\/comments?post=64555"}],"version-history":[{"count":2,"href":"https:\/\/lit.lukasiewicz.gov.pl\/en\/wp-json\/wp\/v2\/pages\/64555\/revisions"}],"predecessor-version":[{"id":64557,"href":"https:\/\/lit.lukasiewicz.gov.pl\/en\/wp-json\/wp\/v2\/pages\/64555\/revisions\/64557"}],"wp:attachment":[{"href":"https:\/\/lit.lukasiewicz.gov.pl\/en\/wp-json\/wp\/v2\/media?parent=64555"}],"curies":[{"name":"wp","href":"https:\/\/api.w.org\/{rel}","templated":true}]}}