{"id":65060,"date":"2025-02-17T13:09:20","date_gmt":"2025-02-17T12:09:20","guid":{"rendered":"https:\/\/lit.lukasiewicz.gov.pl\/research-activities\/research-centres\/biomedical-engineering-centre-bcm\/"},"modified":"2025-02-17T13:09:20","modified_gmt":"2025-02-17T12:09:20","slug":"biomedical-engineering-centre-bcm","status":"publish","type":"page","link":"https:\/\/lit.lukasiewicz.gov.pl\/en\/research-activities\/research-centres\/biomedical-engineering-centre-bcm\/","title":{"rendered":"Biomedical Engineering Centre (BCM)"},"content":{"rendered":"\t\t<div data-elementor-type=\"wp-page\" data-elementor-id=\"65060\" class=\"elementor elementor-65060 elementor-47302\" data-elementor-post-type=\"page\">\n\t\t\t\t\t\t<section class=\"elementor-section elementor-top-section elementor-element elementor-element-7edcf1a elementor-section-content-bottom elementor-section-boxed elementor-section-height-default elementor-section-height-default\" data-id=\"7edcf1a\" data-element_type=\"section\" data-e-type=\"section\" data-settings=\"{&quot;background_background&quot;:&quot;classic&quot;}\">\n\t\t\t\t\t\t<div class=\"elementor-container elementor-column-gap-default\">\n\t\t\t\t\t<div class=\"elementor-column elementor-col-100 elementor-top-column elementor-element elementor-element-5c42853\" data-id=\"5c42853\" data-element_type=\"column\" data-e-type=\"column\">\n\t\t\t<div class=\"elementor-widget-wrap elementor-element-populated\">\n\t\t\t\t\t\t<div class=\"elementor-element elementor-element-b168992 elementor-widget elementor-widget-text-editor\" data-id=\"b168992\" data-element_type=\"widget\" data-e-type=\"widget\" data-widget_type=\"text-editor.default\">\n\t\t\t\t<div class=\"elementor-widget-container\">\n\t\t\t\t\t\t\t\t\tBiomedical Engineering Centre (BCM)\t\t\t\t\t\t\t\t<\/div>\n\t\t\t\t<\/div>\n\t\t\t\t\t<\/div>\n\t\t<\/div>\n\t\t\t\t\t<\/div>\n\t\t<\/section>\n\t\t\t\t<section class=\"elementor-section elementor-top-section elementor-element elementor-element-646bf29e elementor-section-boxed elementor-section-height-default elementor-section-height-default\" data-id=\"646bf29e\" data-element_type=\"section\" data-e-type=\"section\" data-settings=\"{&quot;background_background&quot;:&quot;classic&quot;}\">\n\t\t\t\t\t\t<div class=\"elementor-container elementor-column-gap-default\">\n\t\t\t\t\t<div class=\"elementor-column elementor-col-100 elementor-top-column elementor-element elementor-element-23a089b8\" data-id=\"23a089b8\" data-element_type=\"column\" data-e-type=\"column\">\n\t\t\t<div class=\"elementor-widget-wrap elementor-element-populated\">\n\t\t\t\t\t\t<div class=\"elementor-element elementor-element-30b82d12 elementor-widget elementor-widget-eael-breadcrumbs\" data-id=\"30b82d12\" data-element_type=\"widget\" data-e-type=\"widget\" data-widget_type=\"eael-breadcrumbs.default\">\n\t\t\t\t<div class=\"elementor-widget-container\">\n\t\t\t\t\t\t\t<div class=\"eael-breadcrumbs\">\n\t\t\t<div class=\"eael-breadcrumbs__content\"><a href=\"https:\/\/lit.lukasiewicz.gov.pl\/en\/\">Home<\/a> <span class=\"eael-breadcrumb-separator\">&gt;<\/span> <span class = \"eael-current\">Page<\/span><\/div>\t\t<\/div>\n\t\t\t\t\t\t<\/div>\n\t\t\t\t<\/div>\n\t\t\t\t\t<\/div>\n\t\t<\/div>\n\t\t\t\t\t<\/div>\n\t\t<\/section>\n\t\t\t\t<section class=\"elementor-section elementor-top-section elementor-element elementor-element-13fccf3 elementor-section-boxed elementor-section-height-default elementor-section-height-default\" data-id=\"13fccf3\" data-element_type=\"section\" data-e-type=\"section\" data-settings=\"{&quot;background_background&quot;:&quot;classic&quot;}\">\n\t\t\t\t\t\t<div class=\"elementor-container elementor-column-gap-default\">\n\t\t\t\t\t<div class=\"elementor-column elementor-col-100 elementor-top-column elementor-element elementor-element-9f9886f\" data-id=\"9f9886f\" data-element_type=\"column\" data-e-type=\"column\">\n\t\t\t<div class=\"elementor-widget-wrap elementor-element-populated\">\n\t\t\t\t\t\t<div class=\"elementor-element elementor-element-33c2818 elementor-widget elementor-widget-text-editor\" data-id=\"33c2818\" data-element_type=\"widget\" data-e-type=\"widget\" data-widget_type=\"text-editor.default\">\n\t\t\t\t<div class=\"elementor-widget-container\">\n\t\t\t\t\t\t\t\t\t<p><span style=\"color: var( --e-global-color-text );font-family: var( --e-global-typography-text-font-family );font-size: var( --e-global-typography-text-font-size );font-weight: var( --e-global-typography-text-font-weight );background-color: #e5e5e5;text-align: var(--bs-body-text-align)\">Kontakt<\/span><\/p><p><b>dr Longina Madej-Kie\u0142bik<br \/><\/b>Dyrektor Centrum In\u017cynierii Biomedycznej<br \/>mail:\u00a0longina.madej-kielbik@lit.lukasiewicz.gov.pl<br \/>tel. 42\u00a0307 21 70<\/p>\t\t\t\t\t\t\t\t<\/div>\n\t\t\t\t<\/div>\n\t\t\t\t\t<\/div>\n\t\t<\/div>\n\t\t\t\t\t<\/div>\n\t\t<\/section>\n\t\t\t\t<section class=\"elementor-section elementor-top-section elementor-element elementor-element-dcb1fc3 elementor-section-boxed elementor-section-height-default elementor-section-height-default\" data-id=\"dcb1fc3\" data-element_type=\"section\" data-e-type=\"section\" data-settings=\"{&quot;background_background&quot;:&quot;classic&quot;}\">\n\t\t\t\t\t\t<div class=\"elementor-container elementor-column-gap-default\">\n\t\t\t\t\t<div class=\"elementor-column elementor-col-100 elementor-top-column elementor-element elementor-element-72a0f75\" data-id=\"72a0f75\" data-element_type=\"column\" data-e-type=\"column\">\n\t\t\t<div class=\"elementor-widget-wrap elementor-element-populated\">\n\t\t\t\t\t\t<div class=\"elementor-element elementor-element-bc68182 elementor-widget elementor-widget-text-editor\" data-id=\"bc68182\" data-element_type=\"widget\" data-e-type=\"widget\" data-widget_type=\"text-editor.default\">\n\t\t\t\t<div class=\"elementor-widget-container\">\n\t\t\t\t\t\t\t\t\t<p><span style=\"color: var( --e-global-color-text );font-family: var( --e-global-typography-text-font-family );font-size: var( --e-global-typography-text-font-size );font-weight: var( --e-global-typography-text-font-weight );background-color: #e5e5e5;text-align: var(--bs-body-text-align)\">Grupy Badawcze dzia\u0142aj\u0105ce w ramach Centrum\u00a0<\/span><\/p><p><b>1.Grupa Badawcza Biomateria\u0142\u00f3w<\/b><\/p><p>Grupa Badawcza Biomateria\u0142\u00f3w\u00a0zajmuje si\u0119 modyfikacj\u0105 i opracowywaniem nowych biomateria\u0142\u00f3w w oparciu o polimery pochodzenia naturalnego maj\u0105cych zastosowanie\u00a0\u00a0m.in. w medycynie, farmacji, stomatologii, weterynarii i in\u017cynierii tkankowej. G\u0142\u00f3wnymi kierunkami bada\u0144 s\u0105 specjalne materia\u0142y opatrunkowe, w tym pierwszej pomocy,\u00a0\u00a0na zaka\u017cone rany oraz opatrunki okluzyjne przeznaczone do leczenia ran \u015bredniokrwotocznych.\u00a0\u00a0Grupa specjalizuje si\u0119 w modyfikacji fizyko-chemicznej chityny i chitozanu (nowe formy u\u017cytkowe m.in. do zastosowa\u0144 onkologicznych) oraz prowadzi badania nad opracowaniem preparat\u00f3w na bazie polimer\u00f3w naturalnych o dzia\u0142aniu repelentnym na kleszcze, z\u0142\u00f3\u017c polimerowych do oczyszczania produkt\u00f3w bia\u0142kowych z endotoksyny bakteryjnej i udoskonaleniem materia\u0142\u00f3w biokompozytowych stosowanych do konstrukcji i wytwarzania r\u00f3\u017cnego typu implant\u00f3w, w tym wspieraj\u0105cych procesy regeneracji tkanek oraz stanowi\u0105cych pod\u0142o\u017ca do hodowli kom\u00f3rek macierzystych.<\/p>\t\t\t\t\t\t\t\t<\/div>\n\t\t\t\t<\/div>\n\t\t\t\t\t<\/div>\n\t\t<\/div>\n\t\t\t\t\t<\/div>\n\t\t<\/section>\n\t\t\t\t<section class=\"elementor-section elementor-top-section elementor-element elementor-element-16d2fd2 elementor-section-boxed elementor-section-height-default elementor-section-height-default\" data-id=\"16d2fd2\" data-element_type=\"section\" data-e-type=\"section\" data-settings=\"{&quot;background_background&quot;:&quot;classic&quot;}\">\n\t\t\t\t\t\t<div class=\"elementor-container elementor-column-gap-default\">\n\t\t\t\t\t<div class=\"elementor-column elementor-col-100 elementor-top-column elementor-element elementor-element-1ba6f66\" data-id=\"1ba6f66\" data-element_type=\"column\" data-e-type=\"column\">\n\t\t\t<div class=\"elementor-widget-wrap elementor-element-populated\">\n\t\t\t\t\t\t<div class=\"elementor-element elementor-element-759d94f elementor-widget elementor-widget-text-editor\" data-id=\"759d94f\" data-element_type=\"widget\" data-e-type=\"widget\" data-widget_type=\"text-editor.default\">\n\t\t\t\t<div class=\"elementor-widget-container\">\n\t\t\t\t\t\t\t\t\t<p><span style=\"color: var( --e-global-color-text );font-family: var( --e-global-typography-text-font-family );font-size: var( --e-global-typography-text-font-size );font-weight: var( --e-global-typography-text-font-weight );background-color: #e5e5e5;text-align: var(--bs-body-text-align)\">Kontakt<\/span><\/p><p><b>dr in\u017c. Maria Wi\u015bniewska-Wrona<br \/><\/b>mail:\u00a0maria.wisniewska-wrona@lit.lukasiewicz.gov.pl<br \/>tel. 42 307 26 79<\/p>\t\t\t\t\t\t\t\t<\/div>\n\t\t\t\t<\/div>\n\t\t\t\t\t<\/div>\n\t\t<\/div>\n\t\t\t\t\t<\/div>\n\t\t<\/section>\n\t\t\t\t<section class=\"elementor-section elementor-top-section elementor-element elementor-element-690d65d elementor-section-boxed elementor-section-height-default elementor-section-height-default\" data-id=\"690d65d\" data-element_type=\"section\" data-e-type=\"section\" data-settings=\"{&quot;background_background&quot;:&quot;classic&quot;}\">\n\t\t\t\t\t\t<div class=\"elementor-container elementor-column-gap-default\">\n\t\t\t\t\t<div class=\"elementor-column elementor-col-100 elementor-top-column elementor-element elementor-element-16dfc31\" data-id=\"16dfc31\" data-element_type=\"column\" data-e-type=\"column\">\n\t\t\t<div class=\"elementor-widget-wrap elementor-element-populated\">\n\t\t\t\t\t\t<div class=\"elementor-element elementor-element-50f7725 elementor-widget elementor-widget-text-editor\" data-id=\"50f7725\" data-element_type=\"widget\" data-e-type=\"widget\" data-widget_type=\"text-editor.default\">\n\t\t\t\t<div class=\"elementor-widget-container\">\n\t\t\t\t\t\t\t\t\t<p><b style=\"color: var( --e-global-color-text );font-family: var( --e-global-typography-text-font-family );font-size: var( --e-global-typography-text-font-size );background-color: #e5e5e5;text-align: var(--bs-body-text-align)\">2. Grupa Badawcza Syntezy i Modyfikacji Fizyko-Chemicznej Polimer\u00f3w (GB SMP)<\/b><\/p><p>Grupa zajmuje si\u0119 szeroko poj\u0119t\u0105 modyfikacj\u0105 polimer\u00f3w wykorzystywanych m.in.:<br \/>w sektorze medycznym oraz rolniczym. Modyfikacja polimer\u00f3w prowadzona jest powierzchniowo oraz w roztworze mi\u0119dzy innymi z wykorzystaniem techniki elektroprz\u0119dzenia, kt\u00f3ra umo\u017cliwia wytwarzanie mikro- i nanostruktur stosowanych<br \/>w medycynie regeneracyjnej, m.in. do produkcji rusztowa\u0144 kom\u00f3rkowych przeznaczonych do hodowli kom\u00f3rek oraz terapeutycznych system\u00f3w uwalniania substancji czynnych, leczenia ubytk\u00f3w tkanki chrz\u0119stnej, jak r\u00f3wnie\u017c w tkanki kostnej. Grupa prowadzi badania zwi\u0105zane z hodowl\u0105 kom\u00f3rek na wytworzonych biomateria\u0142ach oceniaj\u0105c \u017cywotno\u015b\u0107 kom\u00f3rek oraz wykonuje testy cytotoksyczno\u015bci na wybranej linii kom\u00f3rkowej.<\/p>\t\t\t\t\t\t\t\t<\/div>\n\t\t\t\t<\/div>\n\t\t\t\t\t<\/div>\n\t\t<\/div>\n\t\t\t\t\t<\/div>\n\t\t<\/section>\n\t\t\t\t<section class=\"elementor-section elementor-top-section elementor-element elementor-element-7fb63ea elementor-section-boxed elementor-section-height-default elementor-section-height-default\" data-id=\"7fb63ea\" data-element_type=\"section\" data-e-type=\"section\" data-settings=\"{&quot;background_background&quot;:&quot;classic&quot;}\">\n\t\t\t\t\t\t<div class=\"elementor-container elementor-column-gap-default\">\n\t\t\t\t\t<div class=\"elementor-column elementor-col-100 elementor-top-column elementor-element elementor-element-a1590b4\" data-id=\"a1590b4\" data-element_type=\"column\" data-e-type=\"column\">\n\t\t\t<div class=\"elementor-widget-wrap elementor-element-populated\">\n\t\t\t\t\t\t<div class=\"elementor-element elementor-element-f8a57a4 elementor-widget elementor-widget-text-editor\" data-id=\"f8a57a4\" data-element_type=\"widget\" data-e-type=\"widget\" data-widget_type=\"text-editor.default\">\n\t\t\t\t<div class=\"elementor-widget-container\">\n\t\t\t\t\t\t\t\t\t<p><span style=\"color: var( --e-global-color-text );font-family: var( --e-global-typography-text-font-family );font-size: var( --e-global-typography-text-font-size );font-weight: var( --e-global-typography-text-font-weight );background-color: #e5e5e5;text-align: var(--bs-body-text-align)\">Kontakt<\/span><\/p><p><b>dr Klaudia Piekarska<\/b><span style=\"background-color: #f5f6f7\"><b><br \/><\/b><\/span>mail: klaudia.piekarska@lit.lukasiewicz.gov.pl<br \/>tel. 42 637 60 00<\/p>\t\t\t\t\t\t\t\t<\/div>\n\t\t\t\t<\/div>\n\t\t\t\t\t<\/div>\n\t\t<\/div>\n\t\t\t\t\t<\/div>\n\t\t<\/section>\n\t\t\t\t<section class=\"elementor-section elementor-top-section elementor-element elementor-element-c47dceb elementor-section-boxed elementor-section-height-default elementor-section-height-default\" data-id=\"c47dceb\" data-element_type=\"section\" data-e-type=\"section\" data-settings=\"{&quot;background_background&quot;:&quot;classic&quot;}\">\n\t\t\t\t\t\t<div class=\"elementor-container elementor-column-gap-default\">\n\t\t\t\t\t<div class=\"elementor-column elementor-col-100 elementor-top-column elementor-element elementor-element-500089e\" data-id=\"500089e\" data-element_type=\"column\" data-e-type=\"column\">\n\t\t\t<div class=\"elementor-widget-wrap elementor-element-populated\">\n\t\t\t\t\t\t<div class=\"elementor-element elementor-element-3fe9af5 elementor-widget elementor-widget-text-editor\" data-id=\"3fe9af5\" data-element_type=\"widget\" data-e-type=\"widget\" data-widget_type=\"text-editor.default\">\n\t\t\t\t<div class=\"elementor-widget-container\">\n\t\t\t\t\t\t\t\t\t<p><span style=\"color: var( --e-global-color-text );font-family: var( --e-global-typography-text-font-family );font-size: var( --e-global-typography-text-font-size );font-weight: var( --e-global-typography-text-font-weight );background-color: #e5e5e5;text-align: var(--bs-body-text-align)\">3. Grupa Badawcza Technologii Medycznych<\/span><\/p><p>Grupa Badawcza Technologii Medycznych prowadzi interdyscyplinarne badania naukowe i prace rozwojowe w zakresie in\u017cynierii biomedycznej z wykorzystaniem biopolimer\u00f3w i nowoczesnych technologii. Tematyka bada\u0144 obejmuje innowacyjne procesy modyfikacji wyrob\u00f3w medycznych\/farmaceutycznych\/kosmetycznych oraz struktur polimerowych, nowe technologie w zastosowaniach medycznych. Grupa prowadzi badania naukowe w zakresie funkcjonalizacji wyrob\u00f3w polimerowych w celu nadania nowych po\u017c\u0105danych w\u0142a\u015bciwo\u015bci u\u017cytkowych. Tematyka prac obejmu zagadnienia zwi\u0105zane z bio-drukiem 3D w aspekcie modyfikacji materia\u0142\u00f3w i struktur polimerowych. Zesp\u00f3\u0142 prowadzi badania proces\u00f3w degradacji i starzenia wyrob\u00f3w medycznych, ocena czysto\u015bci chemicznej wyrob\u00f3w medycznych, badania z zakresu fizyko-chemii polimer\u00f3w tj. oznaczanie grup chemicznych, badanie lepko\u015bci roztwor\u00f3w, rozk\u0142ad mas molowych, badania strukturalne czy badania wyrob\u00f3w medycznych i polimer\u00f3w zgodnie z normami, Farmakope\u0105, UPS. Grupa prowadzi r\u00f3wnie\u017c badania identyfikacji biopolimer\u00f3w w r\u00f3\u017cnego rodzajach materia\u0142ach.<\/p>\t\t\t\t\t\t\t\t<\/div>\n\t\t\t\t<\/div>\n\t\t\t\t\t<\/div>\n\t\t<\/div>\n\t\t\t\t\t<\/div>\n\t\t<\/section>\n\t\t\t\t<section class=\"elementor-section elementor-top-section elementor-element elementor-element-f6fb09c elementor-section-boxed elementor-section-height-default elementor-section-height-default\" data-id=\"f6fb09c\" data-element_type=\"section\" data-e-type=\"section\" data-settings=\"{&quot;background_background&quot;:&quot;classic&quot;}\">\n\t\t\t\t\t\t<div class=\"elementor-container elementor-column-gap-default\">\n\t\t\t\t\t<div class=\"elementor-column elementor-col-100 elementor-top-column elementor-element elementor-element-250a7df\" data-id=\"250a7df\" data-element_type=\"column\" data-e-type=\"column\">\n\t\t\t<div class=\"elementor-widget-wrap elementor-element-populated\">\n\t\t\t\t\t\t<div class=\"elementor-element elementor-element-64de556 elementor-widget elementor-widget-text-editor\" data-id=\"64de556\" data-element_type=\"widget\" data-e-type=\"widget\" data-widget_type=\"text-editor.default\">\n\t\t\t\t<div class=\"elementor-widget-container\">\n\t\t\t\t\t\t\t\t\t<p><span style=\"color: var( --e-global-color-text );font-family: var( --e-global-typography-text-font-family );font-size: var( --e-global-typography-text-font-size );font-weight: var( --e-global-typography-text-font-weight );text-align: var(--bs-body-text-align)\">Kontakt<\/span><\/p>\n<p><b>mgr Karolina Gzyra-Jagie\u0142a<\/b><span style=\"background-color: #f5f6f7\"><b><br><\/b><\/span>mail: karolina.gzyra-jagiela@lit.lukasiewicz.gov.pl<br>tel. 42 307 24 55<\/p>\t\t\t\t\t\t\t\t<\/div>\n\t\t\t\t<\/div>\n\t\t\t\t\t<\/div>\n\t\t<\/div>\n\t\t\t\t\t<\/div>\n\t\t<\/section>\n\t\t\t\t<\/div>\n\t\t","protected":false},"excerpt":{"rendered":"<p>Home &gt; Page CONTACT Dr. Longina Madej-Kie\u0142bikDirector of the Center for Biomedical Engineeringe-mail: longina.madej-kielbik@lit.lukasiewicz.gov.pltel. 42 307 21 70 Research groups operating within the Center 1.Biomaterials Research Group The Biomaterials Research Group is engaged in the modification and development of new biomaterials based on natural polymers with applications in medicine, pharmacy, dentistry, veterinary medicine and tissue [&hellip;]<\/p>\n","protected":false},"author":205,"featured_media":0,"parent":64729,"menu_order":0,"comment_status":"closed","ping_status":"closed","template":"","meta":{"_acf_changed":false,"_seopress_robots_primary_cat":"","_seopress_titles_title":"","_seopress_titles_desc":"","_seopress_robots_index":"","inline_featured_image":false,"footnotes":""},"class_list":["post-65060","page","type-page","status-publish","hentry"],"acf":{"page_icon":null},"publishpress_future_action":{"enabled":false,"date":"2026-04-16 07:41:45","action":"change-status","newStatus":"draft","terms":[],"taxonomy":"translation_priority","extraData":[]},"publishpress_future_workflow_manual_trigger":{"enabledWorkflows":[]},"_links":{"self":[{"href":"https:\/\/lit.lukasiewicz.gov.pl\/en\/wp-json\/wp\/v2\/pages\/65060","targetHints":{"allow":["GET"]}}],"collection":[{"href":"https:\/\/lit.lukasiewicz.gov.pl\/en\/wp-json\/wp\/v2\/pages"}],"about":[{"href":"https:\/\/lit.lukasiewicz.gov.pl\/en\/wp-json\/wp\/v2\/types\/page"}],"author":[{"embeddable":true,"href":"https:\/\/lit.lukasiewicz.gov.pl\/en\/wp-json\/wp\/v2\/users\/205"}],"replies":[{"embeddable":true,"href":"https:\/\/lit.lukasiewicz.gov.pl\/en\/wp-json\/wp\/v2\/comments?post=65060"}],"version-history":[{"count":0,"href":"https:\/\/lit.lukasiewicz.gov.pl\/en\/wp-json\/wp\/v2\/pages\/65060\/revisions"}],"up":[{"embeddable":true,"href":"https:\/\/lit.lukasiewicz.gov.pl\/en\/wp-json\/wp\/v2\/pages\/64729"}],"wp:attachment":[{"href":"https:\/\/lit.lukasiewicz.gov.pl\/en\/wp-json\/wp\/v2\/media?parent=65060"}],"curies":[{"name":"wp","href":"https:\/\/api.w.org\/{rel}","templated":true}]}}