{"id":65063,"date":"2025-02-24T11:43:51","date_gmt":"2025-02-24T10:43:51","guid":{"rendered":"https:\/\/lit.lukasiewicz.gov.pl\/research-activities\/research-centres\/laboratory-center\/"},"modified":"2025-02-24T11:43:51","modified_gmt":"2025-02-24T10:43:51","slug":"laboratory-center","status":"publish","type":"page","link":"https:\/\/lit.lukasiewicz.gov.pl\/en\/research-activities\/research-centres\/laboratory-center\/","title":{"rendered":"Laboratory center"},"content":{"rendered":"\t\t<div data-elementor-type=\"wp-page\" data-elementor-id=\"65063\" class=\"elementor elementor-65063 elementor-48266\" data-elementor-post-type=\"page\">\n\t\t\t\t\t\t<section class=\"elementor-section elementor-top-section elementor-element elementor-element-72f9ca9 elementor-section-content-bottom elementor-section-full_width elementor-section-height-min-height elementor-section-height-default elementor-section-items-middle\" data-id=\"72f9ca9\" data-element_type=\"section\" data-e-type=\"section\" data-settings=\"{&quot;background_background&quot;:&quot;classic&quot;}\">\n\t\t\t\t\t\t<div class=\"elementor-container elementor-column-gap-default\">\n\t\t\t\t\t<div class=\"elementor-column elementor-col-100 elementor-top-column elementor-element elementor-element-72f3c30\" data-id=\"72f3c30\" data-element_type=\"column\" data-e-type=\"column\">\n\t\t\t<div class=\"elementor-widget-wrap elementor-element-populated\">\n\t\t\t\t\t\t<div class=\"elementor-element elementor-element-454c808 elementor-widget elementor-widget-text-editor\" data-id=\"454c808\" data-element_type=\"widget\" data-e-type=\"widget\" data-widget_type=\"text-editor.default\">\n\t\t\t\t<div class=\"elementor-widget-container\">\n\t\t\t\t\t\t\t\t\tLaboratory center\t\t\t\t\t\t\t\t<\/div>\n\t\t\t\t<\/div>\n\t\t\t\t\t<\/div>\n\t\t<\/div>\n\t\t\t\t\t<\/div>\n\t\t<\/section>\n\t\t\t\t<section class=\"elementor-section elementor-top-section elementor-element elementor-element-368d9ce elementor-section-boxed elementor-section-height-default elementor-section-height-default\" data-id=\"368d9ce\" data-element_type=\"section\" data-e-type=\"section\" data-settings=\"{&quot;background_background&quot;:&quot;classic&quot;}\">\n\t\t\t\t\t\t<div class=\"elementor-container elementor-column-gap-default\">\n\t\t\t\t\t<div class=\"elementor-column elementor-col-100 elementor-top-column elementor-element elementor-element-95fce45\" data-id=\"95fce45\" data-element_type=\"column\" data-e-type=\"column\">\n\t\t\t<div class=\"elementor-widget-wrap elementor-element-populated\">\n\t\t\t\t\t\t<div class=\"elementor-element elementor-element-e43cd68 elementor-hidden-mobile elementor-widget elementor-widget-eael-breadcrumbs\" data-id=\"e43cd68\" data-element_type=\"widget\" data-e-type=\"widget\" data-widget_type=\"eael-breadcrumbs.default\">\n\t\t\t\t<div class=\"elementor-widget-container\">\n\t\t\t\t\t\t\t<div class=\"eael-breadcrumbs\">\n\t\t\t<div class=\"eael-breadcrumbs__content\"><a href=\"https:\/\/lit.lukasiewicz.gov.pl\/en\/\">Strona g\u0142\u00f3wna<\/a> <span class=\"eael-breadcrumb-separator\">&gt;<\/span> <span class = \"eael-current\">Page<\/span><\/div>\t\t<\/div>\n\t\t\t\t\t\t<\/div>\n\t\t\t\t<\/div>\n\t\t\t\t\t<\/div>\n\t\t<\/div>\n\t\t\t\t\t<\/div>\n\t\t<\/section>\n\t\t\t\t<section class=\"elementor-section elementor-top-section elementor-element elementor-element-1e40e1e2 elementor-section-boxed elementor-section-height-default elementor-section-height-default\" data-id=\"1e40e1e2\" data-element_type=\"section\" data-e-type=\"section\" data-settings=\"{&quot;background_background&quot;:&quot;classic&quot;}\">\n\t\t\t\t\t\t<div class=\"elementor-container elementor-column-gap-default\">\n\t\t\t\t\t<div class=\"elementor-column elementor-col-100 elementor-top-column elementor-element elementor-element-37d01943\" data-id=\"37d01943\" data-element_type=\"column\" data-e-type=\"column\">\n\t\t\t<div class=\"elementor-widget-wrap elementor-element-populated\">\n\t\t\t\t\t\t<section class=\"elementor-section elementor-inner-section elementor-element elementor-element-5332ca09 elementor-section-boxed elementor-section-height-default elementor-section-height-default\" data-id=\"5332ca09\" data-element_type=\"section\" data-e-type=\"section\">\n\t\t\t\t\t\t<div class=\"elementor-container elementor-column-gap-default\">\n\t\t\t\t\t<div class=\"elementor-column elementor-col-100 elementor-inner-column elementor-element elementor-element-3d471e9e\" data-id=\"3d471e9e\" data-element_type=\"column\" data-e-type=\"column\">\n\t\t\t<div class=\"elementor-widget-wrap elementor-element-populated\">\n\t\t\t\t\t\t<div class=\"elementor-element elementor-element-7f44edeb elementor-widget-divider--view-line_text elementor-widget-divider--element-align-left elementor-widget elementor-widget-divider\" data-id=\"7f44edeb\" data-element_type=\"widget\" data-e-type=\"widget\" data-widget_type=\"divider.default\">\n\t\t\t\t<div class=\"elementor-widget-container\">\n\t\t\t\t\t\t\t<div class=\"elementor-divider\">\n\t\t\t<span class=\"elementor-divider-separator\">\n\t\t\t\t\t\t\t<span class=\"elementor-divider__text elementor-divider__element\">\n\t\t\t\tPLIKI DO POBRANIA\t\t\t\t<\/span>\n\t\t\t\t\t\t<\/span>\n\t\t<\/div>\n\t\t\t\t\t\t<\/div>\n\t\t\t\t<\/div>\n\t\t\t\t\t<\/div>\n\t\t<\/div>\n\t\t\t\t\t<\/div>\n\t\t<\/section>\n\t\t\t\t<section class=\"elementor-section elementor-inner-section elementor-element elementor-element-364caed elementor-section-boxed elementor-section-height-default elementor-section-height-default\" data-id=\"364caed\" data-element_type=\"section\" data-e-type=\"section\">\n\t\t\t\t\t\t<div class=\"elementor-container elementor-column-gap-default\">\n\t\t\t\t\t<div class=\"elementor-column elementor-col-33 elementor-inner-column elementor-element elementor-element-27dcc3aa\" data-id=\"27dcc3aa\" data-element_type=\"column\" data-e-type=\"column\" data-settings=\"{&quot;background_background&quot;:&quot;classic&quot;}\">\n\t\t\t<div class=\"elementor-widget-wrap elementor-element-populated\">\n\t\t\t\t\t\t<div class=\"elementor-element elementor-element-3045e8fa elementor-position-inline-start elementor-view-default elementor-mobile-position-block-start elementor-invisible elementor-widget elementor-widget-icon-box\" data-id=\"3045e8fa\" data-element_type=\"widget\" data-e-type=\"widget\" data-settings=\"{&quot;_animation&quot;:&quot;fadeInDown&quot;}\" data-widget_type=\"icon-box.default\">\n\t\t\t\t<div class=\"elementor-widget-container\">\n\t\t\t\t\t\t\t<div class=\"elementor-icon-box-wrapper\">\n\n\t\t\t\t\t\t<div class=\"elementor-icon-box-icon\">\n\t\t\t\t<a href=\"https:\/\/lit.lukasiewicz.gov.pl\/wp-content\/uploads\/sites\/39\/2025\/03\/Katalog-Zdrowie-_internet.pdf\" class=\"elementor-icon elementor-animation-bounce-out\" tabindex=\"-1\" aria-label=\"Katalog Zdrowie\">\n\t\t\t\t<svg xmlns=\"http:\/\/www.w3.org\/2000\/svg\" xmlns:xlink=\"http:\/\/www.w3.org\/1999\/xlink\" xmlns:serif=\"http:\/\/www.serif.com\/\" width=\"100%\" height=\"100%\" viewBox=\"0 0 3288 4113\" xml:space=\"preserve\" style=\"fill-rule:evenodd;clip-rule:evenodd;stroke-linejoin:round;stroke-miterlimit:2;\"><path d=\"M446.871,0l2115.24,0c241.275,222.733 483.334,446.171 724.479,668.908l0,3040.82l-991.145,0c31.9,-40.767 63.15,-81.55 95.05,-121.612l774.741,-0l0,-2797.58l-772.396,0l0,-668.904l-1824.61,0l0,418.359l-121.358,-0l-0,-539.988Zm121.358,1727.7l0,1860.42l774.479,-0.001c32.159,40.063 63.15,80.846 95.313,121.613l-991.15,0l-0,-1982.03l121.358,-0Z\" style=\"fill:#3de621;\"><\/path><rect x=\"0\" y=\"631.925\" width=\"2133.98\" height=\"1004.31\" style=\"fill:#3de621;\"><\/rect><path d=\"M1611.72,2728.74l510.029,-0.001l-0,652.642l313.279,0c-189.063,243.254 -378.775,486.263 -568.358,729.284c-189.717,-243.021 -379.167,-486.03 -568.23,-729.284l313.28,0l-0,-652.641Z\" style=\"fill:#3de621;\"><\/path><text x=\"159.388px\" y=\"1428.4px\" style=\"font-family:'Arial-BoldMT', 'Arial', sans-serif;font-weight:700;font-size:822.333px;fill:#fff;\">DOC<\/text><\/svg>\t\t\t\t<\/a>\n\t\t\t<\/div>\n\t\t\t\n\t\t\t\t\t\t<div class=\"elementor-icon-box-content\">\n\n\t\t\t\t\t\t\t\t\t<h5 class=\"elementor-icon-box-title\">\n\t\t\t\t\t\t<a href=\"https:\/\/lit.lukasiewicz.gov.pl\/wp-content\/uploads\/sites\/39\/2025\/03\/Katalog-Zdrowie-_internet.pdf\" >\n\t\t\t\t\t\t\tKatalog Zdrowie\t\t\t\t\t\t<\/a>\n\t\t\t\t\t<\/h5>\n\t\t\t\t\n\t\t\t\t\n\t\t\t<\/div>\n\t\t\t\n\t\t<\/div>\n\t\t\t\t\t\t<\/div>\n\t\t\t\t<\/div>\n\t\t\t\t<div class=\"elementor-element elementor-element-f9afd1a elementor-position-inline-start elementor-view-default elementor-mobile-position-block-start elementor-invisible elementor-widget elementor-widget-icon-box\" data-id=\"f9afd1a\" data-element_type=\"widget\" data-e-type=\"widget\" data-settings=\"{&quot;_animation&quot;:&quot;fadeInDown&quot;}\" data-widget_type=\"icon-box.default\">\n\t\t\t\t<div class=\"elementor-widget-container\">\n\t\t\t\t\t\t\t<div class=\"elementor-icon-box-wrapper\">\n\n\t\t\t\t\t\t<div class=\"elementor-icon-box-icon\">\n\t\t\t\t<a href=\"https:\/\/lit.lukasiewicz.gov.pl\/wp-content\/uploads\/sites\/39\/2025\/07\/Ulotka-CENTRUM-INZYNIERII-BIOMEDYCZNEJ-BCM.pdf\" class=\"elementor-icon elementor-animation-bounce-out\" tabindex=\"-1\" aria-label=\"Ulotka Centrum BCM\">\n\t\t\t\t<svg xmlns=\"http:\/\/www.w3.org\/2000\/svg\" xmlns:xlink=\"http:\/\/www.w3.org\/1999\/xlink\" xmlns:serif=\"http:\/\/www.serif.com\/\" width=\"100%\" height=\"100%\" viewBox=\"0 0 3288 4113\" xml:space=\"preserve\" style=\"fill-rule:evenodd;clip-rule:evenodd;stroke-linejoin:round;stroke-miterlimit:2;\"><path d=\"M447.783,0l2114.59,0l724.479,668.908l-0,3040.82l-990.363,0l94.53,-121.612l774.479,-0l-0,-2797.58l-772.396,0l0,-668.904l-1823.83,0l-0,418.359l-121.488,-0l0,-539.988Zm121.488,1727.7l-0,1860.42l774.479,-0.001l94.529,121.613l-990.496,0l0,-1982.03l121.488,-0Z\" style=\"fill:#3de621;\"><\/path><rect x=\"0\" y=\"631.925\" width=\"2134.24\" height=\"1004.31\" style=\"fill:#3de621;\"><\/rect><path d=\"M1611.98,2728.74l510.808,-0.001l0,652.642l313.15,0l-568.883,729.284l-568.358,-729.284l313.283,0l0,-652.641Z\" style=\"fill:#3de621;\"><\/path><path d=\"M296.483,1427.88l0,-587.125l189.717,0c65.362,0 112.758,2.813 143.096,7.996c29.95,5.662 56.771,24.062 80.862,54.454c23.83,29.933 35.546,69.063 35.546,118.083c0,42.905 -8.725,78.492 -27.475,106.771c-19.141,29.221 -43.621,48.805 -73.566,60.588c-30.471,11.55 -80.6,17.433 -152.475,17.433l-77.084,0l0,221.8l-118.621,0Zm118.621,-488.154l0,166.654l64.584,0c52.345,0 89.583,-5.896 111.2,-17.446c21.875,-11.783 33.462,-33.45 33.462,-66.237c0,-31.342 -10.158,-53.271 -29.95,-64.792c-18.879,-12.512 -59.371,-18.179 -121.875,-18.179l-57.421,0Zm427.996,-98.971l216.663,0c61.07,0 110.291,7.996 148.179,24.492c38.412,16.979 68.883,49.037 92.191,96.175c23.304,48.083 34.892,107.017 34.892,178.421c0,192.1 -90.1,288.037 -268.879,288.037l-223.046,0l-0,-587.125Zm118.358,98.971l0,389.388l87.892,-0c61.067,-0 103.254,-13.175 127.212,-39.346c24.088,-26.171 35.68,-78.009 35.68,-155.092c-0,-58.229 -7.292,-100.417 -22.009,-128.7c-14.321,-28.529 -33.2,-45.962 -56.508,-53.971c-23.308,-8.033 -62.5,-12.279 -118.363,-12.279l-53.904,0Zm474.742,488.154l0,-587.125l401.558,0l0,98.971l-283.329,0l0,138.842l244.267,-0l-0,99.687l-244.267,0l0,249.625l-118.229,0Z\" style=\"fill:#fff;\"><\/path><\/svg>\t\t\t\t<\/a>\n\t\t\t<\/div>\n\t\t\t\n\t\t\t\t\t\t<div class=\"elementor-icon-box-content\">\n\n\t\t\t\t\t\t\t\t\t<h5 class=\"elementor-icon-box-title\">\n\t\t\t\t\t\t<a href=\"https:\/\/lit.lukasiewicz.gov.pl\/wp-content\/uploads\/sites\/39\/2025\/07\/Ulotka-CENTRUM-INZYNIERII-BIOMEDYCZNEJ-BCM.pdf\" >\n\t\t\t\t\t\t\tUlotka Centrum BCM\t\t\t\t\t\t<\/a>\n\t\t\t\t\t<\/h5>\n\t\t\t\t\n\t\t\t\t\t\t\t\t\t<p class=\"elementor-icon-box-description\">\n\t\t\t\t\t\tCentrum In\u017cynierii Biomedycznej\t\t\t\t\t<\/p>\n\t\t\t\t\n\t\t\t<\/div>\n\t\t\t\n\t\t<\/div>\n\t\t\t\t\t\t<\/div>\n\t\t\t\t<\/div>\n\t\t\t\t\t<\/div>\n\t\t<\/div>\n\t\t\t\t<div class=\"elementor-column elementor-col-33 elementor-inner-column elementor-element elementor-element-58a33d5d\" data-id=\"58a33d5d\" data-element_type=\"column\" data-e-type=\"column\" data-settings=\"{&quot;background_background&quot;:&quot;classic&quot;}\">\n\t\t\t<div class=\"elementor-widget-wrap elementor-element-populated\">\n\t\t\t\t\t\t<div class=\"elementor-element elementor-element-962766b elementor-position-inline-start elementor-view-default elementor-mobile-position-block-start elementor-invisible elementor-widget elementor-widget-icon-box\" data-id=\"962766b\" data-element_type=\"widget\" data-e-type=\"widget\" data-settings=\"{&quot;_animation&quot;:&quot;fadeInDown&quot;}\" data-widget_type=\"icon-box.default\">\n\t\t\t\t<div class=\"elementor-widget-container\">\n\t\t\t\t\t\t\t<div class=\"elementor-icon-box-wrapper\">\n\n\t\t\t\t\t\t<div class=\"elementor-icon-box-icon\">\n\t\t\t\t<a href=\"https:\/\/lit.lukasiewicz.gov.pl\/wp-content\/uploads\/sites\/39\/2025\/03\/Ulotka-Oferta-badan-produktow-spozywczych-A4-3.pdf\" class=\"elementor-icon elementor-animation-bounce-out\" tabindex=\"-1\" aria-label=\" Ulotka-Oferta bada\u0144 produkt\u00f3w spo\u017cywczych\">\n\t\t\t\t<svg xmlns=\"http:\/\/www.w3.org\/2000\/svg\" xmlns:xlink=\"http:\/\/www.w3.org\/1999\/xlink\" xmlns:serif=\"http:\/\/www.serif.com\/\" width=\"100%\" height=\"100%\" viewBox=\"0 0 3288 4113\" xml:space=\"preserve\" style=\"fill-rule:evenodd;clip-rule:evenodd;stroke-linejoin:round;stroke-miterlimit:2;\"><path d=\"M447.783,0l2114.59,0l724.479,668.908l-0,3040.82l-990.363,0l94.53,-121.612l774.479,-0l-0,-2797.58l-772.396,0l0,-668.904l-1823.83,0l-0,418.359l-121.488,-0l0,-539.988Zm121.488,1727.7l-0,1860.42l774.479,-0.001l94.529,121.613l-990.496,0l0,-1982.03l121.488,-0Z\" style=\"fill:#3de621;\"><\/path><rect x=\"0\" y=\"631.925\" width=\"2134.24\" height=\"1004.31\" style=\"fill:#3de621;\"><\/rect><path d=\"M1611.98,2728.74l510.808,-0.001l0,652.642l313.15,0l-568.883,729.284l-568.358,-729.284l313.283,0l0,-652.641Z\" style=\"fill:#3de621;\"><\/path><path d=\"M296.483,1427.88l0,-587.125l189.717,0c65.362,0 112.758,2.813 143.096,7.996c29.95,5.662 56.771,24.062 80.862,54.454c23.83,29.933 35.546,69.063 35.546,118.083c0,42.905 -8.725,78.492 -27.475,106.771c-19.141,29.221 -43.621,48.805 -73.566,60.588c-30.471,11.55 -80.6,17.433 -152.475,17.433l-77.084,0l0,221.8l-118.621,0Zm118.621,-488.154l0,166.654l64.584,0c52.345,0 89.583,-5.896 111.2,-17.446c21.875,-11.783 33.462,-33.45 33.462,-66.237c0,-31.342 -10.158,-53.271 -29.95,-64.792c-18.879,-12.512 -59.371,-18.179 -121.875,-18.179l-57.421,0Zm427.996,-98.971l216.663,0c61.07,0 110.291,7.996 148.179,24.492c38.412,16.979 68.883,49.037 92.191,96.175c23.304,48.083 34.892,107.017 34.892,178.421c0,192.1 -90.1,288.037 -268.879,288.037l-223.046,0l-0,-587.125Zm118.358,98.971l0,389.388l87.892,-0c61.067,-0 103.254,-13.175 127.212,-39.346c24.088,-26.171 35.68,-78.009 35.68,-155.092c-0,-58.229 -7.292,-100.417 -22.009,-128.7c-14.321,-28.529 -33.2,-45.962 -56.508,-53.971c-23.308,-8.033 -62.5,-12.279 -118.363,-12.279l-53.904,0Zm474.742,488.154l0,-587.125l401.558,0l0,98.971l-283.329,0l0,138.842l244.267,-0l-0,99.687l-244.267,0l0,249.625l-118.229,0Z\" style=\"fill:#fff;\"><\/path><\/svg>\t\t\t\t<\/a>\n\t\t\t<\/div>\n\t\t\t\n\t\t\t\t\t\t<div class=\"elementor-icon-box-content\">\n\n\t\t\t\t\t\t\t\t\t<h4 class=\"elementor-icon-box-title\">\n\t\t\t\t\t\t<a href=\"https:\/\/lit.lukasiewicz.gov.pl\/wp-content\/uploads\/sites\/39\/2025\/03\/Ulotka-Oferta-badan-produktow-spozywczych-A4-3.pdf\" >\n\t\t\t\t\t\t\t Ulotka-Oferta bada\u0144 produkt\u00f3w spo\u017cywczych\t\t\t\t\t\t<\/a>\n\t\t\t\t\t<\/h4>\n\t\t\t\t\n\t\t\t\t\n\t\t\t<\/div>\n\t\t\t\n\t\t<\/div>\n\t\t\t\t\t\t<\/div>\n\t\t\t\t<\/div>\n\t\t\t\t<div class=\"elementor-element elementor-element-52d39097 elementor-position-inline-start elementor-view-default elementor-mobile-position-block-start elementor-invisible elementor-widget elementor-widget-icon-box\" data-id=\"52d39097\" data-element_type=\"widget\" data-e-type=\"widget\" data-settings=\"{&quot;_animation&quot;:&quot;fadeInDown&quot;}\" data-widget_type=\"icon-box.default\">\n\t\t\t\t<div class=\"elementor-widget-container\">\n\t\t\t\t\t\t\t<div class=\"elementor-icon-box-wrapper\">\n\n\t\t\t\t\t\t<div class=\"elementor-icon-box-icon\">\n\t\t\t\t<a href=\"https:\/\/lit.lukasiewicz.gov.pl\/wp-content\/uploads\/sites\/39\/2025\/03\/Ulotka-Badania-z-Zakresu-Mikrobiologii-A4.pdf\" class=\"elementor-icon elementor-animation-bounce-out\" tabindex=\"-1\" aria-label=\"Ulotka - Badania z Zakresu Mikrobiologii i Biodegradacji\">\n\t\t\t\t<svg xmlns=\"http:\/\/www.w3.org\/2000\/svg\" xmlns:xlink=\"http:\/\/www.w3.org\/1999\/xlink\" xmlns:serif=\"http:\/\/www.serif.com\/\" width=\"100%\" height=\"100%\" viewBox=\"0 0 3288 4113\" xml:space=\"preserve\" style=\"fill-rule:evenodd;clip-rule:evenodd;stroke-linejoin:round;stroke-miterlimit:2;\"><path d=\"M447.783,0l2114.59,0l724.479,668.908l-0,3040.82l-990.363,0l94.53,-121.612l774.479,-0l-0,-2797.58l-772.396,0l0,-668.904l-1823.83,0l-0,418.359l-121.488,-0l0,-539.988Zm121.488,1727.7l-0,1860.42l774.479,-0.001l94.529,121.613l-990.496,0l0,-1982.03l121.488,-0Z\" style=\"fill:#3de621;\"><\/path><rect x=\"0\" y=\"631.925\" width=\"2134.24\" height=\"1004.31\" style=\"fill:#3de621;\"><\/rect><path d=\"M1611.98,2728.74l510.808,-0.001l0,652.642l313.15,0l-568.883,729.284l-568.358,-729.284l313.283,0l0,-652.641Z\" style=\"fill:#3de621;\"><\/path><path d=\"M296.483,1427.88l0,-587.125l189.717,0c65.362,0 112.758,2.813 143.096,7.996c29.95,5.662 56.771,24.062 80.862,54.454c23.83,29.933 35.546,69.063 35.546,118.083c0,42.905 -8.725,78.492 -27.475,106.771c-19.141,29.221 -43.621,48.805 -73.566,60.588c-30.471,11.55 -80.6,17.433 -152.475,17.433l-77.084,0l0,221.8l-118.621,0Zm118.621,-488.154l0,166.654l64.584,0c52.345,0 89.583,-5.896 111.2,-17.446c21.875,-11.783 33.462,-33.45 33.462,-66.237c0,-31.342 -10.158,-53.271 -29.95,-64.792c-18.879,-12.512 -59.371,-18.179 -121.875,-18.179l-57.421,0Zm427.996,-98.971l216.663,0c61.07,0 110.291,7.996 148.179,24.492c38.412,16.979 68.883,49.037 92.191,96.175c23.304,48.083 34.892,107.017 34.892,178.421c0,192.1 -90.1,288.037 -268.879,288.037l-223.046,0l-0,-587.125Zm118.358,98.971l0,389.388l87.892,-0c61.067,-0 103.254,-13.175 127.212,-39.346c24.088,-26.171 35.68,-78.009 35.68,-155.092c-0,-58.229 -7.292,-100.417 -22.009,-128.7c-14.321,-28.529 -33.2,-45.962 -56.508,-53.971c-23.308,-8.033 -62.5,-12.279 -118.363,-12.279l-53.904,0Zm474.742,488.154l0,-587.125l401.558,0l0,98.971l-283.329,0l0,138.842l244.267,-0l-0,99.687l-244.267,0l0,249.625l-118.229,0Z\" style=\"fill:#fff;\"><\/path><\/svg>\t\t\t\t<\/a>\n\t\t\t<\/div>\n\t\t\t\n\t\t\t\t\t\t<div class=\"elementor-icon-box-content\">\n\n\t\t\t\t\t\t\t\t\t<h4 class=\"elementor-icon-box-title\">\n\t\t\t\t\t\t<a href=\"https:\/\/lit.lukasiewicz.gov.pl\/wp-content\/uploads\/sites\/39\/2025\/03\/Ulotka-Badania-z-Zakresu-Mikrobiologii-A4.pdf\" >\n\t\t\t\t\t\t\tUlotka - Badania z Zakresu Mikrobiologii i Biodegradacji\t\t\t\t\t\t<\/a>\n\t\t\t\t\t<\/h4>\n\t\t\t\t\n\t\t\t\t\n\t\t\t<\/div>\n\t\t\t\n\t\t<\/div>\n\t\t\t\t\t\t<\/div>\n\t\t\t\t<\/div>\n\t\t\t\t\t<\/div>\n\t\t<\/div>\n\t\t\t\t<div class=\"elementor-column elementor-col-33 elementor-inner-column elementor-element elementor-element-489bb62f\" data-id=\"489bb62f\" data-element_type=\"column\" data-e-type=\"column\" data-settings=\"{&quot;background_background&quot;:&quot;classic&quot;}\">\n\t\t\t<div class=\"elementor-widget-wrap elementor-element-populated\">\n\t\t\t\t\t\t<div class=\"elementor-element elementor-element-399047ae elementor-position-inline-start elementor-view-default elementor-mobile-position-block-start elementor-invisible elementor-widget elementor-widget-icon-box\" data-id=\"399047ae\" data-element_type=\"widget\" data-e-type=\"widget\" data-settings=\"{&quot;_animation&quot;:&quot;fadeInDown&quot;}\" data-widget_type=\"icon-box.default\">\n\t\t\t\t<div class=\"elementor-widget-container\">\n\t\t\t\t\t\t\t<div class=\"elementor-icon-box-wrapper\">\n\n\t\t\t\t\t\t<div class=\"elementor-icon-box-icon\">\n\t\t\t\t<a href=\"https:\/\/lit.lukasiewicz.gov.pl\/wp-content\/uploads\/sites\/39\/2025\/03\/Laboratoria-zdrowie.pdf\" class=\"elementor-icon elementor-animation-bounce-out\" tabindex=\"-1\" aria-label=\"Laboratoria\">\n\t\t\t\t<svg xmlns=\"http:\/\/www.w3.org\/2000\/svg\" xmlns:xlink=\"http:\/\/www.w3.org\/1999\/xlink\" xmlns:serif=\"http:\/\/www.serif.com\/\" width=\"100%\" height=\"100%\" viewBox=\"0 0 3288 4113\" xml:space=\"preserve\" style=\"fill-rule:evenodd;clip-rule:evenodd;stroke-linejoin:round;stroke-miterlimit:2;\"><path d=\"M447.783,0l2114.59,0l724.479,668.908l-0,3040.82l-990.363,0l94.53,-121.612l774.479,-0l-0,-2797.58l-772.396,0l0,-668.904l-1823.83,0l-0,418.359l-121.488,-0l0,-539.988Zm121.488,1727.7l-0,1860.42l774.479,-0.001l94.529,121.613l-990.496,0l0,-1982.03l121.488,-0Z\" style=\"fill:#3de621;\"><\/path><rect x=\"0\" y=\"631.925\" width=\"2134.24\" height=\"1004.31\" style=\"fill:#3de621;\"><\/rect><path d=\"M1611.98,2728.74l510.808,-0.001l0,652.642l313.15,0l-568.883,729.284l-568.358,-729.284l313.283,0l0,-652.641Z\" style=\"fill:#3de621;\"><\/path><path d=\"M296.483,1427.88l0,-587.125l189.717,0c65.362,0 112.758,2.813 143.096,7.996c29.95,5.662 56.771,24.062 80.862,54.454c23.83,29.933 35.546,69.063 35.546,118.083c0,42.905 -8.725,78.492 -27.475,106.771c-19.141,29.221 -43.621,48.805 -73.566,60.588c-30.471,11.55 -80.6,17.433 -152.475,17.433l-77.084,0l0,221.8l-118.621,0Zm118.621,-488.154l0,166.654l64.584,0c52.345,0 89.583,-5.896 111.2,-17.446c21.875,-11.783 33.462,-33.45 33.462,-66.237c0,-31.342 -10.158,-53.271 -29.95,-64.792c-18.879,-12.512 -59.371,-18.179 -121.875,-18.179l-57.421,0Zm427.996,-98.971l216.663,0c61.07,0 110.291,7.996 148.179,24.492c38.412,16.979 68.883,49.037 92.191,96.175c23.304,48.083 34.892,107.017 34.892,178.421c0,192.1 -90.1,288.037 -268.879,288.037l-223.046,0l-0,-587.125Zm118.358,98.971l0,389.388l87.892,-0c61.067,-0 103.254,-13.175 127.212,-39.346c24.088,-26.171 35.68,-78.009 35.68,-155.092c-0,-58.229 -7.292,-100.417 -22.009,-128.7c-14.321,-28.529 -33.2,-45.962 -56.508,-53.971c-23.308,-8.033 -62.5,-12.279 -118.363,-12.279l-53.904,0Zm474.742,488.154l0,-587.125l401.558,0l0,98.971l-283.329,0l0,138.842l244.267,-0l-0,99.687l-244.267,0l0,249.625l-118.229,0Z\" style=\"fill:#fff;\"><\/path><\/svg>\t\t\t\t<\/a>\n\t\t\t<\/div>\n\t\t\t\n\t\t\t\t\t\t<div class=\"elementor-icon-box-content\">\n\n\t\t\t\t\t\t\t\t\t<h4 class=\"elementor-icon-box-title\">\n\t\t\t\t\t\t<a href=\"https:\/\/lit.lukasiewicz.gov.pl\/wp-content\/uploads\/sites\/39\/2025\/03\/Laboratoria-zdrowie.pdf\" >\n\t\t\t\t\t\t\tLaboratoria\t\t\t\t\t\t<\/a>\n\t\t\t\t\t<\/h4>\n\t\t\t\t\n\t\t\t\t\n\t\t\t<\/div>\n\t\t\t\n\t\t<\/div>\n\t\t\t\t\t\t<\/div>\n\t\t\t\t<\/div>\n\t\t\t\t<div class=\"elementor-element elementor-element-7c562fa9 elementor-widget elementor-widget-spacer\" data-id=\"7c562fa9\" data-element_type=\"widget\" data-e-type=\"widget\" data-widget_type=\"spacer.default\">\n\t\t\t\t<div class=\"elementor-widget-container\">\n\t\t\t\t\t\t\t<div class=\"elementor-spacer\">\n\t\t\t<div class=\"elementor-spacer-inner\"><\/div>\n\t\t<\/div>\n\t\t\t\t\t\t<\/div>\n\t\t\t\t<\/div>\n\t\t\t\t\t<\/div>\n\t\t<\/div>\n\t\t\t\t\t<\/div>\n\t\t<\/section>\n\t\t\t\t\t<\/div>\n\t\t<\/div>\n\t\t\t\t\t<\/div>\n\t\t<\/section>\n\t\t\t\t<\/div>\n\t\t","protected":false},"excerpt":{"rendered":"<p>Home page &gt; Page FILES TO DOWNLOAD DOC Health Catalog BCM Center flyer Center for Biomedical Engineering Flyer-Food Testing Offer Leaflet &#8211; Research in Microbiology and Biodegradation Laboratories<\/p>\n","protected":false},"author":205,"featured_media":0,"parent":64729,"menu_order":0,"comment_status":"closed","ping_status":"closed","template":"","meta":{"_acf_changed":false,"_seopress_robots_primary_cat":"","_seopress_titles_title":"","_seopress_titles_desc":"","_seopress_robots_index":"","inline_featured_image":false,"footnotes":""},"class_list":["post-65063","page","type-page","status-publish","hentry"],"acf":{"page_icon":null},"publishpress_future_action":{"enabled":false,"date":"2026-05-10 14:59:20","action":"change-status","newStatus":"draft","terms":[],"taxonomy":"translation_priority","extraData":[]},"publishpress_future_workflow_manual_trigger":{"enabledWorkflows":[]},"_links":{"self":[{"href":"https:\/\/lit.lukasiewicz.gov.pl\/en\/wp-json\/wp\/v2\/pages\/65063","targetHints":{"allow":["GET"]}}],"collection":[{"href":"https:\/\/lit.lukasiewicz.gov.pl\/en\/wp-json\/wp\/v2\/pages"}],"about":[{"href":"https:\/\/lit.lukasiewicz.gov.pl\/en\/wp-json\/wp\/v2\/types\/page"}],"author":[{"embeddable":true,"href":"https:\/\/lit.lukasiewicz.gov.pl\/en\/wp-json\/wp\/v2\/users\/205"}],"replies":[{"embeddable":true,"href":"https:\/\/lit.lukasiewicz.gov.pl\/en\/wp-json\/wp\/v2\/comments?post=65063"}],"version-history":[{"count":0,"href":"https:\/\/lit.lukasiewicz.gov.pl\/en\/wp-json\/wp\/v2\/pages\/65063\/revisions"}],"up":[{"embeddable":true,"href":"https:\/\/lit.lukasiewicz.gov.pl\/en\/wp-json\/wp\/v2\/pages\/64729"}],"wp:attachment":[{"href":"https:\/\/lit.lukasiewicz.gov.pl\/en\/wp-json\/wp\/v2\/media?parent=65063"}],"curies":[{"name":"wp","href":"https:\/\/api.w.org\/{rel}","templated":true}]}}